{"id":860,"date":"2023-09-26T16:23:44","date_gmt":"2023-09-26T19:23:44","guid":{"rendered":"https:\/\/sites.uel.br\/ccs\/?page_id=860"},"modified":"2023-09-27T08:13:58","modified_gmt":"2023-09-27T11:13:58","slug":"wifiuel-ccs","status":"publish","type":"page","link":"https:\/\/sites.uel.br\/ccs\/wifiuel-ccs\/","title":{"rendered":"Wifiuel CCS"},"content":{"rendered":"\n<p class=\"has-text-align-center\">             <strong>N\u00c3O EST\u00c1 CONSEGUINDO CONECTAR O Wifiuel no CCS ?<\/strong><\/p>\n\n\n\n<p><\/p>\n\n\n\n<p><strong>SIGA OS 5 PASSOS ABAIXO ANTES DE CONTACTAR O SUPORTE DO CCS<\/strong><\/p>\n\n\n\n<p><\/p>\n\n\n\n<p class=\"has-text-align-center\">                                   <em><strong>PASSO 1 \u2013 VERIFIQUE SE AS CONFIGURA\u00c7\u00d5ES PARA A REDE\u00a0Wifiuel\u00a0NO SEU DISPOSITIVO EST\u00c3O CORRETAS<\/strong><\/em><\/p>\n\n\n\n<p><\/p>\n\n\n\n<p class=\"has-text-align-center\"><strong>SMARTPHONE COM SISTEMA OPERACIONAL ANDROID: <\/strong><a href=\"https:\/\/sites.uel.br\/ati\/tutorial\/2021\/06\/10\/configuracao-da-rede-wifiuel-para-dispositivos-android\/\" target=\"_blank\" rel=\"noreferrer noopener\">https:\/\/sites.uel.br\/ati\/tutorial\/2021\/06\/10\/configuracao-da-rede-wifiuel-para-dispositivos-android\/<\/a><\/p>\n\n\n<div class=\"wp-block-image\">\n<figure class=\"aligncenter is-resized\"><img loading=\"lazy\" decoding=\"async\" src=\"https:\/\/sites.uel.br\/ccs\/wp-content\/uploads\/2023\/09\/image-12.png\" alt=\"\" class=\"wp-image-866\" style=\"width:247px;height:247px\" width=\"247\" height=\"247\" srcset=\"https:\/\/sites.uel.br\/ccs\/wp-content\/uploads\/2023\/09\/image-12.png 171w, https:\/\/sites.uel.br\/ccs\/wp-content\/uploads\/2023\/09\/image-12-150x150.png 150w\" sizes=\"auto, (max-width: 247px) 100vw, 247px\" \/><\/figure>\n<\/div>\n\n\n<p class=\"has-text-align-center\"><strong>Nota:&nbsp;Vers\u00f5es do Sistema Operacional&nbsp;Android&nbsp;abaixo de&nbsp;9.0, poder\u00e3o ter menor desempenho e mais falha na conex\u00e3o.<\/strong><\/p>\n\n\n\n<p><\/p>\n\n\n\n<p><\/p>\n\n\n\n<p class=\"has-text-align-center\"><strong>SMARTPHONE COM SISTEMA OPERACIONAL iOS &#8211; IPHONE:<\/strong>&nbsp; <a href=\"https:\/\/sites.uel.br\/ati\/tutorial\/2021\/06\/10\/configuracao-da-rede-wifiuel-para-ios-iphone\/\" target=\"_blank\" rel=\"noreferrer noopener\">https:\/\/sites.uel.br\/ati\/tutorial\/2021\/06\/10\/configuracao-da-rede-wifiuel-para-ios-iphone\/<\/a><\/p>\n\n\n<div class=\"wp-block-image\">\n<figure class=\"aligncenter size-full is-resized\"><img loading=\"lazy\" decoding=\"async\" src=\"https:\/\/sites.uel.br\/ccs\/wp-content\/uploads\/2023\/09\/image-13.png\" alt=\"\" class=\"wp-image-867\" style=\"width:237px;height:237px\" width=\"237\" height=\"237\" srcset=\"https:\/\/sites.uel.br\/ccs\/wp-content\/uploads\/2023\/09\/image-13.png 173w, https:\/\/sites.uel.br\/ccs\/wp-content\/uploads\/2023\/09\/image-13-150x150.png 150w\" sizes=\"auto, (max-width: 237px) 100vw, 237px\" \/><\/figure>\n<\/div>\n\n\n<p><\/p>\n\n\n\n<p><\/p>\n\n\n\n<p class=\"has-text-align-center\"><strong>NOTEBOOK COM SISTEMA OPERACIONAL WINDOWS:&nbsp; <\/strong><a rel=\"noreferrer noopener\" href=\"https:\/\/sites.uel.br\/ati\/tutorial\/2021\/06\/10\/configuracao-da-rede-wifiuel\/\" target=\"_blank\">https:\/\/sites.uel.br\/ati\/tutorial\/2021\/06\/10\/configuracao-da-rede-wifiuel\/<\/a><\/p>\n\n\n<div class=\"wp-block-image\">\n<figure class=\"aligncenter size-full is-resized\"><img loading=\"lazy\" decoding=\"async\" src=\"https:\/\/sites.uel.br\/ccs\/wp-content\/uploads\/2023\/09\/image-14.png\" alt=\"\" class=\"wp-image-868\" style=\"width:233px;height:233px\" width=\"233\" height=\"233\" srcset=\"https:\/\/sites.uel.br\/ccs\/wp-content\/uploads\/2023\/09\/image-14.png 163w, https:\/\/sites.uel.br\/ccs\/wp-content\/uploads\/2023\/09\/image-14-150x150.png 150w\" sizes=\"auto, (max-width: 233px) 100vw, 233px\" \/><\/figure>\n<\/div>\n\n\n<p><\/p>\n\n\n\n<p><\/p>\n\n\n\n<p class=\"has-text-align-center\">                              <strong><em>PASSO 2 &#8211; DESATIVAR \/ATIVAR A REDE WIFI DO SEU DISPOSITIVO<\/em><\/strong><\/p>\n\n\n\n<p class=\"has-text-align-center\"><strong>DESATIVE O WIFI DO  DISPOSITIVO, AGUARDE  15 SEGUNDOS E ATIVE NOVAMENTE.<\/strong><\/p>\n\n\n\n<p><\/p>\n\n\n\n<p><\/p>\n\n\n\n<p class=\"has-text-align-center\"><strong><em>PASSO 3 &#8211; DESLIGUE E LIGUE O SEU DISPOSITIVO<\/em><\/strong><\/p>\n\n\n\n<p><\/p>\n\n\n\n<p><\/p>\n\n\n\n<p class=\"has-text-align-center\">                                 <strong><em>PASSO 4 \u2013 NAS CONFIGURA\u00c7\u00d5ES DO SEU DISPOSITIVO ESQUECER ESTA REDE<\/em><\/strong><\/p>\n\n\n\n<p class=\"has-text-align-center\"><strong>LOCALIZE A REDE wifiuel E PE\u00c7A PARA ESQUECER ESTA REDE. AGUARDE ALGUNS SEGUNDOS E TENTE CONECTAR NOVAMENTE COM SEU LOGIN E SENHA.<\/strong><\/p>\n\n\n\n<p class=\"has-text-align-center\"><strong>ATEN\u00c7\u00c3O!<\/strong> Caso neste processo a configura\u00e7\u00e3o de rede  <strong>Wifiuel <\/strong>no seu dispositivo for perdida, execute o <strong>\u201cPASSO 1\u201d<\/strong><\/p>\n\n\n\n<p><\/p>\n\n\n\n<p><\/p>\n\n\n\n<p class=\"has-text-align-center\">          <strong><em>PASSO 5- ALTERE A SENHA DE CONEX\u00c3O \u00c0 REDE Wifiuel<\/em><\/strong><\/p>\n\n\n\n<p><strong>A SENHA DEVE APRESENTAR AS SEGUINTES CARACTER\u00cdSTICAS:<\/strong><\/p>\n\n\n\n<p><strong>1.<\/strong> Possuir entre 8 e 12 caracteres alfanum\u00e9ricos (letras ou n\u00fameros)<\/p>\n\n\n\n<p><strong>2.<\/strong> N\u00e3o s\u00e3o permitidos caracteres especiais, acentos, trema, cedilha etc.<\/p>\n\n\n\n<p><strong>3.<\/strong> Precisa ter ao menos 1 letra mai\u00fascula, 1 letra min\u00fascula e 1 n\u00famero<\/p>\n\n\n\n<p><strong>4.<\/strong> Digite a nova senha e clique no bot\u00e3o verde \u201cSalvar\u201d<\/p>\n\n\n\n<p><strong>5.<\/strong> Aguarde 10 minutos para tentar logar na rede <strong>Wifiuel<\/strong><\/p>\n\n\n\n<p><strong>OBS<\/strong>:&nbsp; Lembre-se que o seu login da rede <strong>Wifiuel<\/strong> \u00e9 o in\u00edcio do endere\u00e7o de e-mail institucional (UEL). Ex: fulano@uel.br&nbsp; &#8211; Login: <strong>Fulano<\/strong><\/p>\n\n\n<div class=\"wp-block-image\">\n<figure class=\"aligncenter size-full is-resized\"><img loading=\"lazy\" decoding=\"async\" src=\"https:\/\/sites.uel.br\/ccs\/wp-content\/uploads\/2023\/09\/image-15.png\" alt=\"\" class=\"wp-image-869\" style=\"width:240px;height:240px\" width=\"240\" height=\"240\" srcset=\"https:\/\/sites.uel.br\/ccs\/wp-content\/uploads\/2023\/09\/image-15.png 162w, https:\/\/sites.uel.br\/ccs\/wp-content\/uploads\/2023\/09\/image-15-150x150.png 150w\" sizes=\"auto, (max-width: 240px) 100vw, 240px\" \/><\/figure>\n<\/div>\n\n\n<p class=\"has-text-align-center\"><a href=\"https:\/\/sites.uel.br\/ati\/tutorial\/2021\/07\/21\/alteracao-da-senha-de-alunos\/\">https:\/\/sites.uel.br\/ati\/tutorial\/2021\/07\/21\/alteracao-da-senha-de-alunos\/<\/a><\/p>\n\n\n\n<p><\/p>\n\n\n\n<p><\/p>\n\n\n\n<p class=\"has-text-align-center\">SE OS PASSOS ANTERIORES <strong><em>N\u00c3O<\/em><\/strong> FUNCIONAREM, FAVOR ENTRAR EM COM O <strong>SETOR DE<\/strong> <strong>SUPORTE DE TI DO CCS<\/strong> PELOS SEGUINTES CANAIS DE ATENDIMENTO:<\/p>\n\n\n\n<p>1. E-mail: <a href=\"mailto:ccs-informatica@uel.br\">ccs-informatica@uel.br<\/a><\/p>\n\n\n\n<p>2. Chat Institucional: <a href=\"mailto:ccs-informatica@uel.br\">ccs-informatica@uel.br<\/a><\/p>\n\n\n\n<p>3. Contato: 3371-2478 \/ 3371-2448<\/p>\n","protected":false},"excerpt":{"rendered":"<p>N\u00c3O EST\u00c1 CONSEGUINDO CONECTAR O Wifiuel no CCS ? SIGA OS 5 PASSOS ABAIXO ANTES DE CONTACTAR O SUPORTE DO CCS PASSO 1 \u2013 VERIFIQUE SE AS CONFIGURA\u00c7\u00d5ES PARA A REDE\u00a0Wifiuel\u00a0NO SEU DISPOSITIVO EST\u00c3O CORRETAS SMARTPHONE COM SISTEMA OPERACIONAL ANDROID: https:\/\/sites.uel.br\/ati\/tutorial\/2021\/06\/10\/configuracao-da-rede-wifiuel-para-dispositivos-android\/ Nota:&nbsp;Vers\u00f5es do Sistema Operacional&nbsp;Android&nbsp;abaixo de&nbsp;9.0, poder\u00e3o ter menor desempenho e mais falha na conex\u00e3o. [&hellip;]<\/p>\n","protected":false},"author":15,"featured_media":0,"parent":0,"menu_order":0,"comment_status":"closed","ping_status":"closed","template":"","meta":{"_acf_changed":false,"footnotes":""},"class_list":["post-860","page","type-page","status-publish","hentry"],"acf":[],"_links":{"self":[{"href":"https:\/\/sites.uel.br\/ccs\/wp-json\/wp\/v2\/pages\/860","targetHints":{"allow":["GET"]}}],"collection":[{"href":"https:\/\/sites.uel.br\/ccs\/wp-json\/wp\/v2\/pages"}],"about":[{"href":"https:\/\/sites.uel.br\/ccs\/wp-json\/wp\/v2\/types\/page"}],"author":[{"embeddable":true,"href":"https:\/\/sites.uel.br\/ccs\/wp-json\/wp\/v2\/users\/15"}],"replies":[{"embeddable":true,"href":"https:\/\/sites.uel.br\/ccs\/wp-json\/wp\/v2\/comments?post=860"}],"version-history":[{"count":9,"href":"https:\/\/sites.uel.br\/ccs\/wp-json\/wp\/v2\/pages\/860\/revisions"}],"predecessor-version":[{"id":881,"href":"https:\/\/sites.uel.br\/ccs\/wp-json\/wp\/v2\/pages\/860\/revisions\/881"}],"wp:attachment":[{"href":"https:\/\/sites.uel.br\/ccs\/wp-json\/wp\/v2\/media?parent=860"}],"curies":[{"name":"wp","href":"https:\/\/api.w.org\/{rel}","templated":true}]}}