{"id":817,"date":"2023-09-21T11:41:51","date_gmt":"2023-09-21T14:41:51","guid":{"rendered":"https:\/\/sites.uel.br\/ccs\/?page_id=817"},"modified":"2023-09-25T15:50:38","modified_gmt":"2023-09-25T18:50:38","slug":"formulario","status":"publish","type":"page","link":"https:\/\/sites.uel.br\/ccs\/formulario\/","title":{"rendered":"CEPPOS"},"content":{"rendered":"\n<p><strong>CENTRO DE PESQUISA E P\u00d3S GRADUA\u00c7\u00c3O<\/strong><\/p>\n\n\n\n<p><strong><a href=\"https:\/\/sites.uel.br\/ccs\/wp-content\/uploads\/2023\/09\/FORMULARIO-DE-CADASTRO-DE-PROFESSOR-CONVIDADO-1.docx\" data-type=\"link\" data-id=\"https:\/\/sites.uel.br\/ccs\/wp-content\/uploads\/2023\/09\/FORMULARIO-DE-CADASTRO-DE-PROFESSOR-CONVIDADO-1.docx\">FORMUL\u00c1RIO DE CADASTRO DE PROFESSOR CONVIDADO<\/a><\/strong><\/p>\n\n\n\n<p><strong><a href=\"https:\/\/docs.google.com\/forms\/d\/1-DgpIC-yi7hIVht5tKLCEoTdip-srYCq3VqnLi1zBUQ\/edit\" data-type=\"link\" data-id=\"https:\/\/docs.google.com\/forms\/d\/1-DgpIC-yi7hIVht5tKLCEoTdip-srYCq3VqnLi1zBUQ\/edit\" target=\"_blank\" rel=\"noreferrer noopener\">SOLICITA\u00c7\u00c3O DE EXAME DE QUALIFICA\u00c7\u00c3O\/DEFESA\u00a0 &#8211;\u00a0 CCS-UEL<\/a><\/strong><\/p>\n\n\n\n<p><\/p>\n\n\n<div class=\"wp-block-image\">\n<figure class=\"aligncenter size-full is-resized\"><img loading=\"lazy\" decoding=\"async\" src=\"https:\/\/sites.uel.br\/ccs\/wp-content\/uploads\/2023\/09\/Screenshot_20230925_152804_Drive.jpg\" alt=\"\" class=\"wp-image-843\" style=\"width:322px;height:319px\" width=\"322\" height=\"319\" srcset=\"https:\/\/sites.uel.br\/ccs\/wp-content\/uploads\/2023\/09\/Screenshot_20230925_152804_Drive.jpg 922w, https:\/\/sites.uel.br\/ccs\/wp-content\/uploads\/2023\/09\/Screenshot_20230925_152804_Drive-300x297.jpg 300w, https:\/\/sites.uel.br\/ccs\/wp-content\/uploads\/2023\/09\/Screenshot_20230925_152804_Drive-150x150.jpg 150w, https:\/\/sites.uel.br\/ccs\/wp-content\/uploads\/2023\/09\/Screenshot_20230925_152804_Drive-768x761.jpg 768w\" sizes=\"auto, (max-width: 322px) 100vw, 322px\" \/><\/figure>\n<\/div>","protected":false},"excerpt":{"rendered":"<p>CENTRO DE PESQUISA E P\u00d3S GRADUA\u00c7\u00c3O FORMUL\u00c1RIO DE CADASTRO DE PROFESSOR CONVIDADO SOLICITA\u00c7\u00c3O DE EXAME DE QUALIFICA\u00c7\u00c3O\/DEFESA\u00a0 &#8211;\u00a0 CCS-UEL<\/p>\n","protected":false},"author":15,"featured_media":0,"parent":0,"menu_order":0,"comment_status":"closed","ping_status":"closed","template":"","meta":{"_acf_changed":false,"footnotes":""},"class_list":["post-817","page","type-page","status-publish","hentry"],"acf":[],"_links":{"self":[{"href":"https:\/\/sites.uel.br\/ccs\/wp-json\/wp\/v2\/pages\/817","targetHints":{"allow":["GET"]}}],"collection":[{"href":"https:\/\/sites.uel.br\/ccs\/wp-json\/wp\/v2\/pages"}],"about":[{"href":"https:\/\/sites.uel.br\/ccs\/wp-json\/wp\/v2\/types\/page"}],"author":[{"embeddable":true,"href":"https:\/\/sites.uel.br\/ccs\/wp-json\/wp\/v2\/users\/15"}],"replies":[{"embeddable":true,"href":"https:\/\/sites.uel.br\/ccs\/wp-json\/wp\/v2\/comments?post=817"}],"version-history":[{"count":17,"href":"https:\/\/sites.uel.br\/ccs\/wp-json\/wp\/v2\/pages\/817\/revisions"}],"predecessor-version":[{"id":851,"href":"https:\/\/sites.uel.br\/ccs\/wp-json\/wp\/v2\/pages\/817\/revisions\/851"}],"wp:attachment":[{"href":"https:\/\/sites.uel.br\/ccs\/wp-json\/wp\/v2\/media?parent=817"}],"curies":[{"name":"wp","href":"https:\/\/api.w.org\/{rel}","templated":true}]}}