{"id":717,"date":"2023-06-06T15:46:20","date_gmt":"2023-06-06T18:46:20","guid":{"rendered":"https:\/\/sites.uel.br\/ccs\/?page_id=717"},"modified":"2024-01-30T08:21:48","modified_gmt":"2024-01-30T11:21:48","slug":"horario-de-funcionamento","status":"publish","type":"page","link":"https:\/\/sites.uel.br\/ccs\/horario-de-funcionamento\/","title":{"rendered":"Hor\u00e1rio de Funcionamento"},"content":{"rendered":"\n<p><strong><u>ATIVIDADES&nbsp; DE ENSINO PESQUISA E EXTENS\u00c3O NO CSS:<\/u><\/strong><\/p>\n\n\n\n<p><em>Segunda\u00a0\u00e0 sexta:\u00a007h\u00a0\u00e0s\u00a023h.<\/em><\/p>\n\n\n\n<p><em>S\u00e1bado:\u00a008h\u00a0\u00e0s18h.<\/em><\/p>\n\n\n\n<p><\/p>\n\n\n\n<p><strong><u>ATENDIMENTO&nbsp;AO&nbsp;P\u00daBLICO:<\/u><\/strong><\/p>\n\n\n\n<p><strong>Secretaria&nbsp;Geral do CCS<\/strong><\/p>\n\n\n\n<p><em>Segunda&nbsp;\u00e0 sexta:&nbsp;8h&nbsp;\u00e0s&nbsp;12h&nbsp;e das&nbsp;14h&nbsp;\u00e0s&nbsp;17h.<\/em><\/p>\n\n\n\n<p><strong>Secretarias&nbsp;dos&nbsp;Departamentos&nbsp;do CCS<\/strong><\/p>\n\n\n\n<p><em>Segunda&nbsp;\u00e0 sexta:&nbsp;8h&nbsp;\u00e0s&nbsp;12h&nbsp;e&nbsp;das 14h&nbsp;\u00e0s&nbsp;17h.<\/em><\/p>\n\n\n\n<p><strong>Secretaria&nbsp;dos&nbsp;Departamentos&nbsp;de&nbsp;Odontologia&nbsp;na&nbsp;Cl\u00ednica Odontol\u00f3gica Universit\u00e1ria<\/strong> <strong>(COU):<\/strong><\/p>\n\n\n\n<p><em>Segunda&nbsp;\u00e0 sexta:&nbsp;8h&nbsp;\u00e0s&nbsp;12h&nbsp;e&nbsp;das&nbsp;13h30 min&nbsp;\u00e0s&nbsp;&nbsp;17h.<\/em><\/p>\n\n\n\n<p><\/p>\n\n\n\n<p><strong>Central de Salas&nbsp;de Aulas<\/strong><\/p>\n\n\n\n<p><em>Segunda&nbsp;\u00e0 sexta:&nbsp;7h30&nbsp;\u00e0s&nbsp;12hs e&nbsp;das&nbsp;&nbsp;13:30h&nbsp;&nbsp;\u00e0s&nbsp;17h.<\/em><\/p>\n\n\n\n<p><\/p>\n\n\n\n<p>&nbsp;<strong><u>LABORAT\u00d3RIOS&nbsp;DE&nbsp;ENSINO:<\/u><\/strong><\/p>\n\n\n\n<p><strong>Laborat\u00f3rio&nbsp;de&nbsp;T\u00e9cnicas&nbsp;Cir\u00fargicas<\/strong><\/p>\n\n\n\n<p><em>Segunda&nbsp;\u00e0 sexta:&nbsp;8h&nbsp;\u00e0s&nbsp;12hs&nbsp;e&nbsp;das 13h&nbsp;\u00e0s&nbsp;17h.<\/em><\/p>\n\n\n\n<p><strong>LITE&nbsp;&#8211;&nbsp;Laborat\u00f3rio&nbsp;interdisciplinar&nbsp;de&nbsp;T\u00e9cnicas&nbsp;de&nbsp;Enfermagem<\/strong><\/p>\n\n\n\n<p><em>Segunda&nbsp;\u00e0 sexta:&nbsp;8h&nbsp;\u00e0s&nbsp;12hs&nbsp;e&nbsp;das&nbsp;13h&nbsp;\u00e0s&nbsp;17h.<\/em><\/p>\n\n\n\n<p><strong>Laborat\u00f3rios&nbsp;de&nbsp;Ci\u00eancias&nbsp;Farmac\u00eauticas 1&nbsp;,2, e&nbsp;3<\/strong><\/p>\n\n\n\n<p><em>Segunda&nbsp;\u00e0 sexta:&nbsp;8h \u00e0s&nbsp;12h&nbsp;e das&nbsp;13h \u00e0s 17h.<\/em><\/p>\n\n\n\n<p><strong>Laborat\u00f3rios de Ensino de Fisioterapia 1, 2 e 3<\/strong><\/p>\n\n\n\n<p><em>Segunda&nbsp;\u00e0 sexta:&nbsp;8h \u00e0s 18h30min.<\/em><\/p>\n","protected":false},"excerpt":{"rendered":"<p>ATIVIDADES&nbsp; DE ENSINO PESQUISA E EXTENS\u00c3O NO CSS: Segunda\u00a0\u00e0 sexta:\u00a007h\u00a0\u00e0s\u00a023h. S\u00e1bado:\u00a008h\u00a0\u00e0s18h. ATENDIMENTO&nbsp;AO&nbsp;P\u00daBLICO: Secretaria&nbsp;Geral do CCS Segunda&nbsp;\u00e0 sexta:&nbsp;8h&nbsp;\u00e0s&nbsp;12h&nbsp;e das&nbsp;14h&nbsp;\u00e0s&nbsp;17h. Secretarias&nbsp;dos&nbsp;Departamentos&nbsp;do CCS Segunda&nbsp;\u00e0 sexta:&nbsp;8h&nbsp;\u00e0s&nbsp;12h&nbsp;e&nbsp;das 14h&nbsp;\u00e0s&nbsp;17h. Secretaria&nbsp;dos&nbsp;Departamentos&nbsp;de&nbsp;Odontologia&nbsp;na&nbsp;Cl\u00ednica Odontol\u00f3gica Universit\u00e1ria (COU): Segunda&nbsp;\u00e0 sexta:&nbsp;8h&nbsp;\u00e0s&nbsp;12h&nbsp;e&nbsp;das&nbsp;13h30 min&nbsp;\u00e0s&nbsp;&nbsp;17h. Central de Salas&nbsp;de Aulas Segunda&nbsp;\u00e0 sexta:&nbsp;7h30&nbsp;\u00e0s&nbsp;12hs e&nbsp;das&nbsp;&nbsp;13:30h&nbsp;&nbsp;\u00e0s&nbsp;17h. &nbsp;LABORAT\u00d3RIOS&nbsp;DE&nbsp;ENSINO: Laborat\u00f3rio&nbsp;de&nbsp;T\u00e9cnicas&nbsp;Cir\u00fargicas Segunda&nbsp;\u00e0 sexta:&nbsp;8h&nbsp;\u00e0s&nbsp;12hs&nbsp;e&nbsp;das 13h&nbsp;\u00e0s&nbsp;17h. LITE&nbsp;&#8211;&nbsp;Laborat\u00f3rio&nbsp;interdisciplinar&nbsp;de&nbsp;T\u00e9cnicas&nbsp;de&nbsp;Enfermagem Segunda&nbsp;\u00e0 sexta:&nbsp;8h&nbsp;\u00e0s&nbsp;12hs&nbsp;e&nbsp;das&nbsp;13h&nbsp;\u00e0s&nbsp;17h. Laborat\u00f3rios&nbsp;de&nbsp;Ci\u00eancias&nbsp;Farmac\u00eauticas 1&nbsp;,2, e&nbsp;3 Segunda&nbsp;\u00e0 sexta:&nbsp;8h \u00e0s&nbsp;12h&nbsp;e das&nbsp;13h \u00e0s 17h. Laborat\u00f3rios [&hellip;]<\/p>\n","protected":false},"author":15,"featured_media":0,"parent":0,"menu_order":0,"comment_status":"closed","ping_status":"closed","template":"","meta":{"_acf_changed":false,"footnotes":""},"class_list":["post-717","page","type-page","status-publish","hentry"],"acf":[],"_links":{"self":[{"href":"https:\/\/sites.uel.br\/ccs\/wp-json\/wp\/v2\/pages\/717","targetHints":{"allow":["GET"]}}],"collection":[{"href":"https:\/\/sites.uel.br\/ccs\/wp-json\/wp\/v2\/pages"}],"about":[{"href":"https:\/\/sites.uel.br\/ccs\/wp-json\/wp\/v2\/types\/page"}],"author":[{"embeddable":true,"href":"https:\/\/sites.uel.br\/ccs\/wp-json\/wp\/v2\/users\/15"}],"replies":[{"embeddable":true,"href":"https:\/\/sites.uel.br\/ccs\/wp-json\/wp\/v2\/comments?post=717"}],"version-history":[{"count":3,"href":"https:\/\/sites.uel.br\/ccs\/wp-json\/wp\/v2\/pages\/717\/revisions"}],"predecessor-version":[{"id":1108,"href":"https:\/\/sites.uel.br\/ccs\/wp-json\/wp\/v2\/pages\/717\/revisions\/1108"}],"wp:attachment":[{"href":"https:\/\/sites.uel.br\/ccs\/wp-json\/wp\/v2\/media?parent=717"}],"curies":[{"name":"wp","href":"https:\/\/api.w.org\/{rel}","templated":true}]}}