{"id":69,"date":"2021-03-29T18:45:36","date_gmt":"2021-03-29T21:45:36","guid":{"rendered":"https:\/\/sites.uel.br\/ccs\/?page_id=69"},"modified":"2024-06-21T09:27:56","modified_gmt":"2024-06-21T12:27:56","slug":"stricto-sensu","status":"publish","type":"page","link":"https:\/\/sites.uel.br\/ccs\/stricto-sensu\/","title":{"rendered":"Stricto Sensu"},"content":{"rendered":"\n<p><\/p>\n\n\n\n<p><\/p>\n\n\n\n<p><\/p>\n\n\n\n<p><strong>Mestrado e Doutorado<\/strong><\/p>\n\n\n\n<p><a href=\"https:\/\/pgsscogna.com.br\/ciencias-da-reabilitacao\/\" target=\"_blank\" rel=\"noreferrer noopener\">Programa de P\u00f3s \u2013 Gradua\u00e7\u00e3o em Ci\u00eancias da Reabilita\u00e7\u00e3o<\/a>&nbsp;<\/p>\n\n\n\n<p><a href=\"https:\/\/pos.uel.br\/cienciasdasaude\/\" target=\"_blank\" rel=\"noreferrer noopener\">Programa de P\u00f3s \u2013 Gradua\u00e7\u00e3o em Ci\u00eancias da Sa\u00fade&nbsp;<\/a>&nbsp;<\/p>\n\n\n\n<p><a href=\"http:\/\/www.uel.br\/pos\/ppgcfuel\/\" target=\"_blank\" rel=\"noreferrer noopener\">Programa de P\u00f3s \u2013 Gradua\u00e7\u00e3o em Ci\u00eancias Farmac\u00eauticas<\/a><a href=\"https:\/\/pos.uel.br\/cienciasdasaude\/\" target=\"_blank\" rel=\"noreferrer noopener\">&nbsp;<\/a><\/p>\n\n\n\n<p><a href=\"https:\/\/pos.uel.br\/ppenf\/\" target=\"_blank\" rel=\"noreferrer noopener\">Programa de P\u00f3s \u2013 Gradua\u00e7\u00e3o em Enfermagem<\/a><\/p>\n\n\n\n<p><a href=\"http:\/\/www.uel.br\/pos\/fisiopatologiaclinica\/\" target=\"_blank\" rel=\"noreferrer noopener\">Programa de P\u00f3s \u2013 Gradua\u00e7\u00e3o em Fisiopatologia Cl\u00ednica e Laboratorial<\/a><a href=\"https:\/\/pos.uel.br\/cienciasdasaude\/\" target=\"_blank\" rel=\"noreferrer noopener\">&nbsp;<\/a><\/p>\n\n\n\n<p><a href=\"http:\/\/www.uel.br\/pos\/saudecoletiva\/portal\/\" target=\"_blank\" rel=\"noreferrer noopener\">Programa de P\u00f3s \u2013 Gradua\u00e7\u00e3o em Sa\u00fade Coletiva<\/a><\/p>\n\n\n\n<h3 class=\"wp-block-heading\"><\/h3>\n\n\n\n<p><\/p>\n\n\n\n<p><\/p>\n\n\n\n<p><a href=\"http:\/\/www.uel.br\/pos\/ppgcfuel\/\" target=\"_blank\" rel=\"noreferrer noopener\"><\/a><\/p>\n\n\n\n<p><\/p>\n\n\n\n<h3 class=\"wp-block-heading\"><\/h3>\n\n\n\n<p><\/p>\n","protected":false},"excerpt":{"rendered":"<p>Mestrado e Doutorado Programa de P\u00f3s \u2013 Gradua\u00e7\u00e3o em Ci\u00eancias da Reabilita\u00e7\u00e3o&nbsp; Programa de P\u00f3s \u2013 Gradua\u00e7\u00e3o em Ci\u00eancias da Sa\u00fade&nbsp;&nbsp; Programa de P\u00f3s \u2013 Gradua\u00e7\u00e3o em Ci\u00eancias Farmac\u00eauticas&nbsp; Programa de P\u00f3s \u2013 Gradua\u00e7\u00e3o em Enfermagem Programa de P\u00f3s \u2013 Gradua\u00e7\u00e3o em Fisiopatologia Cl\u00ednica e Laboratorial&nbsp; Programa de P\u00f3s \u2013 Gradua\u00e7\u00e3o em Sa\u00fade Coletiva<\/p>\n","protected":false},"author":7,"featured_media":0,"parent":0,"menu_order":0,"comment_status":"closed","ping_status":"closed","template":"","meta":{"_acf_changed":false,"footnotes":""},"class_list":["post-69","page","type-page","status-publish","hentry"],"acf":[],"_links":{"self":[{"href":"https:\/\/sites.uel.br\/ccs\/wp-json\/wp\/v2\/pages\/69","targetHints":{"allow":["GET"]}}],"collection":[{"href":"https:\/\/sites.uel.br\/ccs\/wp-json\/wp\/v2\/pages"}],"about":[{"href":"https:\/\/sites.uel.br\/ccs\/wp-json\/wp\/v2\/types\/page"}],"author":[{"embeddable":true,"href":"https:\/\/sites.uel.br\/ccs\/wp-json\/wp\/v2\/users\/7"}],"replies":[{"embeddable":true,"href":"https:\/\/sites.uel.br\/ccs\/wp-json\/wp\/v2\/comments?post=69"}],"version-history":[{"count":35,"href":"https:\/\/sites.uel.br\/ccs\/wp-json\/wp\/v2\/pages\/69\/revisions"}],"predecessor-version":[{"id":1807,"href":"https:\/\/sites.uel.br\/ccs\/wp-json\/wp\/v2\/pages\/69\/revisions\/1807"}],"wp:attachment":[{"href":"https:\/\/sites.uel.br\/ccs\/wp-json\/wp\/v2\/media?parent=69"}],"curies":[{"name":"wp","href":"https:\/\/api.w.org\/{rel}","templated":true}]}}