{"id":594,"date":"2023-04-14T15:05:28","date_gmt":"2023-04-14T18:05:28","guid":{"rendered":"https:\/\/sites.uel.br\/ccs\/?page_id=594"},"modified":"2023-04-14T16:32:47","modified_gmt":"2023-04-14T19:32:47","slug":"padd","status":"publish","type":"page","link":"https:\/\/sites.uel.br\/ccs\/padd\/","title":{"rendered":"PADD"},"content":{"rendered":"\n<figure class=\"wp-block-image size-full is-resized\"><img loading=\"lazy\" decoding=\"async\" src=\"https:\/\/sites.uel.br\/ccs\/wp-content\/uploads\/2023\/04\/paddk.bmp\" alt=\"\" class=\"wp-image-612\" width=\"900\" height=\"727\" srcset=\"https:\/\/sites.uel.br\/ccs\/wp-content\/uploads\/2023\/04\/paddk.bmp 864w, https:\/\/sites.uel.br\/ccs\/wp-content\/uploads\/2023\/04\/paddk-300x243.jpg 300w, https:\/\/sites.uel.br\/ccs\/wp-content\/uploads\/2023\/04\/paddk-768x621.jpg 768w\" sizes=\"auto, (max-width: 900px) 100vw, 900px\" \/><\/figure>\n\n\n\n<figure class=\"wp-block-image size-full is-resized\"><img loading=\"lazy\" decoding=\"async\" src=\"https:\/\/sites.uel.br\/ccs\/wp-content\/uploads\/2023\/04\/paddd.bmp\" alt=\"\" class=\"wp-image-613\" width=\"967\" height=\"605\" srcset=\"https:\/\/sites.uel.br\/ccs\/wp-content\/uploads\/2023\/04\/paddd.bmp 864w, https:\/\/sites.uel.br\/ccs\/wp-content\/uploads\/2023\/04\/paddd-300x188.jpg 300w, https:\/\/sites.uel.br\/ccs\/wp-content\/uploads\/2023\/04\/paddd-768x480.jpg 768w\" sizes=\"auto, (max-width: 967px) 100vw, 967px\" \/><\/figure>\n\n\n\n<p><strong>CONTATOS<\/strong>:<\/p>\n\n\n\n<p><strong>Prof. Ademar Takahama &#8211; Odontologia: (43) 98824-3000<\/strong><\/p>\n\n\n\n<p><strong>Prof. Adriana Louren\u00e7o Soares &#8211; Farm\u00e1cia: (43) 99951-9152<\/strong><\/p>\n\n\n\n<p><strong>Prof. Adriano L. da Costa Farinasso &#8211; Enfermagem: (43) 99973-4550<\/strong><\/p>\n\n\n\n<p><strong>Prof. Carlos Okamural &#8211; Dep. Sa\u00fade Coletiva: (43) 99810-1095<\/strong><\/p>\n\n\n\n<p><strong>Prof. Celita Trelha &#8211; Fisioterapia: (43) 99102-7085<\/strong><\/p>\n\n\n\n<p><strong>Prof. Christiane S. G. Macedo &#8211; Fisioterapia: (43) 991015123<\/strong><\/p>\n\n\n\n<p><strong>Prof. Cl\u00edsia Mara Carreira &#8211; Nutri\u00e7\u00e3o: (43) 99650-7272<\/strong><\/p>\n\n\n\n<p><strong>Prof. Daniela B. M. Lopes &#8211; Enfermagem: (43) 99977-4023<\/strong><\/p>\n\n\n\n<p><strong>Prof. Danielle Venturini &#8211; Farm\u00e1cia: (43) 99994-6883<\/strong><\/p>\n\n\n\n<p><strong>Prof. David R. do Carmo &#8211; Enfermagem: (43) 99168-6510<\/strong><\/p>\n\n\n\n<p><strong>Prof. Eleine Martins &#8211; Enfermagem: (43) 99996-1567<\/strong><\/p>\n\n\n\n<p><strong>Prof. Ester M. O. D. Costa-Dep. Sa\u00fade Coletiva: (43) 98492-5621<\/strong><\/p>\n\n\n\n<p><strong>Prof. Fernanda Machado &#8211; Enfermagem: (43) 9900-1504<\/strong><\/p>\n\n\n\n<p><strong>Prof. Fernanda Melo &#8211; Fisioterapia: (43) 99983-0488<\/strong><\/p>\n\n\n\n<p><strong>Prof. Fl\u00e1via Troncon Rosa &#8211; Nutri\u00e7\u00e3o: (43) 99171-6013<\/strong><\/p>\n\n\n\n<p><strong>Prof. Ligia M. Facci Carvalho &#8211; Fisioterapia: (43) 99644-4443<\/strong><\/p>\n\n\n\n<p><strong>Prof. Marselle N. de Carvalho &#8211; Dep. Sa\u00fade Coletiva: (43) 98840-1991<\/strong><\/p>\n\n\n\n<p><strong>Prof. Regina C. B. Rezende Machado &#8211; Enfermagem: (43) 99907-7462<\/strong><\/p>\n","protected":false},"excerpt":{"rendered":"<p>CONTATOS: Prof. Ademar Takahama &#8211; Odontologia: (43) 98824-3000 Prof. Adriana Louren\u00e7o Soares &#8211; Farm\u00e1cia: (43) 99951-9152 Prof. Adriano L. da Costa Farinasso &#8211; Enfermagem: (43) 99973-4550 Prof. Carlos Okamural &#8211; Dep. Sa\u00fade Coletiva: (43) 99810-1095 Prof. Celita Trelha &#8211; Fisioterapia: (43) 99102-7085 Prof. Christiane S. G. Macedo &#8211; Fisioterapia: (43) 991015123 Prof. Cl\u00edsia Mara Carreira [&hellip;]<\/p>\n","protected":false},"author":15,"featured_media":0,"parent":0,"menu_order":0,"comment_status":"closed","ping_status":"closed","template":"","meta":{"_acf_changed":false,"footnotes":""},"class_list":["post-594","page","type-page","status-publish","hentry"],"acf":[],"_links":{"self":[{"href":"https:\/\/sites.uel.br\/ccs\/wp-json\/wp\/v2\/pages\/594","targetHints":{"allow":["GET"]}}],"collection":[{"href":"https:\/\/sites.uel.br\/ccs\/wp-json\/wp\/v2\/pages"}],"about":[{"href":"https:\/\/sites.uel.br\/ccs\/wp-json\/wp\/v2\/types\/page"}],"author":[{"embeddable":true,"href":"https:\/\/sites.uel.br\/ccs\/wp-json\/wp\/v2\/users\/15"}],"replies":[{"embeddable":true,"href":"https:\/\/sites.uel.br\/ccs\/wp-json\/wp\/v2\/comments?post=594"}],"version-history":[{"count":6,"href":"https:\/\/sites.uel.br\/ccs\/wp-json\/wp\/v2\/pages\/594\/revisions"}],"predecessor-version":[{"id":620,"href":"https:\/\/sites.uel.br\/ccs\/wp-json\/wp\/v2\/pages\/594\/revisions\/620"}],"wp:attachment":[{"href":"https:\/\/sites.uel.br\/ccs\/wp-json\/wp\/v2\/media?parent=594"}],"curies":[{"name":"wp","href":"https:\/\/api.w.org\/{rel}","templated":true}]}}