{"id":384,"date":"2023-02-01T14:43:10","date_gmt":"2023-02-01T17:43:10","guid":{"rendered":"https:\/\/sites.uel.br\/ccs\/?page_id=384"},"modified":"2023-02-01T14:43:10","modified_gmt":"2023-02-01T17:43:10","slug":"atividades-estudantis","status":"publish","type":"page","link":"https:\/\/sites.uel.br\/ccs\/atividades-estudantis\/","title":{"rendered":"Atividades Estudantis"},"content":{"rendered":"\n<p>Atl\u00e9ticas<\/p>\n\n\n\n<p>Centros Acad\u00eamicos<\/p>\n\n\n\n<p><a href=\"http:\/\/www.uel.br\/prograd\/?content=empresas_juniores\/index.html\" data-type=\"URL\" data-id=\"http:\/\/www.uel.br\/prograd\/?content=empresas_juniores\/index.html\" target=\"_blank\" rel=\"noreferrer noopener\">Empresas Juniores<\/a><\/p>\n\n\n\n<p>Ligas Acad\u00eamicas<\/p>\n","protected":false},"excerpt":{"rendered":"<p>Atl\u00e9ticas Centros Acad\u00eamicos Empresas Juniores Ligas Acad\u00eamicas<\/p>\n","protected":false},"author":8,"featured_media":0,"parent":0,"menu_order":0,"comment_status":"closed","ping_status":"closed","template":"","meta":{"_acf_changed":false,"footnotes":""},"class_list":["post-384","page","type-page","status-publish","hentry"],"acf":[],"_links":{"self":[{"href":"https:\/\/sites.uel.br\/ccs\/wp-json\/wp\/v2\/pages\/384","targetHints":{"allow":["GET"]}}],"collection":[{"href":"https:\/\/sites.uel.br\/ccs\/wp-json\/wp\/v2\/pages"}],"about":[{"href":"https:\/\/sites.uel.br\/ccs\/wp-json\/wp\/v2\/types\/page"}],"author":[{"embeddable":true,"href":"https:\/\/sites.uel.br\/ccs\/wp-json\/wp\/v2\/users\/8"}],"replies":[{"embeddable":true,"href":"https:\/\/sites.uel.br\/ccs\/wp-json\/wp\/v2\/comments?post=384"}],"version-history":[{"count":2,"href":"https:\/\/sites.uel.br\/ccs\/wp-json\/wp\/v2\/pages\/384\/revisions"}],"predecessor-version":[{"id":412,"href":"https:\/\/sites.uel.br\/ccs\/wp-json\/wp\/v2\/pages\/384\/revisions\/412"}],"wp:attachment":[{"href":"https:\/\/sites.uel.br\/ccs\/wp-json\/wp\/v2\/media?parent=384"}],"curies":[{"name":"wp","href":"https:\/\/api.w.org\/{rel}","templated":true}]}}