{"id":366,"date":"2023-02-01T11:26:41","date_gmt":"2023-02-01T14:26:41","guid":{"rendered":"https:\/\/sites.uel.br\/ccs\/?page_id=366"},"modified":"2023-02-01T16:36:55","modified_gmt":"2023-02-01T19:36:55","slug":"lato-sensu-2","status":"publish","type":"page","link":"https:\/\/sites.uel.br\/ccs\/lato-sensu-2\/","title":{"rendered":"Lato Sensu"},"content":{"rendered":"\n<p><\/p>\n\n\n\n<p><strong>Resid\u00eancias M\u00e9dicas<\/strong><\/p>\n\n\n\n<p><\/p>\n\n\n\n<p>COREME<\/p>\n\n\n\n<p>Coordena\u00e7\u00e3o: Prof\u00aa. Dr\u00aa. Jaqueline Dario Capobianco                        <\/p>\n\n\n\n<p>Secret\u00e1ria: Maria S\u00e9rgia da Silva Viotti.  E-mail: <a href=\"mailto:residenciahu@uel.br\">residenciahu@uel.br<\/a><\/p>\n\n\n\n<p><a href=\"http:\/\/www.uel.br\/proppg\/portalnovo\/pages\/residencias\/medica.php\">Resid\u00eancias M\u00e9dicas<\/a><\/p>\n\n\n\n<p><\/p>\n\n\n\n<p><\/p>\n\n\n\n<p><strong>Resid\u00eancias Multiprofissionais e em \u00c1reas da Sa\u00fade<\/strong><\/p>\n\n\n\n<p><\/p>\n\n\n\n<p>COREMU<\/p>\n\n\n\n<p>Coordena\u00e7\u00e3o:  Prof\u00aa.  Dr\u00aa. Keli Regiani Tomereli da Fonseca Pinto                         <\/p>\n\n\n\n<p>Secret\u00e1ria:                                          E-mail: <a href=\"mailto:residenciahu@uel.br\">coremu@uel.br<\/a><\/p>\n\n\n\n<p><\/p>\n\n\n\n<p><a href=\"http:\/\/www.uel.br\/proppg\/portalnovo\/pages\/residencias\/enfermagem.php\">Resid\u00eancia em Enfermagem<\/a><\/p>\n\n\n\n<p><a href=\"http:\/\/www.uel.br\/proppg\/portalnovo\/pages\/residencias\/farmacia.php\">Resid\u00eancia em Farm\u00e1cia<\/a><\/p>\n\n\n\n<p><a href=\"http:\/\/www.uel.br\/proppg\/portalnovo\/pages\/residencias\/fisioterapia.php\">Resid\u00eancia em Fisioterapia<\/a><\/p>\n\n\n\n<p><a href=\"http:\/\/www.uel.br\/proppg\/portalnovo\/pages\/residencias\/odontologia.php\">Resid\u00eancia em Odontologia<\/a><\/p>\n\n\n\n<p><a href=\"http:\/\/www.uel.br\/proppg\/portalnovo\/pages\/residencias\/odontologia-hu.php\">Resid\u00eancia em Odontologia HU<\/a><\/p>\n\n\n\n<p><a href=\"http:\/\/www.uel.br\/proppg\/portalnovo\/pages\/residencias\/multiprofissional.php\">Resid\u00eancia Multiprofissional<\/a><\/p>\n","protected":false},"excerpt":{"rendered":"<p>Resid\u00eancias M\u00e9dicas COREME Coordena\u00e7\u00e3o: Prof\u00aa. Dr\u00aa. Jaqueline Dario Capobianco Secret\u00e1ria: Maria S\u00e9rgia da Silva Viotti. E-mail: residenciahu@uel.br Resid\u00eancias M\u00e9dicas Resid\u00eancias Multiprofissionais e em \u00c1reas da Sa\u00fade COREMU Coordena\u00e7\u00e3o: Prof\u00aa. Dr\u00aa. Keli Regiani Tomereli da Fonseca Pinto Secret\u00e1ria: E-mail: coremu@uel.br Resid\u00eancia em Enfermagem Resid\u00eancia em Farm\u00e1cia Resid\u00eancia em Fisioterapia Resid\u00eancia em Odontologia Resid\u00eancia em Odontologia HU [&hellip;]<\/p>\n","protected":false},"author":8,"featured_media":0,"parent":0,"menu_order":0,"comment_status":"closed","ping_status":"closed","template":"","meta":{"_acf_changed":false,"footnotes":""},"class_list":["post-366","page","type-page","status-publish","hentry"],"acf":[],"_links":{"self":[{"href":"https:\/\/sites.uel.br\/ccs\/wp-json\/wp\/v2\/pages\/366","targetHints":{"allow":["GET"]}}],"collection":[{"href":"https:\/\/sites.uel.br\/ccs\/wp-json\/wp\/v2\/pages"}],"about":[{"href":"https:\/\/sites.uel.br\/ccs\/wp-json\/wp\/v2\/types\/page"}],"author":[{"embeddable":true,"href":"https:\/\/sites.uel.br\/ccs\/wp-json\/wp\/v2\/users\/8"}],"replies":[{"embeddable":true,"href":"https:\/\/sites.uel.br\/ccs\/wp-json\/wp\/v2\/comments?post=366"}],"version-history":[{"count":7,"href":"https:\/\/sites.uel.br\/ccs\/wp-json\/wp\/v2\/pages\/366\/revisions"}],"predecessor-version":[{"id":401,"href":"https:\/\/sites.uel.br\/ccs\/wp-json\/wp\/v2\/pages\/366\/revisions\/401"}],"wp:attachment":[{"href":"https:\/\/sites.uel.br\/ccs\/wp-json\/wp\/v2\/media?parent=366"}],"curies":[{"name":"wp","href":"https:\/\/api.w.org\/{rel}","templated":true}]}}