{"id":359,"date":"2023-02-01T10:41:47","date_gmt":"2023-02-01T13:41:47","guid":{"rendered":"https:\/\/sites.uel.br\/ccs\/?page_id=359"},"modified":"2023-02-01T16:36:10","modified_gmt":"2023-02-01T19:36:10","slug":"pos-graduacao-2","status":"publish","type":"page","link":"https:\/\/sites.uel.br\/ccs\/pos-graduacao-2\/","title":{"rendered":"P\u00f3s-Gradua\u00e7\u00e3o"},"content":{"rendered":"\n<p>A P\u00f3s-Gradua\u00e7\u00e3o do CCS atende atividades de ensino e pesquisa em duas modalidades:<\/p>\n\n\n\n<ul class=\"wp-block-list\">\n<li>Lato-Sensu (Especializa\u00e7\u00e3o e Resid\u00eancia)<\/li>\n\n\n\n<li>Stricto-Sensu (Mestrado e Doutorado)<\/li>\n<\/ul>\n\n\n\n<p><\/p>\n\n\n\n<p><strong>Contatos:<\/strong><\/p>\n\n\n\n<ul class=\"wp-block-list\">\n<li>Secretaria dos Cursos de Resid\u00eancia<\/li>\n<\/ul>\n\n\n\n<p>        Fone: (43) 3371-2278. E-mail:\u00a0<a rel=\"noreferrer noopener\" href=\"mailto:posctu@uel.br\" target=\"_blank\">residenciahu@uel.br<\/a><\/p>\n\n\n\n<p><\/p>\n\n\n\n<p><\/p>\n\n\n\n<ul class=\"wp-block-list\">\n<li>Secretaria dos Programas de Mestrado e Doutorado <\/li>\n<\/ul>\n\n\n\n<p>        Fone: (43) 3371-2359. E-mail:\u00a0<a rel=\"noreferrer noopener\" href=\"mailto:posctu@uel.br\" target=\"_blank\">spgccs@uel<\/a><\/p>\n\n\n\n<p><\/p>\n\n\n\n<p><\/p>\n\n\n\n<p><\/p>\n\n\n\n<p>        Atendimento de segunda \u00e0 sexta, das 08h \u00e0s 12h e das 14h \u00e0 17:00<\/p>\n","protected":false},"excerpt":{"rendered":"<p>A P\u00f3s-Gradua\u00e7\u00e3o do CCS atende atividades de ensino e pesquisa em duas modalidades: Contatos: Fone: (43) 3371-2278. E-mail:\u00a0residenciahu@uel.br Fone: (43) 3371-2359. E-mail:\u00a0spgccs@uel Atendimento de segunda \u00e0 sexta, das 08h \u00e0s 12h e das 14h \u00e0 17:00<\/p>\n","protected":false},"author":8,"featured_media":0,"parent":0,"menu_order":0,"comment_status":"closed","ping_status":"closed","template":"","meta":{"_acf_changed":false,"footnotes":""},"class_list":["post-359","page","type-page","status-publish","hentry"],"acf":[],"_links":{"self":[{"href":"https:\/\/sites.uel.br\/ccs\/wp-json\/wp\/v2\/pages\/359","targetHints":{"allow":["GET"]}}],"collection":[{"href":"https:\/\/sites.uel.br\/ccs\/wp-json\/wp\/v2\/pages"}],"about":[{"href":"https:\/\/sites.uel.br\/ccs\/wp-json\/wp\/v2\/types\/page"}],"author":[{"embeddable":true,"href":"https:\/\/sites.uel.br\/ccs\/wp-json\/wp\/v2\/users\/8"}],"replies":[{"embeddable":true,"href":"https:\/\/sites.uel.br\/ccs\/wp-json\/wp\/v2\/comments?post=359"}],"version-history":[{"count":5,"href":"https:\/\/sites.uel.br\/ccs\/wp-json\/wp\/v2\/pages\/359\/revisions"}],"predecessor-version":[{"id":400,"href":"https:\/\/sites.uel.br\/ccs\/wp-json\/wp\/v2\/pages\/359\/revisions\/400"}],"wp:attachment":[{"href":"https:\/\/sites.uel.br\/ccs\/wp-json\/wp\/v2\/media?parent=359"}],"curies":[{"name":"wp","href":"https:\/\/api.w.org\/{rel}","templated":true}]}}