{"id":3115,"date":"2026-03-05T16:58:40","date_gmt":"2026-03-05T19:58:40","guid":{"rendered":"https:\/\/sites.uel.br\/ccs\/?page_id=3115"},"modified":"2026-03-06T16:47:10","modified_gmt":"2026-03-06T19:47:10","slug":"eprotocolo","status":"publish","type":"page","link":"https:\/\/sites.uel.br\/ccs\/eprotocolo\/","title":{"rendered":"eProtocolo"},"content":{"rendered":"\n<p>O Sistema de Arquivos da Universidade Estadual de Londrina (Sauel) disponibilizou tutoriais para orientar servidores e usu\u00e1rios sobre o uso do eProtocolo, plataforma oficial para abertura, tramita\u00e7\u00e3o e gest\u00e3o digital de processos na institui\u00e7\u00e3o. A iniciativa busca ampliar a capacita\u00e7\u00e3o da comunidade universit\u00e1ria e garantir a efici\u00eancia dos procedimentos.<\/p>\n\n\n\n<p><strong>Sobre o eProtocolo<\/strong><\/p>\n\n\n\n<p>O Sistema de Protocolo Integrado,&nbsp; eProtocolo, \u00e9 uma ferramenta digital desenvolvida pelo Governo do Paran\u00e1 para controle informatizado de documentos nas institui\u00e7\u00f5es p\u00fablicas estaduais. A plataforma gerencia todas as etapas, desde o cadastramento at\u00e9 a elimina\u00e7\u00e3o de documentos, garantindo agilidade, efici\u00eancia, seguran\u00e7a e transpar\u00eancia.<\/p>\n\n\n\n<p>Na UEL, o uso do eProtocolo \u00e9 regulamentado pela Resolu\u00e7\u00e3o CA n\u00ba 013\/2022.<\/p>\n\n\n\n<p><strong>Tutoriais<\/strong><\/p>\n\n\n\n<p>Os tutoriais disponibilizados pelo Sauel orientam sobre processos, envio de documentos e uso das ferramentas do sistema. A Universidade recomenda que todos os servidores se familiarizem com o material para garantir a utiliza\u00e7\u00e3o eficiente da plataforma.<\/p>\n\n\n\n<p>Os tutoriais est\u00e3o dispon\u00edveis nos links abaixo:<\/p>\n\n\n\n<p><strong><a href=\"https:\/\/drive.google.com\/file\/d\/1EzRiwDydnCVZC-e585IVwzNxRO8PJBxk\/view?usp=sharing\" target=\"_blank\" rel=\"noreferrer noopener\">1 Como analisar processo<\/a><\/strong><\/p>\n\n\n\n<p><strong><a href=\"https:\/\/drive.google.com\/file\/d\/1YfXB7jRCVnbqbwABXdAAQCkMyUObpfhc\/view?usp=sharing\" target=\"_blank\" rel=\"noreferrer noopener\">2 Como arquivar processos no Sauel<\/a><\/strong><\/p>\n\n\n\n<p><strong><a href=\"https:\/\/drive.google.com\/file\/d\/1dTBtoI9gvkrrgVDNjeUKMWWC1aPxdPb0\/view?usp=sharing\" target=\"_blank\" rel=\"noreferrer noopener\">3 Como solicitar assinaturas, criar Pend\u00eancias e Avisos<\/a><\/strong><\/p>\n\n\n\n<p><strong><a href=\"https:\/\/drive.google.com\/file\/d\/1LiCRJoAO-zRHeP_LRfc_BDosT2MHtKrN\/view?usp=sharing\" target=\"_blank\" rel=\"noreferrer noopener\">4 Finalizar Pend\u00eancia ou Concluir e Encaminhar<\/a><\/strong><\/p>\n\n\n\n<p><strong><a href=\"https:\/\/drive.google.com\/file\/d\/1FbYSi6CJJ_Jqrku9NBzZq68kAo_VgABz\/view?usp=sharing\" target=\"_blank\" rel=\"noreferrer noopener\">5 Incluir novo processo \u2013 Docentes e agentes universit\u00e1rios<\/a><\/strong><\/p>\n\n\n\n<p><a href=\"\/Users\/Trabalho\/Downloads\/Incluir%20novo%20processo%20-%20Alunos%20e%20comunidade%20externa%20(1).pdf\" data-type=\"link\" data-id=\"https:\/\/drive.google.com\/drive\/u\/0\/home\" target=\"_blank\" rel=\"noreferrer noopener\"><strong>6 Incluir novo processo \u2013 Alunos e comunidade externa<\/strong><\/a><\/p>\n\n\n\n<div data-wp-interactive=\"core\/file\" class=\"wp-block-file\"><object data-wp-bind--hidden=\"!state.hasPdfPreview\" hidden class=\"wp-block-file__embed\" data=\"https:\/\/sites.uel.br\/ccs\/wp-content\/uploads\/2026\/03\/Incluir-novo-processo-Alunos-e-comunidade-externa.pdf\" type=\"application\/pdf\" style=\"width:100%;height:600px\" aria-label=\"Incorporado de Incluir novo processo - Alunos e comunidade externa.\"><\/object><a id=\"wp-block-file--media-35c877b5-27e4-485d-b74e-b80bc6483270\" href=\"https:\/\/sites.uel.br\/ccs\/wp-content\/uploads\/2026\/03\/Incluir-novo-processo-Alunos-e-comunidade-externa.pdf\">Incluir novo processo &#8211; Alunos e comunidade externa<\/a><a href=\"https:\/\/sites.uel.br\/ccs\/wp-content\/uploads\/2026\/03\/Incluir-novo-processo-Alunos-e-comunidade-externa.pdf\" class=\"wp-block-file__button wp-element-button\" download aria-describedby=\"wp-block-file--media-35c877b5-27e4-485d-b74e-b80bc6483270\">Baixar<\/a><\/div>\n\n\n\n<p><\/p>\n\n\n\n<p><\/p>\n","protected":false},"excerpt":{"rendered":"<p>O Sistema de Arquivos da Universidade Estadual de Londrina (Sauel) disponibilizou tutoriais para orientar servidores e usu\u00e1rios sobre o uso do eProtocolo, plataforma oficial para abertura, tramita\u00e7\u00e3o e gest\u00e3o digital de processos na institui\u00e7\u00e3o. A iniciativa busca ampliar a capacita\u00e7\u00e3o da comunidade universit\u00e1ria e garantir a efici\u00eancia dos procedimentos. Sobre o eProtocolo O Sistema de [&hellip;]<\/p>\n","protected":false},"author":15,"featured_media":0,"parent":0,"menu_order":0,"comment_status":"closed","ping_status":"closed","template":"","meta":{"_acf_changed":false,"footnotes":""},"class_list":["post-3115","page","type-page","status-publish","hentry"],"acf":[],"_links":{"self":[{"href":"https:\/\/sites.uel.br\/ccs\/wp-json\/wp\/v2\/pages\/3115","targetHints":{"allow":["GET"]}}],"collection":[{"href":"https:\/\/sites.uel.br\/ccs\/wp-json\/wp\/v2\/pages"}],"about":[{"href":"https:\/\/sites.uel.br\/ccs\/wp-json\/wp\/v2\/types\/page"}],"author":[{"embeddable":true,"href":"https:\/\/sites.uel.br\/ccs\/wp-json\/wp\/v2\/users\/15"}],"replies":[{"embeddable":true,"href":"https:\/\/sites.uel.br\/ccs\/wp-json\/wp\/v2\/comments?post=3115"}],"version-history":[{"count":7,"href":"https:\/\/sites.uel.br\/ccs\/wp-json\/wp\/v2\/pages\/3115\/revisions"}],"predecessor-version":[{"id":3128,"href":"https:\/\/sites.uel.br\/ccs\/wp-json\/wp\/v2\/pages\/3115\/revisions\/3128"}],"wp:attachment":[{"href":"https:\/\/sites.uel.br\/ccs\/wp-json\/wp\/v2\/media?parent=3115"}],"curies":[{"name":"wp","href":"https:\/\/api.w.org\/{rel}","templated":true}]}}