{"id":2805,"date":"2025-09-11T14:33:39","date_gmt":"2025-09-11T17:33:39","guid":{"rendered":"https:\/\/sites.uel.br\/ccs\/?page_id=2805"},"modified":"2025-09-11T14:49:37","modified_gmt":"2025-09-11T17:49:37","slug":"declaracao-de-docente-coorientador","status":"publish","type":"page","link":"https:\/\/sites.uel.br\/ccs\/declaracao-de-docente-coorientador\/","title":{"rendered":"Declara\u00e7\u00e3o de Docente Coorientador"},"content":{"rendered":"\n<p><strong>Orienta\u00e7\u00f5es para obter Declara\u00e7\u00e3o de Docente Coorientador:&nbsp;&nbsp;<\/strong><\/p>\n\n\n\n<ol class=\"wp-block-list\">\n<li>Para Docentes UEL (Efetivo e CRES): Solicitar \u00e0 Divis\u00e3o de Documentos de Docentes (DDD) da PRORH &#8211; (43) 3371 4342\/&nbsp;<a href=\"mailto:dddprorh@uel.br\" target=\"_blank\" rel=\"noreferrer noopener\">dddprorh@uel.br<\/a>;<\/li>\n\n\n\n<li>Para Docentes Visitantes (externos \u00e0 UEL):&nbsp; Utilizar o Formul\u00e1rio de Declara\u00e7\u00e3o de Coorientador.<\/li>\n<\/ol>\n\n\n\n<div class=\"wp-block-file\"><a id=\"wp-block-file--media-98826785-38f1-4514-a99a-707f1aa6fa90\" href=\"https:\/\/sites.uel.br\/ccs\/wp-content\/uploads\/2025\/09\/DECLARACAO-DE-COORIENTADOR-1.doc\">DECLARACAO-DE-COORIENTADOR (1)<\/a><a href=\"https:\/\/sites.uel.br\/ccs\/wp-content\/uploads\/2025\/09\/DECLARACAO-DE-COORIENTADOR-1.doc\" class=\"wp-block-file__button wp-element-button\" download aria-describedby=\"wp-block-file--media-98826785-38f1-4514-a99a-707f1aa6fa90\">Baixar<\/a><\/div>\n","protected":false},"excerpt":{"rendered":"<p>Orienta\u00e7\u00f5es para obter Declara\u00e7\u00e3o de Docente Coorientador:&nbsp;&nbsp;<\/p>\n","protected":false},"author":15,"featured_media":0,"parent":0,"menu_order":0,"comment_status":"closed","ping_status":"closed","template":"","meta":{"_acf_changed":false,"footnotes":""},"class_list":["post-2805","page","type-page","status-publish","hentry"],"acf":[],"_links":{"self":[{"href":"https:\/\/sites.uel.br\/ccs\/wp-json\/wp\/v2\/pages\/2805","targetHints":{"allow":["GET"]}}],"collection":[{"href":"https:\/\/sites.uel.br\/ccs\/wp-json\/wp\/v2\/pages"}],"about":[{"href":"https:\/\/sites.uel.br\/ccs\/wp-json\/wp\/v2\/types\/page"}],"author":[{"embeddable":true,"href":"https:\/\/sites.uel.br\/ccs\/wp-json\/wp\/v2\/users\/15"}],"replies":[{"embeddable":true,"href":"https:\/\/sites.uel.br\/ccs\/wp-json\/wp\/v2\/comments?post=2805"}],"version-history":[{"count":3,"href":"https:\/\/sites.uel.br\/ccs\/wp-json\/wp\/v2\/pages\/2805\/revisions"}],"predecessor-version":[{"id":2813,"href":"https:\/\/sites.uel.br\/ccs\/wp-json\/wp\/v2\/pages\/2805\/revisions\/2813"}],"wp:attachment":[{"href":"https:\/\/sites.uel.br\/ccs\/wp-json\/wp\/v2\/media?parent=2805"}],"curies":[{"name":"wp","href":"https:\/\/api.w.org\/{rel}","templated":true}]}}