{"id":28,"date":"2021-03-29T18:29:08","date_gmt":"2021-03-29T21:29:08","guid":{"rendered":"https:\/\/sites.uel.br\/ccs\/?page_id=28"},"modified":"2022-07-06T08:22:18","modified_gmt":"2022-07-06T11:22:18","slug":"graduacao","status":"publish","type":"page","link":"https:\/\/sites.uel.br\/ccs\/graduacao\/","title":{"rendered":"Gradua\u00e7\u00e3o"},"content":{"rendered":"\n<p>O Centro de Ci\u00eancias de Sa\u00fade (CCS) oferece os seguintes cursos de Gradua\u00e7\u00e3o:<\/p>\n\n\n\n<ul class=\"wp-block-list\"><li>Enfermagem<\/li><li>Farm\u00e1cia <\/li><li>Fisioterapia<\/li><li>Medicina<\/li><li>Nutri\u00e7\u00e3o<\/li><li>Odontologia<\/li><\/ul>\n\n\n\n<p>Atendimento de segunda \u00e0 sexta, das 08h00 \u00e0s 12h00 e das 14h00 \u00e0s 17h00.<\/p>\n","protected":false},"excerpt":{"rendered":"<p>O Centro de Ci\u00eancias de Sa\u00fade (CCS) oferece os seguintes cursos de Gradua\u00e7\u00e3o: Enfermagem Farm\u00e1cia Fisioterapia Medicina Nutri\u00e7\u00e3o Odontologia Atendimento de segunda \u00e0 sexta, das 08h00 \u00e0s 12h00 e das 14h00 \u00e0s 17h00.<\/p>\n","protected":false},"author":7,"featured_media":0,"parent":0,"menu_order":0,"comment_status":"closed","ping_status":"closed","template":"","meta":{"_acf_changed":false,"footnotes":""},"class_list":["post-28","page","type-page","status-publish","hentry"],"acf":[],"_links":{"self":[{"href":"https:\/\/sites.uel.br\/ccs\/wp-json\/wp\/v2\/pages\/28","targetHints":{"allow":["GET"]}}],"collection":[{"href":"https:\/\/sites.uel.br\/ccs\/wp-json\/wp\/v2\/pages"}],"about":[{"href":"https:\/\/sites.uel.br\/ccs\/wp-json\/wp\/v2\/types\/page"}],"author":[{"embeddable":true,"href":"https:\/\/sites.uel.br\/ccs\/wp-json\/wp\/v2\/users\/7"}],"replies":[{"embeddable":true,"href":"https:\/\/sites.uel.br\/ccs\/wp-json\/wp\/v2\/comments?post=28"}],"version-history":[{"count":4,"href":"https:\/\/sites.uel.br\/ccs\/wp-json\/wp\/v2\/pages\/28\/revisions"}],"predecessor-version":[{"id":250,"href":"https:\/\/sites.uel.br\/ccs\/wp-json\/wp\/v2\/pages\/28\/revisions\/250"}],"wp:attachment":[{"href":"https:\/\/sites.uel.br\/ccs\/wp-json\/wp\/v2\/media?parent=28"}],"curies":[{"name":"wp","href":"https:\/\/api.w.org\/{rel}","templated":true}]}}