{"id":24,"date":"2021-03-29T18:29:08","date_gmt":"2021-03-29T21:29:08","guid":{"rendered":"https:\/\/sites.uel.br\/ccs\/?page_id=24"},"modified":"2026-04-09T14:38:54","modified_gmt":"2026-04-09T17:38:54","slug":"mapa-do-centro","status":"publish","type":"page","link":"https:\/\/sites.uel.br\/ccs\/mapa-do-centro\/","title":{"rendered":"Comiss\u00f5es"},"content":{"rendered":"\n<p class=\"has-text-align-left\"><strong>Comiss\u00e3o de Pesquisa do Centro de Ci\u00eancias da Sa\u00fade- Gest\u00e3o 2026 \u00e0 2028<\/strong><\/p>\n\n\n\n<p>Coordenadora: Suhaila Mahmoud Smaili Santos\/ FIT<br>Vice- Coordenadora: Danielle Venturini\/ PAC<\/p>\n\n\n\n<div data-wp-interactive=\"core\/file\" class=\"wp-block-file\"><object data-wp-bind--hidden=\"!state.hasPdfPreview\" hidden class=\"wp-block-file__embed\" data=\"https:\/\/sites.uel.br\/ccs\/wp-content\/uploads\/2026\/02\/PROCEDIMENTO-OPERACIONAL-PADRAO-comissao-de-pesquisa.pdf\" type=\"application\/pdf\" style=\"width:100%;height:600px\" aria-label=\"Incorporado de PROCEDIMENTO OPERACIONAL PADRA\u0303O - comissa\u0303o de pesquisa.\"><\/object><a id=\"wp-block-file--media-4a776c94-5e36-46b3-bdd9-b48bfc4e489b\" href=\"https:\/\/sites.uel.br\/ccs\/wp-content\/uploads\/2026\/02\/PROCEDIMENTO-OPERACIONAL-PADRAO-comissao-de-pesquisa.pdf\">PROCEDIMENTO OPERACIONAL PADRA\u0303O &#8211; comissa\u0303o de pesquisa<\/a><a href=\"https:\/\/sites.uel.br\/ccs\/wp-content\/uploads\/2026\/02\/PROCEDIMENTO-OPERACIONAL-PADRAO-comissao-de-pesquisa.pdf\" class=\"wp-block-file__button wp-element-button\" download aria-describedby=\"wp-block-file--media-4a776c94-5e36-46b3-bdd9-b48bfc4e489b\">Baixar<\/a><\/div>\n\n\n\n<p class=\"has-text-align-left\"><strong>Comiss\u00e3o de Extens\u00e3o do Centro de Ci\u00eancias da Sa\u00fade<\/strong>&#8211; <strong>Gest\u00e3o 2026 \u00e0 2028<\/strong><\/p>\n\n\n\n<p class=\"has-text-align-left\">Coordenadora: Gilselena Kerbauy Lopes<br>Vice-Coordenadora: Dora Silvia Corr\u00eaa de Moraes<\/p>\n\n\n\n<div data-wp-interactive=\"core\/file\" class=\"wp-block-file\"><object data-wp-bind--hidden=\"!state.hasPdfPreview\" hidden class=\"wp-block-file__embed\" data=\"https:\/\/sites.uel.br\/ccs\/wp-content\/uploads\/2026\/04\/Cronograma-Comissao-de-Extensao-do-CCS_2026_2028_Direcao-do-CCS.pdf\" type=\"application\/pdf\" style=\"width:100%;height:600px\" aria-label=\"Incorporado de Cronograma Comiss\u00e3o de Extens\u00e3o do CCS_2026_2028_Dire\u00e7\u00e3o do CCS.\"><\/object><a id=\"wp-block-file--media-fa2a4304-d64d-4bd1-8dba-0cfdae6d3db3\" href=\"https:\/\/sites.uel.br\/ccs\/wp-content\/uploads\/2026\/04\/Cronograma-Comissao-de-Extensao-do-CCS_2026_2028_Direcao-do-CCS.pdf\">Cronograma Comiss\u00e3o de Extens\u00e3o do CCS_2026_2028_Dire\u00e7\u00e3o do CCS<\/a><a href=\"https:\/\/sites.uel.br\/ccs\/wp-content\/uploads\/2026\/04\/Cronograma-Comissao-de-Extensao-do-CCS_2026_2028_Direcao-do-CCS.pdf\" class=\"wp-block-file__button wp-element-button\" download aria-describedby=\"wp-block-file--media-fa2a4304-d64d-4bd1-8dba-0cfdae6d3db3\">Baixar<\/a><\/div>\n\n\n\n<p class=\"has-text-align-left\"><strong>Comiss\u00e3o de P\u00f3s-Gradua\u00e7\u00e3o do Centro de Ci\u00eancias da Sa\u00fade -Gest\u00e3o 2026 \u00e0 2028<\/strong><\/p>\n\n\n\n<p class=\"has-text-align-left\">Coordenadora: Renata Perfeito Ribeiro\/ ENF<br>Vice- Coordenadora: Christiane de Souza Guerino Macedo\/ ENF<\/p>\n\n\n\n<p class=\"has-text-align-left\"><strong>Comiss\u00e3o de Aloca\u00e7\u00e3o de Vagas Docentes<\/strong><strong>&#8211; Gest\u00e3o 2026 \u00e0 2028<\/strong><\/p>\n\n\n\n<p><strong>Coordenadora: <\/strong>Profa. Gilselena Kerbauy Lopes<\/p>\n\n\n\n<p>Prof. Nilton Syogo Arakawa\/ Chefe do Departamento de Ci\u00eancias Farmac\u00eauticas<\/p>\n\n\n\n<p>Profa. Neide Tomimura Costa\/ Chefe do Departamento de Cl\u00ednica M\u00e9dica<\/p>\n\n\n\n<p>Prof. Luiz J\u00f3ia Neto\/ Chefe do Departamento de Cl\u00ednica Cir\u00fargca<\/p>\n\n\n\n<p>Profa. Daniela Biguetti Martins Lopes\/ Chefe do Departamento de Enfermagem<\/p>\n\n\n\n<p>Prof. Tiago Severo Peixe\/ Chefe do Departamento de Patologia, A. Cl\u00edn. Toxicol\u00f3gicas<\/p>\n\n\n\n<p>Profa. Roberta Romaniollo de Matos\/ Chefe do Departamento de Fisioterapia<\/p>\n\n\n\n<p>Prof. Jos\u00e9 Augusto Sperandio\/ Chefe do Departamento de Odontologia Restauradora<\/p>\n\n\n\n<p>Profa. Evelise Ono\/ Chefe do Departamento de Medicina Oral e Odontologia Infantil<\/p>\n\n\n\n<p>Prof. Renato Mikio Moriya Chefe do Departamento de Pediatria e Cirurgia Pedi\u00e1trica<\/p>\n\n\n\n<p>Prof. Ali Hussei El Kadri Chefe do Departamento de Ginecologia\/Obstetr\u00edcia<\/p>\n\n\n\n<p>Profa. Fernanda De Freitas\/ Chefe do Departamento de Sa\u00fade Coletiva<\/p>\n\n\n\n<p><\/p>\n\n\n\n<p class=\"has-text-align-left\"><strong>Comiss\u00f5es de Ensino dos Departamentos do CCS- Gest\u00e3o 2026-2028<\/strong><\/p>\n\n\n\n<p><strong>Ci\u00eancias Farmac\u00eauticas- <\/strong>Optou pela n\u00e3o constitui\u00e7\u00e3o da comiss\u00e3o. <\/p>\n\n\n\n<p><strong>Cl\u00ednica Cir\u00fargica- <\/strong>Optou pela n\u00e3o constitui\u00e7\u00e3o da comiss\u00e3o<strong>.<\/strong><\/p>\n\n\n\n<p><strong>Cl\u00ednica M\u00e9dica- <\/strong>Optou pela n\u00e3o constitui\u00e7\u00e3o da comiss\u00e3o.<\/p>\n\n\n\n<p><strong>Fisioterapia- <\/strong>Optou pela n\u00e3o constitui\u00e7\u00e3o da comiss\u00e3o.<strong>                                                                                                                             <\/strong><\/p>\n\n\n\n<p><strong>Ginecologia e Obstetr\u00edcia- <\/strong>Optou pela n\u00e3o constitui\u00e7\u00e3o da comiss\u00e3o.<\/p>\n\n\n\n<p><strong>Pediatria e Cirurgia Pedi\u00e1trica- <\/strong>Optou pela n\u00e3o constitui\u00e7\u00e3o da comiss\u00e3o.<\/p>\n\n\n\n<p><strong>Enfermagem <em>     <\/em><\/strong> <\/p>\n\n\n\n<p>Adriano Luiz da Costa Farinasso- Coordenadora<\/p>\n\n\n\n<p>M\u00e1rcia Eiko Karino- Suplente<\/p>\n\n\n\n<p>Crysthianne Consolo de Almeida Baricati- Membro<\/p>\n\n\n\n<p><strong>Medicina Oral e Odontologia Infantil<\/strong><\/p>\n\n\n\n<p>Fabio Augusto Ito \u2013Coordenador<\/p>\n\n\n\n<p>Pedro Marcelo Tondelli \u2013Suplente <\/p>\n\n\n\n<p>Ricardo Alves Matheus -Membro<\/p>\n\n\n\n<p><strong>Odontologia Restauradora<\/strong><\/p>\n\n\n\n<p>Delise Pellizzaro- Coordenador<\/p>\n\n\n\n<p>Hebert Samuel Carafa Fabri- Suplente<\/p>\n\n\n\n<p>Giovani de Oliveira Correa- Membro<\/p>\n\n\n\n<p><strong>Patologia, An\u00e1lises Cl\u00ednicas e Toxicol\u00f3gicas<\/strong><\/p>\n\n\n\n<p>Jair Aparecido de Oliveira &#8211; Coordenador <\/p>\n\n\n\n<p>Floristher Elaine Carrara &#8211; Suplente<\/p>\n\n\n\n<p>Sirlei Luiza Zanluchi Doneg\u00e1 -Membro<\/p>\n\n\n\n<p><strong>Sa\u00fade Coletiva       <\/strong><\/p>\n\n\n\n<p>Ester Massae Okamoto Dalla Costa- Coordenadora<\/p>\n\n\n\n<p>Thiago Vinicius Nadaleto Didone\u2013 Suplente<\/p>\n\n\n\n<p>Carlos Takeo Okamura\u2013 Membro<\/p>\n\n\n\n<p><\/p>\n\n\n\n<p><strong>Comiss\u00f5es de Extens\u00e3o dos Departamentos do CCS- Gest\u00e3o 2026-2028<\/strong><\/p>\n\n\n\n<p><strong>Ci\u00eancias Farmac\u00eauticas <\/strong> <\/p>\n\n\n\n<p>Camilo Molino Guidoni- Coordenador<\/p>\n\n\n\n<p>Joice Mara Cruciol- Suplente<\/p>\n\n\n\n<p>Daniela Frizon Alfieri- Membro<\/p>\n\n\n\n<p><strong>Cl\u00ednica Cir\u00fargica <\/strong> <\/p>\n\n\n\n<p>Jos\u00e9 Manoel da Silva Silvestre- Coordenador<\/p>\n\n\n\n<p>Asc\u00eancio Garcia Lopes Junior- Suplente<\/p>\n\n\n\n<p>Alessandro Giurizatto Melanda- Membro<\/p>\n\n\n\n<p><strong>Cl\u00ednica M\u00e9dica<\/strong><\/p>\n\n\n\n<p>Guilherme Figueiredo Marquezine\u2013 Coordenador<\/p>\n\n\n\n<p>Marcos Aparecido Sarria Cabrera- Suplente<\/p>\n\n\n\n<p>Heber Odebrecht Vargas- Membro<\/p>\n\n\n\n<p><strong>Enfermagem<\/strong> <\/p>\n\n\n\n<p>Gilselena Kerbauy Lopes- Coordenadora<\/p>\n\n\n\n<p>Catia Campaner Ferrari Bernardy- Suplente<\/p>\n\n\n\n<p>Keli Regiane Tomeleri da Fonseca Pinto- Membro<\/p>\n\n\n\n<p><strong>Fisioterapia<\/strong> <\/p>\n\n\n\n<p>Daniela Wosiack da Silva- Coordenadora<\/p>\n\n\n\n<p>Egle de Oliveira Netto Moreira Alves- Suplente<\/p>\n\n\n\n<p>Ana Cl\u00e1udia Violino &#8211; Membro<\/p>\n\n\n\n<p><strong>Ginecologia e Obstetr\u00edcia<\/strong> <\/p>\n\n\n\n<p>Ribamar Leonildo Maroneze &#8211; Coordenador<\/p>\n\n\n\n<p><strong>Medicina Oral e Odontologia Infantil<\/strong><\/p>\n\n\n\n<p>Lucimar Aparecida Britto Codato &#8211; Coordenadora<\/p>\n\n\n\n<p>Carlos Eduardo de Oliveira Lima &#8211; Suplente<\/p>\n\n\n\n<p>Ricardo Takahashi &#8211; Membro<\/p>\n\n\n\n<p><strong>Odontologia Restauradora<\/strong> <\/p>\n\n\n\n<p>Ricardo Shibayama- Coordenador<\/p>\n\n\n\n<p>Ricardo Danil Guiraldo- Suplente<\/p>\n\n\n\n<p>RMarcio Campaner- Membro<\/p>\n\n\n\n<p><strong>Patologia, An\u00e1lises Cl\u00ednicas e Toxicol\u00f3gicas<\/strong><\/p>\n\n\n\n<p>Dora Silvia Corr\u00eaa de Moraes- Coordenadora<\/p>\n\n\n\n<p>Marla Karine Amarante &#8211; Suplente<\/p>\n\n\n\n<p>Jacqueline Dan\u00e9sio de Souza \u2013 Membro<\/p>\n\n\n\n<p><strong>Pediatria e Cirurgia Pedi\u00e1trica<\/strong><\/p>\n\n\n\n<p>Ricardo Silva Parreira &#8211; Coordenador<\/p>\n\n\n\n<p><strong>Sa\u00fade Coletiva <\/strong> <\/p>\n\n\n\n<p>Marselle Nobre de Carvalho &#8211; Coordenadora<\/p>\n\n\n\n<p>Maria Carla Vieira Pinho- Suplente<\/p>\n\n\n\n<p>Beatriz Zampar &#8211; Membro<\/p>\n\n\n\n<p><\/p>\n\n\n\n<p><strong>Comiss\u00f5es de P\u00f3s-Gradua\u00e7\u00e3o dos Departamentos do CCS- Gest\u00e3o 2026-2028<\/strong><br><br><strong>Ci\u00eancias Farmac\u00eauticas<\/strong><\/p>\n\n\n\n<p>Sandra Regina Georgetti &#8211; Coordenadora<\/p>\n\n\n\n<p>Rubia Casagrande \u2013 Suplente<\/p>\n\n\n\n<p>Nilton Syogo Arakawa &#8211; Membro<\/p>\n\n\n\n<p><strong>Cl\u00ednica Cir\u00fargica<\/strong> <\/p>\n\n\n\n<p>Silvio Henrique de Almeida Maia &#8211; Coordenador<\/p>\n\n\n\n<p>Antonio Marcelo Barbante Casella &#8211; Suplente<\/p>\n\n\n\n<p>Marco Antonio Batista &#8211; Membro<\/p>\n\n\n\n<p><strong>Cl\u00ednica M\u00e9dica <\/strong> <\/p>\n\n\n\n<p>Alexandre Jose Faria Carrilho &#8211; Coordenador<\/p>\n\n\n\n<p>Marcos Liboni &#8211; Membro<\/p>\n\n\n\n<p>Airton Dos Santos Gon- Membro<\/p>\n\n\n\n<p><strong>Enfermagem<\/strong> <\/p>\n\n\n\n<p>Flavia Meneguetti Pieri &#8211; Coordenadora<\/p>\n\n\n\n<p>Marcos Hirata Soares \u2013 Suplente<\/p>\n\n\n\n<p>Adriana Valongo Zani &#8211; Membro<\/p>\n\n\n\n<p><strong>Fisioterapia <\/strong> <\/p>\n\n\n\n<p>Jefferson Rosa Cardoso &#8211; Coordenador<\/p>\n\n\n\n<p>Christiane de Souza Guerino Macedo &#8211; Suplente<\/p>\n\n\n\n<p>Josiane Marques Felcar Piaie de Oliveira &#8211; Membro<\/p>\n\n\n\n<p><strong>Ginecologia e Obstetr\u00edcia       <\/strong><\/p>\n\n\n\n<p>Ali Hussein El Kadri \u2013 Coordenador<\/p>\n\n\n\n<p><strong>Medicina Oral e Odontologia Infantil<\/strong><\/p>\n\n\n\n<p>Paulo Eduardo Baggio &#8211; Coordenador<\/p>\n\n\n\n<p>Glaykon Alex Vitti Stabile &#8211; Suplente<\/p>\n\n\n\n<p>Evelise Ono &#8211; Membro<\/p>\n\n\n\n<p><strong>Odontologia Restauradora<\/strong><\/p>\n\n\n\n<p>Giovani de Oliveira Correa &#8211; Coordenador<\/p>\n\n\n\n<p>Murilo Baena Lopes \u2013 Suplente<\/p>\n\n\n\n<p>Ricardo Shibayama &#8211; Membro<\/p>\n\n\n\n<p><strong>Patologia, An\u00e1lises Cl\u00ednicas e Toxicol\u00f3gica<\/strong>s<\/p>\n\n\n\n<p>Sandra Regina Quintal Carvalho -Coordenadora <\/p>\n\n\n\n<p>Karine Maria Boll &#8211; Suplente<\/p>\n\n\n\n<p>Guilherme Henrique Dantas Palma \u2013 Membro<\/p>\n\n\n\n<p><strong>Pediatria e Cirurgia Pedi\u00e1trica<\/strong><\/p>\n\n\n\n<p>Arnildo Linck Junior \u2013 Coordenador<\/p>\n\n\n\n<p>T\u00e2nia Hissa Anegawa \u2013 Suplente<\/p>\n\n\n\n<p>Andr\u00e9a Morgato de Mello Miyasaki \u2013 Membro<\/p>\n\n\n\n<p><strong>Sa\u00fade Coletiva<\/strong> <\/p>\n\n\n\n<p>Fernanda de Freitas Mendon\u00e7a &#8211; Coordenadora<\/p>\n\n\n\n<p>Renne Rodrigues &#8211; Suplente<\/p>\n\n\n\n<p>Thiago Vin\u00edcius Nadaleto Didone &#8211; Membro<\/p>\n\n\n\n<p><\/p>\n\n\n\n<p><strong>Comiss\u00e3o de Pesquisa dos Departamentos do CCS -Gest\u00e3o 2026 \u00e0 2028<\/strong><br><br><strong>Ci\u00eancias Farmac\u00eauticas<\/strong><\/p>\n\n\n\n<p>Audrey Alesandra Stinghen Garcia Lonni -Coordenadora<\/p>\n\n\n\n<p>Renata Micheli Martinez \u2013Suplente<\/p>\n\n\n\n<p>Andressa Keiko Matsumoto -Membro<\/p>\n\n\n\n<p><strong>Cl\u00ednica Cir\u00fargica<\/strong><\/p>\n\n\n\n<p>Emanuel Gois J\u00fanior -Coordenador<\/p>\n\n\n\n<p>Marcio Francisco Lehmann -Suplente<\/p>\n\n\n\n<p>Marco Aurelio Fornazieri -Membro<\/p>\n\n\n\n<p><strong>Cl\u00ednica M\u00e9dica <\/strong><\/p>\n\n\n\n<p>Tania Longo Mazzuco \u2013Coordenadora<\/p>\n\n\n\n<p>Marcel Jaqueto &#8211; Suplente<\/p>\n\n\n\n<p>Ana L\u00facia Cruz Furstenberber Lehmann &#8211; Membro<\/p>\n\n\n\n<p><strong>Enfermagem <\/strong> <\/p>\n\n\n\n<p>Flavia Meneguetti Pieri &#8211; Coordenadora<\/p>\n\n\n\n<p>Mariana Angela Rossaneis Moreira\u2013 Suplente<\/p>\n\n\n\n<p>Juliana Helena Montezeli- Membro<\/p>\n\n\n\n<p><strong>Fisioterapia <\/strong> <\/p>\n\n\n\n<p>Suhaila Mahmoud Smaili Santos &#8211; Coordenadora <\/p>\n\n\n\n<p>Fabio de Oliveira Pitta- Suplente<\/p>\n\n\n\n<p>Marcelle Brand\u00e3o Terra- Membro<\/p>\n\n\n\n<p><strong>Ginecologia e Obstetr\u00edcia<\/strong><\/p>\n\n\n\n<p>Inacio Teruo Inoue &#8211; Coordenador<\/p>\n\n\n\n<p><strong>Medicina Oral e Odontologia Infantil<\/strong><\/p>\n\n\n\n<p>Fernanda Akemi Nakanishi Ito \u2013 Coordenadora<\/p>\n\n\n\n<p>Priscila Paganini Costa Tiossi &#8211; Suplente<\/p>\n\n\n\n<p>Hedelson Odenir Iecher Borges &#8211; Membro<\/p>\n\n\n\n<p><strong>Odontologia Restauradora<\/strong> <\/p>\n\n\n\n<p>Murilo Baena Lopes- Coordenador<\/p>\n\n\n\n<p>Alcides Gonini J\u00fanior- Suplente<\/p>\n\n\n\n<p>Rodrigo Tiossi- Membro<\/p>\n\n\n\n<p><strong>Patologia, An\u00e1lises Cl\u00ednicas e Toxicol\u00f3gicas<\/strong><\/p>\n\n\n\n<p>Danielle Venturini &#8211; Coordenador<\/p>\n\n\n\n<p>Marcell Alysson Batisti Lozovoy -Suplente<\/p>\n\n\n\n<p>Luiz Antonio Cust\u00f3dio &#8211; Membro<\/p>\n\n\n\n<p><strong>Pediatria e Cirurgia Pedi\u00e1trica<\/strong><\/p>\n\n\n\n<p>Jaqueline Dario Capobiango &#8211; Coordenadora<\/p>\n\n\n\n<p>Arnildo Linck Junior &#8211; Suplente<\/p>\n\n\n\n<p>JClaudio Luiz Castro Gomes de Amorim\u2013 Membro<\/p>\n\n\n\n<p><strong>Sa\u00fade Coletiva<\/strong> <\/p>\n\n\n\n<p>Thiago Vin\u00edcius Nadaleto Didone &#8211; Coordenadora<\/p>\n\n\n\n<p>Gabrielle Freitas Saganski- Suplente<\/p>\n\n\n\n<p>Silvia Karla Azevedo Vieira Andrade- Membro<\/p>\n\n\n\n<p><strong>Comiss\u00e3o de Plant\u00e3o Docente<\/strong><\/p>\n\n\n\n<p><strong>Coordenadora: <\/strong>Prof\u00aaDr\u00aa Lucienne. T. Queiroz Cardoso \/ lucienne@uel.br\/Tel:3371-2234<\/p>\n\n\n\n<p>Prof\u00ba Ali Hussein El Kadri\/ elkadri@uel.br\/ Tel: 3371-2358<\/p>\n\n\n\n<p>Prof\u00aaDr\u00aa Evelise Ono\/ evelise.ono@uel.br\/ Tel: 3371-6753<\/p>\n\n\n\n<p>Prof\u00aa Fernanda Pegoraro de Godoi Melo\/ fernandap@uel.br\/ Tel: 3371-2274 <\/p>\n\n\n\n<p>Prof\u00baDr\u00ba Jos\u00e9 Manoel Da Silva Silvestre\/ jmanoel@uel.br\/ Tel: 3371-2269<\/p>\n\n\n\n<p>Prof\u00baDr\u00ba Jos\u00e9 Wander Bregan\u00f3\/ wbregano@uel.br\/ Tel: 3371-2274 <\/p>\n\n\n\n<p>Prof\u00aa Maria Cristina Ferreira Fontes\/ fontes@uel.br\/ Tel: 3371-2309<\/p>\n\n\n\n<p>Prof\u00baDr\u00ba Rodrigo Tiossi\/ rtiossi@uel.br\/ Tel: 3371-6753<\/p>\n\n\n\n<p>Prof\u00ba Roger Burgo De Souza\/ spine@uel.br\/ Tel: 3371-2288<\/p>\n\n\n\n<p><\/p>\n","protected":false},"excerpt":{"rendered":"<p>Comiss\u00e3o de Pesquisa do Centro de Ci\u00eancias da Sa\u00fade- Gest\u00e3o 2026 \u00e0 2028 Coordenadora: Suhaila Mahmoud Smaili Santos\/ FITVice- Coordenadora: Danielle Venturini\/ PAC Comiss\u00e3o de Extens\u00e3o do Centro de Ci\u00eancias da Sa\u00fade&#8211; Gest\u00e3o 2026 \u00e0 2028 Coordenadora: Gilselena Kerbauy LopesVice-Coordenadora: Dora Silvia Corr\u00eaa de Moraes Comiss\u00e3o de P\u00f3s-Gradua\u00e7\u00e3o do Centro de Ci\u00eancias da Sa\u00fade -Gest\u00e3o [&hellip;]<\/p>\n","protected":false},"author":7,"featured_media":0,"parent":0,"menu_order":0,"comment_status":"closed","ping_status":"closed","template":"","meta":{"_acf_changed":false,"footnotes":""},"class_list":["post-24","page","type-page","status-publish","hentry"],"acf":[],"_links":{"self":[{"href":"https:\/\/sites.uel.br\/ccs\/wp-json\/wp\/v2\/pages\/24","targetHints":{"allow":["GET"]}}],"collection":[{"href":"https:\/\/sites.uel.br\/ccs\/wp-json\/wp\/v2\/pages"}],"about":[{"href":"https:\/\/sites.uel.br\/ccs\/wp-json\/wp\/v2\/types\/page"}],"author":[{"embeddable":true,"href":"https:\/\/sites.uel.br\/ccs\/wp-json\/wp\/v2\/users\/7"}],"replies":[{"embeddable":true,"href":"https:\/\/sites.uel.br\/ccs\/wp-json\/wp\/v2\/comments?post=24"}],"version-history":[{"count":32,"href":"https:\/\/sites.uel.br\/ccs\/wp-json\/wp\/v2\/pages\/24\/revisions"}],"predecessor-version":[{"id":3180,"href":"https:\/\/sites.uel.br\/ccs\/wp-json\/wp\/v2\/pages\/24\/revisions\/3180"}],"wp:attachment":[{"href":"https:\/\/sites.uel.br\/ccs\/wp-json\/wp\/v2\/media?parent=24"}],"curies":[{"name":"wp","href":"https:\/\/api.w.org\/{rel}","templated":true}]}}