{"id":21,"date":"2021-03-29T18:29:08","date_gmt":"2021-03-29T21:29:08","guid":{"rendered":"https:\/\/sites.uel.br\/ccs\/?page_id=21"},"modified":"2021-04-13T21:45:21","modified_gmt":"2021-04-14T00:45:21","slug":"apresentacao","status":"publish","type":"page","link":"https:\/\/sites.uel.br\/ccs\/apresentacao\/","title":{"rendered":"Apresenta\u00e7\u00e3o"},"content":{"rendered":"\n<p><strong>Centro de Ci\u00eancias da Sa\u00fade (CCS)<\/strong><\/p>\n\n\n\n<p>O CCS tem por finalidade oferecer educa\u00e7\u00e3o superior (gradua\u00e7\u00e3o e p\u00f3s-gradua\u00e7\u00e3o) de excel\u00eancia, propiciando a forma\u00e7\u00e3o de profissionais de sa\u00fade capacitados e embasados em preceitos \u00e9ticos, morais, cient\u00edficos e human\u00edsticos. Formar pesquisadores e contribuir para o desenvolvimento cient\u00edfico e tecnol\u00f3gico de nossa regi\u00e3o atrav\u00e9s do ensino, pesquisa, extens\u00e3o e p\u00f3s-gradua\u00e7\u00e3o. Interagir com o poder p\u00fablico e com a sociedade na promo\u00e7\u00e3o de assist\u00eancia qualificada \u00e0 sa\u00fade e na dissemina\u00e7\u00e3o de novos conhecimentos nas \u00e1reas de Enfermagem, Farm\u00e1cia e Bioqu\u00edmica, Fisioterapia, Medicina e Odontologia.<\/p>\n\n\n\n<p><strong>Hist\u00f3rico<\/strong><\/p>\n\n\n\n<p>Criado em 1971, o CCS, iniciou suas atividades com tr\u00eas cursos de gradua\u00e7\u00e3o, s\u00e3o eles: Odontologia (1962); Medicina (1967) e&nbsp;Farm\u00e1cia (1969). Em 1972, foi implantado o curso de Enfermagem e, sete anos ap\u00f3s, o curso de Fisioterapia.<\/p>\n\n\n\n<p>O&nbsp;CCS&nbsp;ganhou&nbsp;um perfil acad\u00eamico, mantendo os cinco cursos de gradua\u00e7\u00e3o que os caracteriza&nbsp;at\u00e9 os dias atuais. As salas de aula e laborat\u00f3rios utilizados no in\u00edcio, eram da antiga Faculdade de Odontologia (Rua Pernambuco) e a antiga Faculdade de Medicina Norte do Paran\u00e1 (Centro de Ci\u00eancias Biol\u00f3gicas \u2013 CCB), no Campus Universit\u00e1rio. Para os est\u00e1gio pr\u00e1ticos, foram utilizadas as instala\u00e7\u00f5es do Hospital Comunit\u00e1rio (Santa Casa \u2013&nbsp;1969\/70). A partir de 1971 o&nbsp;CCS&nbsp;passou a contar com um Hospital Universit\u00e1rio, provisoriamente instalado nas depend\u00eancias do antigo Hospital Evang\u00e9lico. Em 1975 o Hospital Universit\u00e1rio, quando transferido para o antigo ex Sanat\u00f3rio de Tuberculose da Secretaria Estadual de Sa\u00fade, ganhou estrutura pr\u00f3pria onde encontra-se hoje definitivamente implantado como \u00f3rg\u00e3o suplementar da UEL e como a maior estrutura p\u00fablica de assist\u00eancia m\u00e9dico hospitalar do Norte do Paran\u00e1, denominado Hospital Universit\u00e1rio Regional do Norte do Paran\u00e1 (HURNP).<\/p>\n\n\n\n<p>Ao mesmo tempo, gradualmente, foram sendo expandidas as instala\u00e7\u00f5es da Cl\u00ednica Odontol\u00f3gica, at\u00e9 constituir-se na maior estrutura p\u00fablica regional em termos de assist\u00eancia odontol\u00f3gica, caracterizando-se, a partir de dezembro de 1993, como Centro Odontol\u00f3gico Universit\u00e1rio do Norte do Paran\u00e1 (COUNP), tamb\u00e9m \u00f3rg\u00e3o suplementar da UEL.<\/p>\n\n\n\n<p>Al\u00e9m das estruturas assistenciais que, demonstram por si s\u00f3, os compromissos acad\u00eamicos com a sa\u00fade da popula\u00e7\u00e3o loco-regional, o\u00a0CCS implantou pioneiramente os primeiros servi\u00e7os de sa\u00fade descentralizados do Paran\u00e1, sendo: os Postos de Sa\u00fade da Vila da Fraternidade (1971), do Jardim do Sol (1972) e dos distritos rurais de Paiquer\u00ea (1972) e Guaravera (1978), juntamente com a unidade de Assist\u00eancia Odontol\u00f3gica instalada na Escola Municipal Carlos Kraemer (1988).<\/p>\n\n\n\n<p><strong>fonte:<\/strong>&nbsp;Rel\u00e1t\u00f3rio UEL\/CCS 1993. Um breve hist\u00f3rico e novos tempos \u2013 maio\/junho de 1994.<\/p>\n\n\n\n<figure class=\"wp-block-gallery columns-0 is-cropped wp-block-gallery-1 is-layout-flex wp-block-gallery-is-layout-flex\"><ul class=\"blocks-gallery-grid\"><\/ul><\/figure>\n\n\n\n<div class=\"wp-block-image\"><figure class=\"aligncenter size-large\"><img loading=\"lazy\" decoding=\"async\" width=\"449\" height=\"344\" src=\"https:\/\/sites.uel.br\/ccs\/wp-content\/uploads\/2021\/04\/CCS-Marilza41-1-1.jpg\" alt=\"\" class=\"wp-image-126\" srcset=\"https:\/\/sites.uel.br\/ccs\/wp-content\/uploads\/2021\/04\/CCS-Marilza41-1-1.jpg 449w, https:\/\/sites.uel.br\/ccs\/wp-content\/uploads\/2021\/04\/CCS-Marilza41-1-1-300x230.jpg 300w\" sizes=\"auto, (max-width: 449px) 100vw, 449px\" \/><\/figure><\/div>\n","protected":false},"excerpt":{"rendered":"<p>Centro de Ci\u00eancias da Sa\u00fade (CCS) O CCS tem por finalidade oferecer educa\u00e7\u00e3o superior (gradua\u00e7\u00e3o e p\u00f3s-gradua\u00e7\u00e3o) de excel\u00eancia, propiciando a forma\u00e7\u00e3o de profissionais de sa\u00fade capacitados e embasados em preceitos \u00e9ticos, morais, cient\u00edficos e human\u00edsticos. Formar pesquisadores e contribuir para o desenvolvimento cient\u00edfico e tecnol\u00f3gico de nossa regi\u00e3o atrav\u00e9s do ensino, pesquisa, extens\u00e3o e [&hellip;]<\/p>\n","protected":false},"author":7,"featured_media":0,"parent":0,"menu_order":0,"comment_status":"closed","ping_status":"closed","template":"","meta":{"_acf_changed":false,"footnotes":""},"class_list":["post-21","page","type-page","status-publish","hentry"],"acf":[],"_links":{"self":[{"href":"https:\/\/sites.uel.br\/ccs\/wp-json\/wp\/v2\/pages\/21","targetHints":{"allow":["GET"]}}],"collection":[{"href":"https:\/\/sites.uel.br\/ccs\/wp-json\/wp\/v2\/pages"}],"about":[{"href":"https:\/\/sites.uel.br\/ccs\/wp-json\/wp\/v2\/types\/page"}],"author":[{"embeddable":true,"href":"https:\/\/sites.uel.br\/ccs\/wp-json\/wp\/v2\/users\/7"}],"replies":[{"embeddable":true,"href":"https:\/\/sites.uel.br\/ccs\/wp-json\/wp\/v2\/comments?post=21"}],"version-history":[{"count":11,"href":"https:\/\/sites.uel.br\/ccs\/wp-json\/wp\/v2\/pages\/21\/revisions"}],"predecessor-version":[{"id":203,"href":"https:\/\/sites.uel.br\/ccs\/wp-json\/wp\/v2\/pages\/21\/revisions\/203"}],"wp:attachment":[{"href":"https:\/\/sites.uel.br\/ccs\/wp-json\/wp\/v2\/media?parent=21"}],"curies":[{"name":"wp","href":"https:\/\/api.w.org\/{rel}","templated":true}]}}