{"id":1817,"date":"2024-06-21T10:50:48","date_gmt":"2024-06-21T13:50:48","guid":{"rendered":"https:\/\/sites.uel.br\/ccs\/?page_id=1817"},"modified":"2024-06-21T11:01:00","modified_gmt":"2024-06-21T14:01:00","slug":"financeiro-proppg","status":"publish","type":"page","link":"https:\/\/sites.uel.br\/ccs\/financeiro-proppg\/","title":{"rendered":"Financeiro PROPPG"},"content":{"rendered":"\n<p><\/p>\n\n\n\n<p><\/p>\n\n\n\n<p><a href=\"https:\/\/sites.uel.br\/proppg\/formularios-financeiro-pos\/\">Formul\u00e1rios<\/a><\/p>\n\n\n\n<p><a href=\"https:\/\/sites.uel.br\/proppg\/financeiro-pos\/\">Procedimentos para utiliza\u00e7\u00e3o dos recursos da P\u00f3s-Gradua\u00e7\u00e3o<\/a><\/p>\n\n\n\n<p><\/p>\n","protected":false},"excerpt":{"rendered":"<p>Formul\u00e1rios Procedimentos para utiliza\u00e7\u00e3o dos recursos da P\u00f3s-Gradua\u00e7\u00e3o<\/p>\n","protected":false},"author":15,"featured_media":0,"parent":0,"menu_order":0,"comment_status":"closed","ping_status":"closed","template":"","meta":{"_acf_changed":false,"footnotes":""},"class_list":["post-1817","page","type-page","status-publish","hentry"],"acf":[],"_links":{"self":[{"href":"https:\/\/sites.uel.br\/ccs\/wp-json\/wp\/v2\/pages\/1817","targetHints":{"allow":["GET"]}}],"collection":[{"href":"https:\/\/sites.uel.br\/ccs\/wp-json\/wp\/v2\/pages"}],"about":[{"href":"https:\/\/sites.uel.br\/ccs\/wp-json\/wp\/v2\/types\/page"}],"author":[{"embeddable":true,"href":"https:\/\/sites.uel.br\/ccs\/wp-json\/wp\/v2\/users\/15"}],"replies":[{"embeddable":true,"href":"https:\/\/sites.uel.br\/ccs\/wp-json\/wp\/v2\/comments?post=1817"}],"version-history":[{"count":4,"href":"https:\/\/sites.uel.br\/ccs\/wp-json\/wp\/v2\/pages\/1817\/revisions"}],"predecessor-version":[{"id":1830,"href":"https:\/\/sites.uel.br\/ccs\/wp-json\/wp\/v2\/pages\/1817\/revisions\/1830"}],"wp:attachment":[{"href":"https:\/\/sites.uel.br\/ccs\/wp-json\/wp\/v2\/media?parent=1817"}],"curies":[{"name":"wp","href":"https:\/\/api.w.org\/{rel}","templated":true}]}}