{"id":1769,"date":"2024-06-20T09:55:41","date_gmt":"2024-06-20T12:55:41","guid":{"rendered":"https:\/\/sites.uel.br\/ccs\/?page_id=1769"},"modified":"2024-06-25T16:18:02","modified_gmt":"2024-06-25T19:18:02","slug":"pedido-do-exame-de-qualificacao","status":"publish","type":"page","link":"https:\/\/sites.uel.br\/ccs\/pedido-do-exame-de-qualificacao\/","title":{"rendered":"Pedido do Exame de Qualifica\u00e7\u00e3o"},"content":{"rendered":"\n<p><\/p>\n\n\n\n<p><\/p>\n\n\n\n<p><\/p>\n\n\n\n<p><strong>Tramita\u00e7\u00e3o para o pedido do Exame de Qualifica\u00e7\u00e3o:&nbsp;<\/strong>&nbsp;<\/p>\n\n\n\n<ol class=\"wp-block-list\">\n<li>Solicitar o Exame de Qualifica\u00e7\u00e3o no&nbsp;<a href=\"https:\/\/sistemas.uel.br\/portaldepos\/index\" target=\"_blank\" rel=\"noreferrer noopener\">Portal do Estudante de P\u00f3s-Gradua\u00e7\u00e3o<\/a>;<\/li>\n\n\n\n<li>A PROPPG receber\u00e1 o pedido e realizar\u00e1 a an\u00e1lise da solicita\u00e7\u00e3o;<\/li>\n\n\n\n<li>Caso o pedido seja deferido (APTO), o(a) requerente dever\u00e1 preencher o&nbsp;<a href=\"https:\/\/sites.uel.br\/ccs\/formularios\/\" target=\"_blank\" rel=\"noreferrer noopener\">Formul\u00e1rio de Solicita\u00e7\u00e3o de Exame Qualifica\u00e7\u00e3o\/ Defesa<\/a> e seguir para o passo 9;<\/li>\n\n\n\n<li>Caso o pedido seja indeferido (N\u00c3O APTO), a PROPPG informar\u00e1 o motivo no <a href=\"https:\/\/sistemas.uel.br\/portaldepos\/index\" target=\"_blank\" rel=\"noreferrer noopener\">Portal do Estudante de P\u00f3s-Gradua\u00e7\u00e3o<\/a>;<\/li>\n\n\n\n<li>A Se\u00e7\u00e3o de P\u00f3s-Gradua\u00e7\u00e3o comunicar\u00e1 o parecer da PROPPG, via e-mail, ao estudante, orientador(a) e Coordena\u00e7\u00e3o do Programa;<\/li>\n\n\n\n<li>Os envolvidos dever\u00e3o providenciar a regulariza\u00e7\u00e3o das pend\u00eancias;<\/li>\n\n\n\n<li>Uma vez regularizada a situa\u00e7\u00e3o, aguardar a rean\u00e1lise da PROPPG;<\/li>\n\n\n\n<li>Ap\u00f3s libera\u00e7\u00e3o da PROPPG, o(a) requerente dever\u00e1 preencher o&nbsp;<a href=\"https:\/\/sites.uel.br\/ccs\/formularios\/\" target=\"_blank\" rel=\"noreferrer noopener\">Formul\u00e1rio de Solicita\u00e7\u00e3o de Exame Qualifica\u00e7\u00e3o\/ Defesa<\/a>;<\/li>\n\n\n\n<li>A Se\u00e7\u00e3o de P\u00f3s-Gradua\u00e7\u00e3o receber\u00e1 os dados e cadastrar\u00e1&nbsp;o pedido no Sistema UEL;<\/li>\n\n\n\n<li>A Se\u00e7\u00e3o de P\u00f3s-Gradua\u00e7\u00e3o encaminhar\u00e1 a documenta\u00e7\u00e3o, via e-mail, para a realiza\u00e7\u00e3o do Exame;<\/li>\n\n\n\n<li>Ap\u00f3s o Exame, a Ata de Exame de Qualifica\u00e7\u00e3o dever\u00e1 ser enviada ao e-mail da Se\u00e7\u00e3o de P\u00f3s-Gradua\u00e7\u00e3o.<\/li>\n<\/ol>\n\n\n\n<p><\/p>\n\n\n\n<p><\/p>\n\n\n\n<p><strong>ATEN\u00c7\u00c3O:<\/strong><\/p>\n\n\n\n<ul class=\"wp-block-list\">\n<li>Para a realiza\u00e7\u00e3o do Exame de Qualifica\u00e7\u00e3o \u00e9 necess\u00e1rio que o(a) estudante tenha cumprido <strong>todos os cr\u00e9ditos<\/strong> (conforme Regimento\/Resolu\u00e7\u00e3o de cada Programa);<\/li>\n\n\n\n<li>O pedido do Exame de Qualifica\u00e7\u00e3o dever\u00e1 ser solicitado em at\u00e9 <strong>30<\/strong> (trinta) dias de anteced\u00eancia \u00e0 data do Exame;<\/li>\n\n\n\n<li>A Se\u00e7\u00e3o de P\u00f3s-Gradua\u00e7\u00e3o <strong>cadastra<\/strong> os pedidos no sistema UEL \u00e0s <strong>ter\u00e7as-feiras<\/strong>;<\/li>\n\n\n\n<li>A PROPPG realiza a <strong>an\u00e1lise e rean\u00e1lise<\/strong> do pedido \u00e0s <strong>quartas-feiras<\/strong>;&nbsp;<\/li>\n\n\n\n<li>A Ata de Exame de Qualifica\u00e7\u00e3o dever\u00e1 ser enviada em at\u00e9&nbsp;<strong>02<\/strong> (dois) dias ap\u00f3s o Exame;<\/li>\n\n\n\n<li>Caso o Exame seja remoto, o(a) Presidente da banca poder\u00e1 assinar pelos demais membros da banca;<\/li>\n\n\n\n<li>Caso tenha urg\u00eancia para a <strong>rean\u00e1lise<\/strong> do pedido, entrar em contato com a PROPPG (<a href=\"mailto:draproppg@uel.br\" target=\"_blank\" rel=\"noreferrer noopener\">draproppg@uel.br<\/a>);<\/li>\n\n\n\n<li>As <strong>pend\u00eancias<\/strong> mais comuns para que o(a) estudante esteja <strong>N\u00c3O APTO<\/strong> para o Exame de Qualifica\u00e7\u00e3o s\u00e3o:&nbsp; cr\u00e9ditos n\u00e3o cumpridos, pautas abertas, falta do exame de profici\u00eancia, documentos de matr\u00edcula n\u00e3o entregue ou ileg\u00edveis e outros.<\/li>\n<\/ul>\n\n\n\n<div class=\"wp-block-file\"><a href=\"https:\/\/sites.uel.br\/ccs\/wp-content\/uploads\/2024\/06\/Qualificacao-2-1024x576.png\">FLUXOGRAMA DE QUALIFICA\u00c7\u00c3O<\/a><a href=\"https:\/\/sites.uel.br\/ccs\/wp-content\/uploads\/2024\/06\/Qualificacao-2-1024x576.png\" class=\"wp-block-file__button wp-element-button\" download>Baixar<\/a><\/div>\n","protected":false},"excerpt":{"rendered":"<p>Tramita\u00e7\u00e3o para o pedido do Exame de Qualifica\u00e7\u00e3o:&nbsp;&nbsp; ATEN\u00c7\u00c3O:<\/p>\n","protected":false},"author":15,"featured_media":0,"parent":0,"menu_order":0,"comment_status":"closed","ping_status":"closed","template":"","meta":{"_acf_changed":false,"footnotes":""},"class_list":["post-1769","page","type-page","status-publish","hentry"],"acf":[],"_links":{"self":[{"href":"https:\/\/sites.uel.br\/ccs\/wp-json\/wp\/v2\/pages\/1769","targetHints":{"allow":["GET"]}}],"collection":[{"href":"https:\/\/sites.uel.br\/ccs\/wp-json\/wp\/v2\/pages"}],"about":[{"href":"https:\/\/sites.uel.br\/ccs\/wp-json\/wp\/v2\/types\/page"}],"author":[{"embeddable":true,"href":"https:\/\/sites.uel.br\/ccs\/wp-json\/wp\/v2\/users\/15"}],"replies":[{"embeddable":true,"href":"https:\/\/sites.uel.br\/ccs\/wp-json\/wp\/v2\/comments?post=1769"}],"version-history":[{"count":7,"href":"https:\/\/sites.uel.br\/ccs\/wp-json\/wp\/v2\/pages\/1769\/revisions"}],"predecessor-version":[{"id":1853,"href":"https:\/\/sites.uel.br\/ccs\/wp-json\/wp\/v2\/pages\/1769\/revisions\/1853"}],"wp:attachment":[{"href":"https:\/\/sites.uel.br\/ccs\/wp-json\/wp\/v2\/media?parent=1769"}],"curies":[{"name":"wp","href":"https:\/\/api.w.org\/{rel}","templated":true}]}}