{"id":1764,"date":"2024-06-20T09:47:44","date_gmt":"2024-06-20T12:47:44","guid":{"rendered":"https:\/\/sites.uel.br\/ccs\/?page_id=1764"},"modified":"2024-06-21T10:43:18","modified_gmt":"2024-06-21T13:43:18","slug":"matricula","status":"publish","type":"page","link":"https:\/\/sites.uel.br\/ccs\/matricula\/","title":{"rendered":"Matr\u00edcula"},"content":{"rendered":"\n<p><\/p>\n\n\n\n<p><\/p>\n\n\n\n<p><strong>Orienta\u00e7\u00f5es para a Matr\u00edcula:&nbsp;<\/strong>&nbsp;<\/p>\n\n\n\n<ul class=\"wp-block-list\">\n<li>A matr\u00edcula de estudantes ingressantes \u00e9 realizada, via&nbsp;<a href=\"https:\/\/sistemas.uel.br\/portaldepos\/index\" target=\"_blank\" rel=\"noreferrer noopener\">Portal do Estudante de P\u00f3s-Gradua\u00e7\u00e3o<\/a>,&nbsp;no per\u00edodo divulgado a cada novo Edital de Resultado e Convoca\u00e7\u00e3o para a Matr\u00edcula;&nbsp;<\/li>\n\n\n\n<li>O candidato aprovado e classificado ter\u00e1 que, primeiramente, cadastrar-se&nbsp; em &#8220;cadastro'&#8221; para ter acesso ao Portal do Estudante de P\u00f3s-Gradua\u00e7\u00e3o.&nbsp;<strong>O cadastro dever\u00e1 ocorrer no mesmo per\u00edodo em que ser\u00e1 realizada a matr\u00edcula<\/strong>;<\/li>\n\n\n\n<li>Para quem j\u00e1 tem cadastro no Portal do Estudante de P\u00f3s-Gradua\u00e7\u00e3o basta clicar em &#8220;entrar&#8221; (canto superior direito da tela) e informar o novo n\u00famero de matr\u00edcula com a senha de acesso que j\u00e1 possui. Caso tenha se esquecido da senha, clique em &#8220;esqueceu sua senha?&#8221; para recuper\u00e1-la;<\/li>\n\n\n\n<li>Para quem n\u00e3o tem cadastro no Portal do Estudante de P\u00f3s-Gradua\u00e7\u00e3o, clique em &#8220;cadastro&#8221; e siga as orienta\u00e7\u00f5es. O candidato aprovado receber\u00e1 no e-mail cadastrado o n\u00famero de matr\u00edcula e senha. Para confirmar a matr\u00edcula, retorne ao Portal do Estudante de P\u00f3s-Gradua\u00e7\u00e3o e preencha os campos &#8220;n\u00famero de matr\u00edcula&#8221;&nbsp; e &#8220;senha&#8221;.<\/li>\n\n\n\n<li>\u00c9&nbsp;<strong>obrigat\u00f3ria<\/strong>&nbsp;a realiza\u00e7\u00e3o da&nbsp;<strong>matr\u00edcula<\/strong>&nbsp;bem como o&nbsp;<strong>upload<\/strong>&nbsp;dos documentos;<\/li>\n\n\n\n<li>A n\u00e3o confirma\u00e7\u00e3o da matr\u00edcula&nbsp;<strong>dentro do prazo<\/strong>&nbsp;implicar\u00e1 na perda da vaga;<\/li>\n\n\n\n<li>Cabe ao estudante ter ci\u00eancia de quais disciplinas dever\u00e1 matricular-se;<\/li>\n\n\n\n<li>O estudante dever\u00e1 estar matriculado em Disserta\u00e7\u00e3o ou Tese desde o seu ingresso no Programa (matricular-se\u00a0<strong>apenas<\/strong>\u00a0na Disserta\u00e7\u00e3o ou Tese\u00a0<strong>correspondente ao semestre que ir\u00e1 cursar<\/strong>).<\/li>\n<\/ul>\n\n\n\n<p><\/p>\n\n\n\n<p><strong>ATEN\u00c7\u00c3O:<\/strong><\/p>\n\n\n\n<ul class=\"wp-block-list\">\n<li>Estudantes matriculados em Programas de P\u00f3s-Gradua\u00e7\u00e3o Stricto sensu de outras Institui\u00e7\u00f5es, devidamente reconhecidos pela CAPES,  poder\u00e3o cursar disciplinas como estudante especial, ofertadas a qualquer momento no per\u00edodo letivo pelos Programas da UEL, desde que sejam autorizados pelo docente respons\u00e1vel da disciplina e pelo Coordenador do Programa e atendam aos seguintes procedimentos: preenchimento do <a href=\"https:\/\/sites.uel.br\/proppg\/formularios-da-pos-graduacao\/\">requerimento fornecido pela PROPPG<\/a>, apresenta\u00e7\u00e3o do comprovante de matr\u00edcula da Institui\u00e7\u00e3o de origem e apresenta\u00e7\u00e3o de uma carta do orientador recomendando a realiza\u00e7\u00e3o da disciplina. Os documentos dever\u00e3o ser encaminhados para: <a href=\"https:\/\/sites.uel.br\/ccs\/programas-de-pos-graduacao\/\">e-mail da Coordena\u00e7\u00e3o do Programa<\/a>, <a href=\"mailto:dam@uel.br\">dam@uel.br<\/a> e <a href=\"mailto:spgccs@uel.br\">spgccs@uel.br<\/a>.<\/li>\n<\/ul>\n","protected":false},"excerpt":{"rendered":"<p>Orienta\u00e7\u00f5es para a Matr\u00edcula:&nbsp;&nbsp; ATEN\u00c7\u00c3O:<\/p>\n","protected":false},"author":15,"featured_media":0,"parent":0,"menu_order":0,"comment_status":"closed","ping_status":"closed","template":"","meta":{"_acf_changed":false,"footnotes":""},"class_list":["post-1764","page","type-page","status-publish","hentry"],"acf":[],"_links":{"self":[{"href":"https:\/\/sites.uel.br\/ccs\/wp-json\/wp\/v2\/pages\/1764","targetHints":{"allow":["GET"]}}],"collection":[{"href":"https:\/\/sites.uel.br\/ccs\/wp-json\/wp\/v2\/pages"}],"about":[{"href":"https:\/\/sites.uel.br\/ccs\/wp-json\/wp\/v2\/types\/page"}],"author":[{"embeddable":true,"href":"https:\/\/sites.uel.br\/ccs\/wp-json\/wp\/v2\/users\/15"}],"replies":[{"embeddable":true,"href":"https:\/\/sites.uel.br\/ccs\/wp-json\/wp\/v2\/comments?post=1764"}],"version-history":[{"count":4,"href":"https:\/\/sites.uel.br\/ccs\/wp-json\/wp\/v2\/pages\/1764\/revisions"}],"predecessor-version":[{"id":1816,"href":"https:\/\/sites.uel.br\/ccs\/wp-json\/wp\/v2\/pages\/1764\/revisions\/1816"}],"wp:attachment":[{"href":"https:\/\/sites.uel.br\/ccs\/wp-json\/wp\/v2\/media?parent=1764"}],"curies":[{"name":"wp","href":"https:\/\/api.w.org\/{rel}","templated":true}]}}