{"id":1609,"date":"2024-05-29T11:24:04","date_gmt":"2024-05-29T14:24:04","guid":{"rendered":"https:\/\/sites.uel.br\/ccs\/?page_id=1609"},"modified":"2025-08-18T13:29:15","modified_gmt":"2025-08-18T16:29:15","slug":"cancelamento-de-matricula","status":"publish","type":"page","link":"https:\/\/sites.uel.br\/ccs\/cancelamento-de-matricula\/","title":{"rendered":"Cancelamento de Matr\u00edcula"},"content":{"rendered":"\n<p><\/p>\n\n\n\n<p><strong>Orienta\u00e7\u00f5es para o Cancelamento de Matr\u00edcula:&nbsp;<\/strong>&nbsp;<\/p>\n\n\n\n<p>Enviar e-mail \u00e0 Divis\u00e3o de Registro Acad\u00eamico\/PROPPG <strong>(<a href=\"mailto:draproppg@uel.br\" target=\"_blank\" rel=\"noreferrer noopener\">draproppg@uel.br<\/a>),<\/strong> <strong>com c\u00f3pia para o e-mail da Coordena\u00e7\u00e3o do Programa<\/strong>, contendo as seguintes informa\u00e7\u00f5es:<\/p>\n\n\n\n<p>&#8211;<strong> Nome do estudante;<\/strong><\/p>\n\n\n\n<p>&#8211; <strong>N\u00famero de matr\u00edcula;<\/strong><\/p>\n\n\n\n<p>&#8211; <strong>Justificativa para o cancelamento.<\/strong>&nbsp;<\/p>\n\n\n\n<p><\/p>\n\n\n\n<p><strong>ATEN\u00c7\u00c3O:<\/strong><\/p>\n\n\n\n<p>O estudante poder\u00e1 solicitar junto \u00e0 PROPPG, a qualquer tempo, o cancelamento de matr\u00edcula no Programa, cujo pedido ser\u00e1 enviado \u00e0 Coordena\u00e7\u00e3o para conhecimento.<\/p>\n","protected":false},"excerpt":{"rendered":"<p>Orienta\u00e7\u00f5es para o Cancelamento de Matr\u00edcula:&nbsp;&nbsp; Enviar e-mail \u00e0 Divis\u00e3o de Registro Acad\u00eamico\/PROPPG (draproppg@uel.br), com c\u00f3pia para o e-mail da Coordena\u00e7\u00e3o do Programa, contendo as seguintes informa\u00e7\u00f5es: &#8211; Nome do estudante; &#8211; N\u00famero de matr\u00edcula; &#8211; Justificativa para o cancelamento.&nbsp; ATEN\u00c7\u00c3O: O estudante poder\u00e1 solicitar junto \u00e0 PROPPG, a qualquer tempo, o cancelamento de matr\u00edcula [&hellip;]<\/p>\n","protected":false},"author":15,"featured_media":0,"parent":0,"menu_order":0,"comment_status":"closed","ping_status":"closed","template":"","meta":{"_acf_changed":false,"footnotes":""},"class_list":["post-1609","page","type-page","status-publish","hentry"],"acf":[],"_links":{"self":[{"href":"https:\/\/sites.uel.br\/ccs\/wp-json\/wp\/v2\/pages\/1609","targetHints":{"allow":["GET"]}}],"collection":[{"href":"https:\/\/sites.uel.br\/ccs\/wp-json\/wp\/v2\/pages"}],"about":[{"href":"https:\/\/sites.uel.br\/ccs\/wp-json\/wp\/v2\/types\/page"}],"author":[{"embeddable":true,"href":"https:\/\/sites.uel.br\/ccs\/wp-json\/wp\/v2\/users\/15"}],"replies":[{"embeddable":true,"href":"https:\/\/sites.uel.br\/ccs\/wp-json\/wp\/v2\/comments?post=1609"}],"version-history":[{"count":7,"href":"https:\/\/sites.uel.br\/ccs\/wp-json\/wp\/v2\/pages\/1609\/revisions"}],"predecessor-version":[{"id":2744,"href":"https:\/\/sites.uel.br\/ccs\/wp-json\/wp\/v2\/pages\/1609\/revisions\/2744"}],"wp:attachment":[{"href":"https:\/\/sites.uel.br\/ccs\/wp-json\/wp\/v2\/media?parent=1609"}],"curies":[{"name":"wp","href":"https:\/\/api.w.org\/{rel}","templated":true}]}}