{"id":1553,"date":"2024-05-28T12:54:53","date_gmt":"2024-05-28T15:54:53","guid":{"rendered":"https:\/\/sites.uel.br\/ccs\/?page_id=1553"},"modified":"2024-06-19T16:49:49","modified_gmt":"2024-06-19T19:49:49","slug":"trancamento-de-matricula","status":"publish","type":"page","link":"https:\/\/sites.uel.br\/ccs\/trancamento-de-matricula\/","title":{"rendered":"Trancamento de Matr\u00edcula"},"content":{"rendered":"\n<p><\/p>\n\n\n\n<p><strong>Orienta\u00e7\u00f5es para o Trancamento de Matr\u00edcula:&nbsp;<\/strong>&nbsp;<\/p>\n\n\n\n<ol class=\"wp-block-list\">\n<li>Acessar o&nbsp;<a href=\"https:\/\/sistemas.uel.br\/portaldepos\/index\" target=\"_blank\" rel=\"noreferrer noopener\">Portal do Estudante de P\u00f3s-Gradua\u00e7\u00e3o<\/a>;<\/li>\n\n\n\n<li>Na aba Servi\u00e7os, acessar o \u00edcone Requerimentos e selecionar  Trancamento de Matr\u00edcula;<\/li>\n\n\n\n<li>Comunicar\u00a0o(a) Orientador(a) e o(a)Coordenador(a) do Programa de que realizou esta solicita\u00e7\u00e3o e aguardar o parecer dos mesmos;<\/li>\n\n\n\n<li>Acompanhar, via Portal do Estudante de P\u00f3s-Gradua\u00e7\u00e3o, a an\u00e1lise do seu pedido.<\/li>\n<\/ol>\n\n\n\n<p><\/p>\n\n\n\n<p><\/p>\n\n\n\n<p><\/p>\n\n\n\n<p><strong>ATEN\u00c7\u00c3O:<\/strong><\/p>\n\n\n\n<ul class=\"wp-block-list\">\n<li>O estudante de P\u00f3s-Gradua\u00e7\u00e3o poder\u00e1, mediante pedido justificado e aprovado pela Comiss\u00e3o Coordenadora, solicitar trancamento de matr\u00edcula desde que esteja dentro do prazo regular e n\u00e3o se encontre matriculado no&nbsp;<strong>primeiro per\u00edodo<\/strong>&nbsp;do Programa e n\u00e3o o requeira&nbsp;ap\u00f3s ter decorrido 2\/3 do per\u00edodo letivo em andamento;<\/li>\n\n\n\n<li>N\u00e3o ser\u00e1 permitido o trancamento de matr\u00edcula em disciplina;<\/li>\n\n\n\n<li>\u00c9 vedada a prorroga\u00e7\u00e3o do prazo para conclus\u00e3o do Programa quando o estudante estiver com a matr\u00edcula trancada;<\/li>\n\n\n\n<li>O trancamento da matr\u00edcula s\u00f3 poder\u00e1 ser deferido por&nbsp;<strong>uma \u00fanica vez<\/strong>.<\/li>\n<\/ul>\n\n\n\n<p><\/p>\n","protected":false},"excerpt":{"rendered":"<p>Orienta\u00e7\u00f5es para o Trancamento de Matr\u00edcula:&nbsp;&nbsp; ATEN\u00c7\u00c3O:<\/p>\n","protected":false},"author":15,"featured_media":0,"parent":0,"menu_order":0,"comment_status":"closed","ping_status":"closed","template":"","meta":{"_acf_changed":false,"footnotes":""},"class_list":["post-1553","page","type-page","status-publish","hentry"],"acf":[],"_links":{"self":[{"href":"https:\/\/sites.uel.br\/ccs\/wp-json\/wp\/v2\/pages\/1553","targetHints":{"allow":["GET"]}}],"collection":[{"href":"https:\/\/sites.uel.br\/ccs\/wp-json\/wp\/v2\/pages"}],"about":[{"href":"https:\/\/sites.uel.br\/ccs\/wp-json\/wp\/v2\/types\/page"}],"author":[{"embeddable":true,"href":"https:\/\/sites.uel.br\/ccs\/wp-json\/wp\/v2\/users\/15"}],"replies":[{"embeddable":true,"href":"https:\/\/sites.uel.br\/ccs\/wp-json\/wp\/v2\/comments?post=1553"}],"version-history":[{"count":5,"href":"https:\/\/sites.uel.br\/ccs\/wp-json\/wp\/v2\/pages\/1553\/revisions"}],"predecessor-version":[{"id":1744,"href":"https:\/\/sites.uel.br\/ccs\/wp-json\/wp\/v2\/pages\/1553\/revisions\/1744"}],"wp:attachment":[{"href":"https:\/\/sites.uel.br\/ccs\/wp-json\/wp\/v2\/media?parent=1553"}],"curies":[{"name":"wp","href":"https:\/\/api.w.org\/{rel}","templated":true}]}}