{"id":1406,"date":"2024-05-07T15:12:54","date_gmt":"2024-05-07T18:12:54","guid":{"rendered":"https:\/\/sites.uel.br\/ccs\/?page_id=1406"},"modified":"2024-06-20T08:45:18","modified_gmt":"2024-06-20T11:45:18","slug":"contatos-proppg","status":"publish","type":"page","link":"https:\/\/sites.uel.br\/ccs\/contatos-proppg\/","title":{"rendered":"Contatos PROPPG"},"content":{"rendered":"\n<p><\/p>\n\n\n\n<p><strong>Divis\u00e3o de Registro Acad\u00eamico<\/strong><\/p>\n\n\n\n<div class=\"wp-block-group\"><div class=\"wp-block-group__inner-container is-layout-constrained wp-block-group-is-layout-constrained\">\n<p>Cristina dos Santos: 3371 &#8211; 4108&nbsp;\/&nbsp;<a href=\"mailto:draproppg@uel.br\" target=\"_blank\" rel=\"noreferrer noopener\">draproppg@uel.br<\/a><\/p>\n\n\n\n<p>Assuntos sobre:<\/p>\n\n\n\n<ul class=\"wp-block-list\">\n<li>Pauta eletr\u00f4nica;<\/li>\n\n\n\n<li>Homologa\u00e7\u00e3o de pedidos de qualifica\u00e7\u00e3o e defesa (an\u00e1lise, prazo, crit\u00e9rios);&nbsp;<\/li>\n\n\n\n<li>Certificado de conclus\u00e3o de curso;<\/li>\n\n\n\n<li>Inclus\u00e3o e cancelamento de disciplina;<\/li>\n\n\n\n<li>Prorroga\u00e7\u00e3o de prazo;<\/li>\n\n\n\n<li>Pedidos fora do prazo;<\/li>\n\n\n\n<li>Cadastro da chapa funcional de docente;<\/li>\n\n\n\n<li>Cancelamento de matr\u00edcula;<\/li>\n\n\n\n<li>Trancamento de matr\u00edcula;<\/li>\n\n\n\n<li>Atestados m\u00e9dicos<\/li>\n\n\n\n<li>Chapa funcional de docentes.<\/li>\n<\/ul>\n<\/div><\/div>\n\n\n\n<p><strong>Divis\u00e3o de Admiss\u00e3o e Mobilidade<\/strong><\/p>\n\n\n\n<p>Ana Aparecida Souza: 3371 &#8211; 4104&nbsp;\/&nbsp;<a href=\"mailto:dam@uel.br\" target=\"_blank\" rel=\"noreferrer noopener\">dam@uel.br<\/a>   <\/p>\n\n\n\n<p>Assuntos sobre:\u00a0<\/p>\n\n\n\n<ul class=\"wp-block-list\">\n<li>Sele\u00e7\u00e3o processo seletivo (inscri\u00e7\u00f5es, documentos, editais);<\/li>\n\n\n\n<li>Matr\u00edcula;&nbsp;<\/li>\n\n\n\n<li>Matr\u00edcula de estudante de P\u00f3s-Gradua\u00e7\u00e3o de outra Institui\u00e7\u00e3o (Art. 27);&nbsp;<\/li>\n\n\n\n<li>P\u00f3s Doutorado.&nbsp;<\/li>\n<\/ul>\n\n\n\n<p><\/p>\n\n\n\n<p><\/p>\n\n\n\n<p><\/p>\n\n\n\n<p><strong>Divis\u00e3o de Colegiado de Cursos e Programas de P\u00f3s-Gradua\u00e7\u00e3o<\/strong><\/p>\n\n\n\n<p>Rog\u00e9rio Junior Boratim: 3371 &#8211; 4264&nbsp;\/&nbsp;<a href=\"mailto:dcpgproppg@uel.br\" target=\"_blank\" rel=\"noreferrer noopener\">dcpgproppg@uel.br<\/a><\/p>\n\n\n\n<p>Ivani Moraes da Silva:&nbsp;3371 &#8211; 4109&nbsp;\/&nbsp;<a href=\"mailto:ivani@uel.br\" target=\"_blank\" rel=\"noreferrer noopener\">ivani@uel.br<\/a><\/p>\n\n\n\n<p>Assuntos sobre:\u00a0<\/p>\n\n\n\n<ul class=\"wp-block-list\">\n<li>Equival\u00eancias e convalida\u00e7\u00f5es;<\/li>\n\n\n\n<li>Bolsas;<\/li>\n\n\n\n<li>Cadastro de institui\u00e7\u00f5es de docentes externos;<\/li>\n\n\n\n<li>Cadastro de c\u00f3digo das disciplinas;<\/li>\n\n\n\n<li>Regimentos dos Programas.<\/li>\n<\/ul>\n\n\n\n<p><\/p>\n\n\n\n<p><\/p>\n\n\n\n<p><\/p>\n\n\n\n<div class=\"wp-block-group\"><div class=\"wp-block-group__inner-container is-layout-constrained wp-block-group-is-layout-constrained\">\n<p><strong>Divis\u00e3o de Gest\u00e3o Financeira da P\u00f3s-Gradua\u00e7\u00e3o<\/strong><\/p>\n\n\n\n<p>M\u00e1rcio Ferreira Cruz: 3371 &#8211; 5122&nbsp;\/ &nbsp;<a href=\"mailto:marciocruz@uel.br\" target=\"_blank\" rel=\"noreferrer noopener\">marciocruz@uel.br<\/a><\/p>\n\n\n\n<p>Angela Maria Zanutto: 3371 &#8211; 5122&nbsp;\/ &nbsp;<a href=\"mailto:zanutto@uel.br\" target=\"_blank\" rel=\"noreferrer noopener\">zanutto@uel.br<\/a><\/p>\n<\/div><\/div>\n\n\n\n<p>Assuntos sobre:<\/p>\n\n\n\n<ul class=\"wp-block-list\">\n<li>Di\u00e1rias e passagens;<\/li>\n\n\n\n<li>Aquisi\u00e7\u00e3o de bens;<\/li>\n\n\n\n<li>Pagamentos em geral.<\/li>\n<\/ul>\n\n\n\n<p><\/p>\n\n\n\n<p><\/p>\n\n\n\n<p><\/p>\n\n\n\n<p><strong>Outros contatos:<\/strong>&nbsp;<a href=\"https:\/\/sites.uel.br\/proppg\/canais-de-atendimento\/\" target=\"_blank\" rel=\"noreferrer noopener\">Canais de Atendimento PROPPG<\/a><\/p>\n","protected":false},"excerpt":{"rendered":"<p>Divis\u00e3o de Registro Acad\u00eamico Cristina dos Santos: 3371 &#8211; 4108&nbsp;\/&nbsp;draproppg@uel.br Assuntos sobre: Divis\u00e3o de Admiss\u00e3o e Mobilidade Ana Aparecida Souza: 3371 &#8211; 4104&nbsp;\/&nbsp;dam@uel.br Assuntos sobre:\u00a0 Divis\u00e3o de Colegiado de Cursos e Programas de P\u00f3s-Gradua\u00e7\u00e3o Rog\u00e9rio Junior Boratim: 3371 &#8211; 4264&nbsp;\/&nbsp;dcpgproppg@uel.br Ivani Moraes da Silva:&nbsp;3371 &#8211; 4109&nbsp;\/&nbsp;ivani@uel.br Assuntos sobre:\u00a0 Divis\u00e3o de Gest\u00e3o Financeira da P\u00f3s-Gradua\u00e7\u00e3o M\u00e1rcio [&hellip;]<\/p>\n","protected":false},"author":15,"featured_media":0,"parent":0,"menu_order":0,"comment_status":"closed","ping_status":"closed","template":"","meta":{"_acf_changed":false,"footnotes":""},"class_list":["post-1406","page","type-page","status-publish","hentry"],"acf":[],"_links":{"self":[{"href":"https:\/\/sites.uel.br\/ccs\/wp-json\/wp\/v2\/pages\/1406","targetHints":{"allow":["GET"]}}],"collection":[{"href":"https:\/\/sites.uel.br\/ccs\/wp-json\/wp\/v2\/pages"}],"about":[{"href":"https:\/\/sites.uel.br\/ccs\/wp-json\/wp\/v2\/types\/page"}],"author":[{"embeddable":true,"href":"https:\/\/sites.uel.br\/ccs\/wp-json\/wp\/v2\/users\/15"}],"replies":[{"embeddable":true,"href":"https:\/\/sites.uel.br\/ccs\/wp-json\/wp\/v2\/comments?post=1406"}],"version-history":[{"count":16,"href":"https:\/\/sites.uel.br\/ccs\/wp-json\/wp\/v2\/pages\/1406\/revisions"}],"predecessor-version":[{"id":1747,"href":"https:\/\/sites.uel.br\/ccs\/wp-json\/wp\/v2\/pages\/1406\/revisions\/1747"}],"wp:attachment":[{"href":"https:\/\/sites.uel.br\/ccs\/wp-json\/wp\/v2\/media?parent=1406"}],"curies":[{"name":"wp","href":"https:\/\/api.w.org\/{rel}","templated":true}]}}