{"id":1405,"date":"2024-05-07T15:12:54","date_gmt":"2024-05-07T18:12:54","guid":{"rendered":"https:\/\/sites.uel.br\/ccs\/?page_id=1405"},"modified":"2024-06-19T16:46:09","modified_gmt":"2024-06-19T19:46:09","slug":"regulamento-proppg","status":"publish","type":"page","link":"https:\/\/sites.uel.br\/ccs\/regulamento-proppg\/","title":{"rendered":"Regulamento PROPPG"},"content":{"rendered":"\n<p><\/p>\n\n\n\n<p><\/p>\n\n\n\n<p><\/p>\n\n\n\n<p><\/p>\n\n\n\n<p><\/p>\n\n\n\n<p> <a href=\"https:\/\/sites.uel.br\/proppg\/regulamentos-da-pos-graduacao\/\">Regulamentos da P\u00f3s-Gradua\u00e7\u00e3o <\/a><\/p>\n","protected":false},"excerpt":{"rendered":"<p>Regulamentos da P\u00f3s-Gradua\u00e7\u00e3o<\/p>\n","protected":false},"author":15,"featured_media":0,"parent":0,"menu_order":0,"comment_status":"closed","ping_status":"closed","template":"","meta":{"_acf_changed":false,"footnotes":""},"class_list":["post-1405","page","type-page","status-publish","hentry"],"acf":[],"_links":{"self":[{"href":"https:\/\/sites.uel.br\/ccs\/wp-json\/wp\/v2\/pages\/1405","targetHints":{"allow":["GET"]}}],"collection":[{"href":"https:\/\/sites.uel.br\/ccs\/wp-json\/wp\/v2\/pages"}],"about":[{"href":"https:\/\/sites.uel.br\/ccs\/wp-json\/wp\/v2\/types\/page"}],"author":[{"embeddable":true,"href":"https:\/\/sites.uel.br\/ccs\/wp-json\/wp\/v2\/users\/15"}],"replies":[{"embeddable":true,"href":"https:\/\/sites.uel.br\/ccs\/wp-json\/wp\/v2\/comments?post=1405"}],"version-history":[{"count":3,"href":"https:\/\/sites.uel.br\/ccs\/wp-json\/wp\/v2\/pages\/1405\/revisions"}],"predecessor-version":[{"id":1741,"href":"https:\/\/sites.uel.br\/ccs\/wp-json\/wp\/v2\/pages\/1405\/revisions\/1741"}],"wp:attachment":[{"href":"https:\/\/sites.uel.br\/ccs\/wp-json\/wp\/v2\/media?parent=1405"}],"curies":[{"name":"wp","href":"https:\/\/api.w.org\/{rel}","templated":true}]}}