{"id":1404,"date":"2024-05-07T15:12:54","date_gmt":"2024-05-07T18:12:54","guid":{"rendered":"https:\/\/sites.uel.br\/ccs\/?page_id=1404"},"modified":"2024-08-27T10:45:08","modified_gmt":"2024-08-27T13:45:08","slug":"atestados-medicos","status":"publish","type":"page","link":"https:\/\/sites.uel.br\/ccs\/atestados-medicos\/","title":{"rendered":"Atestado M\u00e9dico"},"content":{"rendered":"\n<p><\/p>\n\n\n\n<p><strong>Orienta\u00e7\u00f5es sobre Atestado M\u00e9dico e Frequ\u00eancia: <\/strong><\/p>\n\n\n\n<ol class=\"wp-block-list\">\n<li>Acessar o&nbsp;<a href=\"https:\/\/sistemas.uel.br\/portaldepos\/index\" target=\"_blank\" rel=\"noreferrer noopener\">Portal do Estudante de P\u00f3s-Gradua\u00e7\u00e3o<\/a>;<\/li>\n\n\n\n<li>Na aba Servi\u00e7os, acessar o \u00edcone Requerimentos e selecionar Justificativa de Faltas ou Licen\u00e7a Maternidade;<\/li>\n\n\n\n<li>Realizar o uploaud dos documentos;<\/li>\n\n\n\n<li>Comunicar&nbsp;o(a) Orientador(a) e o(a)Coordenador(a) do Programa de que realizou o uploaud dos documentos;<\/li>\n\n\n\n<li>Acompanhar, via Portal do Estudante de P\u00f3s-Gradua\u00e7\u00e3o, a an\u00e1lise da inclus\u00e3o dos documentos.<\/li>\n<\/ol>\n\n\n\n<p><\/p>\n\n\n\n<h5 class=\"wp-block-heading has-text-align-left is-style-default\"><strong>ATEN\u00c7\u00c3O<\/strong>:<\/h5>\n\n\n\n<ul class=\"wp-block-list\">\n<li>O cr\u00e9dito somente ser\u00e1 concedido ao estudante que, satisfeitas as demais exig\u00eancias, tiver um m\u00ednimo de <strong>75% de frequ\u00eancia<\/strong> \u00e0s aulas dadas em cada disciplina;<\/li>\n\n\n\n<li>No caso de licen\u00e7a maternidade, o prazo regular ser\u00e1 ampliado por mais <strong>4 (quatro) meses<\/strong>;&nbsp;<\/li>\n\n\n\n<li>Mediante apresenta\u00e7\u00e3o de atestado m\u00e9dico, os estudantes poder\u00e3o solicitar justificativa de faltas por motivo de doen\u00e7a onde ser\u00e1 concedido ao estudante o direito de receber regime especial de aulas ou exerc\u00edcios domiciliares pelo per\u00edodo determinado no atestado;<\/li>\n\n\n\n<li>Em qualquer modalidade de afastamento, com exce\u00e7\u00e3o da licen\u00e7a maternidade, o prazo final para conclus\u00e3o do curso n\u00e3o sofrer\u00e1 altera\u00e7\u00e3o.<\/li>\n<\/ul>\n\n\n\n<p><\/p>\n","protected":false},"excerpt":{"rendered":"<p>Orienta\u00e7\u00f5es sobre Atestado M\u00e9dico e Frequ\u00eancia: ATEN\u00c7\u00c3O:<\/p>\n","protected":false},"author":15,"featured_media":0,"parent":0,"menu_order":0,"comment_status":"closed","ping_status":"closed","template":"","meta":{"_acf_changed":false,"footnotes":""},"class_list":["post-1404","page","type-page","status-publish","hentry"],"acf":[],"_links":{"self":[{"href":"https:\/\/sites.uel.br\/ccs\/wp-json\/wp\/v2\/pages\/1404","targetHints":{"allow":["GET"]}}],"collection":[{"href":"https:\/\/sites.uel.br\/ccs\/wp-json\/wp\/v2\/pages"}],"about":[{"href":"https:\/\/sites.uel.br\/ccs\/wp-json\/wp\/v2\/types\/page"}],"author":[{"embeddable":true,"href":"https:\/\/sites.uel.br\/ccs\/wp-json\/wp\/v2\/users\/15"}],"replies":[{"embeddable":true,"href":"https:\/\/sites.uel.br\/ccs\/wp-json\/wp\/v2\/comments?post=1404"}],"version-history":[{"count":24,"href":"https:\/\/sites.uel.br\/ccs\/wp-json\/wp\/v2\/pages\/1404\/revisions"}],"predecessor-version":[{"id":2000,"href":"https:\/\/sites.uel.br\/ccs\/wp-json\/wp\/v2\/pages\/1404\/revisions\/2000"}],"wp:attachment":[{"href":"https:\/\/sites.uel.br\/ccs\/wp-json\/wp\/v2\/media?parent=1404"}],"curies":[{"name":"wp","href":"https:\/\/api.w.org\/{rel}","templated":true}]}}