{"id":1403,"date":"2024-05-07T15:12:54","date_gmt":"2024-05-07T18:12:54","guid":{"rendered":"https:\/\/sites.uel.br\/ccs\/?page_id=1403"},"modified":"2024-06-19T16:00:45","modified_gmt":"2024-06-19T19:00:45","slug":"entrada-dos-convidados-da-banca-ao-ccs-hu","status":"publish","type":"page","link":"https:\/\/sites.uel.br\/ccs\/entrada-dos-convidados-da-banca-ao-ccs-hu\/","title":{"rendered":"Acesso ao CCS\/HU"},"content":{"rendered":"\n<p><\/p>\n\n\n\n<p><strong>Orienta\u00e7\u00f5es para o acesso ao CCS\/HU:<\/strong><\/p>\n\n\n\n<ol class=\"wp-block-list\">\n<li>Utilizar a <a href=\"https:\/\/sites.uel.br\/ccs\/emissao-da-carteirinha-de-identificacao-estudantil\/\">carteirinha de identifica\u00e7\u00e3o estudantil<\/a>;<\/li>\n\n\n\n<li>Utilizar o documento de identifica\u00e7\u00e3o do servidor;<\/li>\n\n\n\n<li>Solicitar autoriza\u00e7\u00e3o ao Setor de Servi\u00e7os Gerais do HU (DSG).<\/li>\n<\/ol>\n\n\n\n<p><\/p>\n\n\n\n<p><strong>ATEN\u00c7\u00c3O:<\/strong><\/p>\n\n\n\n<ul class=\"wp-block-list\">\n<li>As solicita\u00e7\u00f5es \u00e0 DSG devem ser direcionadas para: <strong>3371-2480 ou <a href=\"mailto:dsg@uel.br\">dsg@uel.br<\/a><\/strong>; <\/li>\n\n\n\n<li>Para convidados de Eventos devem ser informados: Data; Local; Motivo; Lista das pessoas (nome completo e RG); Nome completo e telefone do respons\u00e1vel (aluno ou orientador ou coordenador do Programa). Solicitar que todos da lista compare\u00e7am portando documento com foto.<\/li>\n<\/ul>\n\n\n\n<p><\/p>\n\n\n\n<p><\/p>\n","protected":false},"excerpt":{"rendered":"<p>Orienta\u00e7\u00f5es para o acesso ao CCS\/HU: ATEN\u00c7\u00c3O:<\/p>\n","protected":false},"author":15,"featured_media":0,"parent":0,"menu_order":0,"comment_status":"closed","ping_status":"closed","template":"","meta":{"_acf_changed":false,"footnotes":""},"class_list":["post-1403","page","type-page","status-publish","hentry"],"acf":[],"_links":{"self":[{"href":"https:\/\/sites.uel.br\/ccs\/wp-json\/wp\/v2\/pages\/1403","targetHints":{"allow":["GET"]}}],"collection":[{"href":"https:\/\/sites.uel.br\/ccs\/wp-json\/wp\/v2\/pages"}],"about":[{"href":"https:\/\/sites.uel.br\/ccs\/wp-json\/wp\/v2\/types\/page"}],"author":[{"embeddable":true,"href":"https:\/\/sites.uel.br\/ccs\/wp-json\/wp\/v2\/users\/15"}],"replies":[{"embeddable":true,"href":"https:\/\/sites.uel.br\/ccs\/wp-json\/wp\/v2\/comments?post=1403"}],"version-history":[{"count":10,"href":"https:\/\/sites.uel.br\/ccs\/wp-json\/wp\/v2\/pages\/1403\/revisions"}],"predecessor-version":[{"id":1723,"href":"https:\/\/sites.uel.br\/ccs\/wp-json\/wp\/v2\/pages\/1403\/revisions\/1723"}],"wp:attachment":[{"href":"https:\/\/sites.uel.br\/ccs\/wp-json\/wp\/v2\/media?parent=1403"}],"curies":[{"name":"wp","href":"https:\/\/api.w.org\/{rel}","templated":true}]}}