{"id":1402,"date":"2024-05-07T15:12:54","date_gmt":"2024-05-07T18:12:54","guid":{"rendered":"https:\/\/sites.uel.br\/ccs\/?page_id=1402"},"modified":"2024-05-28T16:26:35","modified_gmt":"2024-05-28T19:26:35","slug":"emissao-da-carteirinha-de-identificacao-estudantil","status":"publish","type":"page","link":"https:\/\/sites.uel.br\/ccs\/emissao-da-carteirinha-de-identificacao-estudantil\/","title":{"rendered":"Carteirinha de Identifica\u00e7\u00e3o Estudantil"},"content":{"rendered":"\n<p><\/p>\n\n\n\n<p><strong>Orienta\u00e7\u00f5es para a emiss\u00e3o da Carteirinha de Identifica\u00e7\u00e3o Estudantil: <\/strong><\/p>\n\n\n\n<ol class=\"wp-block-list\">\n<li>Acessar o&nbsp;<a href=\"https:\/\/sistemas.uel.br\/portaldepos\/index\" target=\"_blank\" rel=\"noreferrer noopener\">Portal do Estudante de P\u00f3s-Gradua\u00e7\u00e3o<\/a>;<\/li>\n\n\n\n<li>Selecionar o \u00edcone Servi\u00e7os Digitais UEL e seguir as orienta\u00e7\u00f5es.<\/li>\n<\/ol>\n\n\n\n<p><\/p>\n\n\n\n<p><strong>ATEN\u00c7\u00c3O: <\/strong><\/p>\n\n\n\n<ul class=\"wp-block-list\">\n<li>A Carteirinha de Identifica\u00e7\u00e3o Estudantil tamb\u00e9m est\u00e1 dispon\u00edvel no Aplicativo UEL Mobile (baixado na&nbsp;<a href=\"https:\/\/play.google.com\/store\/apps\/details?id=br.uel.ati.app.uel_mobile\" target=\"_blank\" rel=\"noreferrer noopener\">Play Store<\/a>&nbsp;e na&nbsp;<a href=\"https:\/\/apps.apple.com\/br\/app\/uel-mobile\/id1532054516\" target=\"_blank\" rel=\"noreferrer noopener\">App Store<\/a>).<\/li>\n<\/ul>\n\n\n\n<p><\/p>\n","protected":false},"excerpt":{"rendered":"<p>Orienta\u00e7\u00f5es para a emiss\u00e3o da Carteirinha de Identifica\u00e7\u00e3o Estudantil: ATEN\u00c7\u00c3O:<\/p>\n","protected":false},"author":15,"featured_media":0,"parent":0,"menu_order":0,"comment_status":"closed","ping_status":"closed","template":"","meta":{"_acf_changed":false,"footnotes":""},"class_list":["post-1402","page","type-page","status-publish","hentry"],"acf":[],"_links":{"self":[{"href":"https:\/\/sites.uel.br\/ccs\/wp-json\/wp\/v2\/pages\/1402","targetHints":{"allow":["GET"]}}],"collection":[{"href":"https:\/\/sites.uel.br\/ccs\/wp-json\/wp\/v2\/pages"}],"about":[{"href":"https:\/\/sites.uel.br\/ccs\/wp-json\/wp\/v2\/types\/page"}],"author":[{"embeddable":true,"href":"https:\/\/sites.uel.br\/ccs\/wp-json\/wp\/v2\/users\/15"}],"replies":[{"embeddable":true,"href":"https:\/\/sites.uel.br\/ccs\/wp-json\/wp\/v2\/comments?post=1402"}],"version-history":[{"count":5,"href":"https:\/\/sites.uel.br\/ccs\/wp-json\/wp\/v2\/pages\/1402\/revisions"}],"predecessor-version":[{"id":1608,"href":"https:\/\/sites.uel.br\/ccs\/wp-json\/wp\/v2\/pages\/1402\/revisions\/1608"}],"wp:attachment":[{"href":"https:\/\/sites.uel.br\/ccs\/wp-json\/wp\/v2\/media?parent=1402"}],"curies":[{"name":"wp","href":"https:\/\/api.w.org\/{rel}","templated":true}]}}