{"id":1400,"date":"2024-05-07T15:12:54","date_gmt":"2024-05-07T18:12:54","guid":{"rendered":"https:\/\/sites.uel.br\/ccs\/?page_id=1400"},"modified":"2024-06-24T15:05:41","modified_gmt":"2024-06-24T18:05:41","slug":"reserva-do-auditorio-ceppos","status":"publish","type":"page","link":"https:\/\/sites.uel.br\/ccs\/reserva-do-auditorio-ceppos\/","title":{"rendered":"Reserva de Salas e Audit\u00f3rio"},"content":{"rendered":"\n<p><\/p>\n\n\n\n<p><\/p>\n\n\n\n<p><\/p>\n\n\n\n<p><a href=\"https:\/\/sites.uel.br\/ccs\/reservas\/\">Reserva das Salas CEPP\u00d3S<\/a><\/p>\n\n\n\n<p><a href=\"https:\/\/sites.uel.br\/ccs\/reservas\/\">Reserva do Audit\u00f3rio CEPP\u00d3S<\/a><\/p>\n\n\n\n<p><a href=\"https:\/\/www.uel.br\/pos\/enges\/?page_id=189\">Reserva LABESC<\/a><\/p>\n\n\n\n<p>Reserva do Audit\u00f3rio Hemocentro: drhsat@uel.br \/43 3371 2443<\/p>\n\n\n\n<p><\/p>\n\n\n\n<p><\/p>\n\n\n\n<p><\/p>\n\n\n\n<p><\/p>\n\n\n\n<p><\/p>\n\n\n\n<p><\/p>\n\n\n\n<p><\/p>\n\n\n\n<p><\/p>\n\n\n\n<p><strong>ATEN\u00c7\u00c3O:<\/strong><\/p>\n\n\n\n<ul class=\"wp-block-list\">\n<li>As chaves dever\u00e3o ser retiradas e devolvidas na <strong>Central de Chaves do CCS<\/strong> (Pr\u00e9dio 1 &#8211; 1\u00ba andar) nos per\u00edodos entre <strong>07:30 &#8211; 12:00 e 13:30 &#8211; 17:00<\/strong>. Ap\u00f3s este hor\u00e1rio, dever\u00e3o ser depositadas na sala do Devanir;<\/li>\n\n\n\n<li>O locais devem ser reservados, exclusivamente, para atividades da P\u00f3s-Gradua\u00e7\u00e3o;<\/li>\n\n\n\n<li>O Audit\u00f3rio dever\u00e1 ser reservado, prioritariamente, para os Exames de Qualifica\u00e7\u00f5es e Defesas. No entanto, caso o local esteja dispon\u00edvel poder\u00e1 ser reservado para outras atividades da P\u00f3s-Gradua\u00e7\u00e3o;<\/li>\n\n\n\n<li>O pedido da reserva deve ser realizado com <strong>03 (tr\u00eas)<\/strong> dias \u00fateis de anteced\u00eancia;<\/li>\n\n\n\n<li>Em caso de desist\u00eancia da reserva, comunicar o mais breve poss\u00edvel (3371 &#8211; 2348);<\/li>\n\n\n\n<li>Caso haja algum problema ou necessidade de manuten\u00e7\u00e3o no local, relatar em <a href=\"https:\/\/sites.uel.br\/ccs\/reservas\/\">Registro de Eventualidades<\/a>.<\/li>\n<\/ul>\n\n\n\n<p><strong>Central de Chaves do CCS: 3371 &#8211; 2348 <\/strong><\/p>\n\n\n\n<p><\/p>\n\n\n\n<p><\/p>\n\n\n\n<p><\/p>\n\n\n\n<p><\/p>\n\n\n\n<p><\/p>\n\n\n\n<p><\/p>\n\n\n\n<p><\/p>\n\n\n\n<p><\/p>\n\n\n\n<p><\/p>\n\n\n\n<p><\/p>\n\n\n\n<p><\/p>\n\n\n\n<p><\/p>\n\n\n\n<p><\/p>\n\n\n\n<p><\/p>\n\n\n\n<p><\/p>\n\n\n\n<p><\/p>\n\n\n\n<p><\/p>\n\n\n\n<p><\/p>\n","protected":false},"excerpt":{"rendered":"<p>Reserva das Salas CEPP\u00d3S Reserva do Audit\u00f3rio CEPP\u00d3S Reserva LABESC Reserva do Audit\u00f3rio Hemocentro: drhsat@uel.br \/43 3371 2443 ATEN\u00c7\u00c3O: Central de Chaves do CCS: 3371 &#8211; 2348<\/p>\n","protected":false},"author":15,"featured_media":0,"parent":0,"menu_order":0,"comment_status":"closed","ping_status":"closed","template":"","meta":{"_acf_changed":false,"footnotes":""},"class_list":["post-1400","page","type-page","status-publish","hentry"],"acf":[],"_links":{"self":[{"href":"https:\/\/sites.uel.br\/ccs\/wp-json\/wp\/v2\/pages\/1400","targetHints":{"allow":["GET"]}}],"collection":[{"href":"https:\/\/sites.uel.br\/ccs\/wp-json\/wp\/v2\/pages"}],"about":[{"href":"https:\/\/sites.uel.br\/ccs\/wp-json\/wp\/v2\/types\/page"}],"author":[{"embeddable":true,"href":"https:\/\/sites.uel.br\/ccs\/wp-json\/wp\/v2\/users\/15"}],"replies":[{"embeddable":true,"href":"https:\/\/sites.uel.br\/ccs\/wp-json\/wp\/v2\/comments?post=1400"}],"version-history":[{"count":15,"href":"https:\/\/sites.uel.br\/ccs\/wp-json\/wp\/v2\/pages\/1400\/revisions"}],"predecessor-version":[{"id":1832,"href":"https:\/\/sites.uel.br\/ccs\/wp-json\/wp\/v2\/pages\/1400\/revisions\/1832"}],"wp:attachment":[{"href":"https:\/\/sites.uel.br\/ccs\/wp-json\/wp\/v2\/media?parent=1400"}],"curies":[{"name":"wp","href":"https:\/\/api.w.org\/{rel}","templated":true}]}}