{"id":1398,"date":"2024-05-07T15:12:54","date_gmt":"2024-05-07T18:12:54","guid":{"rendered":"https:\/\/sites.uel.br\/ccs\/?page_id=1398"},"modified":"2024-06-19T16:41:07","modified_gmt":"2024-06-19T19:41:07","slug":"prorrogacao-de-prazo","status":"publish","type":"page","link":"https:\/\/sites.uel.br\/ccs\/prorrogacao-de-prazo\/","title":{"rendered":"Prorroga\u00e7\u00e3o de Prazo"},"content":{"rendered":"\n<p><\/p>\n\n\n\n<p><strong>Orienta\u00e7\u00f5es para a Prorroga\u00e7\u00e3o de Prazo do Curso:\u00a0<\/strong>\u00a0<\/p>\n\n\n\n<ol class=\"wp-block-list\">\n<li>Acessar o\u00a0<a href=\"https:\/\/sistemas.uel.br\/portaldepos\/index\" target=\"_blank\" rel=\"noreferrer noopener\">Portal do Estudante de P\u00f3s-Gradua\u00e7\u00e3o<\/a>;<\/li>\n\n\n\n<li>Na aba Servi\u00e7os, acessar o \u00edcone Requerimentos e selecionar Prorroga\u00e7\u00e3o de Prazo;<\/li>\n\n\n\n<li>Gerar o boleto e efetuar o pagamento;<\/li>\n\n\n\n<li>Comunicar\u00a0o(a) Orientador(a) e o(a)Coordenador(a) do Programa de que realizou esta solicita\u00e7\u00e3o e aguardar o parecer dos mesmos;<\/li>\n\n\n\n<li>Acompanhar, via Portal do Estudante de P\u00f3s-Gradua\u00e7\u00e3o, a an\u00e1lise do seu pedido.<\/li>\n<\/ol>\n\n\n\n<p><\/p>\n\n\n\n<p><strong>ATEN\u00c7\u00c3O:<\/strong><\/p>\n\n\n\n<ul class=\"wp-block-list\">\n<li>O Mestrado, compreendendo a defesa da Disserta\u00e7\u00e3o, n\u00e3o poder\u00e1 ser conclu\u00eddo em prazo inferior a 2 (dois) ou superior a 4 (quatro) per\u00edodos letivos. O Doutorado, compreendendo a defesa da Tese, n\u00e3o poder\u00e1 ser conclu\u00eddo em prazo inferior a 4 (quatro) ou superior a 8 (oito) per\u00edodos letivos;<\/li>\n\n\n\n<li>Os prazos poder\u00e3o ser prorrogados, no m\u00e1ximo,&nbsp;<strong>at\u00e9 12 (doze) meses<\/strong>, por meio de solicita\u00e7\u00f5es distintas e justificadas pelo estudante, desde que o n\u00famero de meses seja indicado e aprovado pelo orientador e Coordena\u00e7\u00e3o do Programa;<\/li>\n\n\n\n<li>O estudante que estiver em per\u00edodo de Prorroga\u00e7\u00e3o n\u00e3o poder\u00e1 trancar matr\u00edcula;<\/li>\n\n\n\n<li>A prorroga\u00e7\u00e3o estar\u00e1 dispon\u00edvel&nbsp;para ser solicitada, no&nbsp;<a href=\"https:\/\/sistemas.uel.br\/portaldepos\/index\" target=\"_blank\" rel=\"noreferrer noopener\">Portal do Estudante de P\u00f3s-Gradua\u00e7\u00e3o<\/a>,&nbsp;com&nbsp;<strong>30 (trinta) dias<\/strong>&nbsp;de anteced\u00eancia do prazo final do(a) aluno(a);&nbsp;<\/li>\n\n\n\n<li>O(a) estudante que apresentar perda dos prazos estar\u00e1 sujeito ao desligamento do Programa. Neste caso, a Coordena\u00e7\u00e3o do Programa dever\u00e1 entrar em contato com a PROPPG (<a href=\"mailto:draproppg@uel.br\" target=\"_blank\" rel=\"noreferrer noopener\">draproppg@uel.br<\/a>) para regularizar a situa\u00e7\u00e3o do(a) estudante.<\/li>\n<\/ul>\n\n\n\n<p><\/p>\n","protected":false},"excerpt":{"rendered":"<p>Orienta\u00e7\u00f5es para a Prorroga\u00e7\u00e3o de Prazo do Curso:\u00a0\u00a0 ATEN\u00c7\u00c3O:<\/p>\n","protected":false},"author":15,"featured_media":0,"parent":0,"menu_order":0,"comment_status":"closed","ping_status":"closed","template":"","meta":{"_acf_changed":false,"footnotes":""},"class_list":["post-1398","page","type-page","status-publish","hentry"],"acf":[],"_links":{"self":[{"href":"https:\/\/sites.uel.br\/ccs\/wp-json\/wp\/v2\/pages\/1398","targetHints":{"allow":["GET"]}}],"collection":[{"href":"https:\/\/sites.uel.br\/ccs\/wp-json\/wp\/v2\/pages"}],"about":[{"href":"https:\/\/sites.uel.br\/ccs\/wp-json\/wp\/v2\/types\/page"}],"author":[{"embeddable":true,"href":"https:\/\/sites.uel.br\/ccs\/wp-json\/wp\/v2\/users\/15"}],"replies":[{"embeddable":true,"href":"https:\/\/sites.uel.br\/ccs\/wp-json\/wp\/v2\/comments?post=1398"}],"version-history":[{"count":3,"href":"https:\/\/sites.uel.br\/ccs\/wp-json\/wp\/v2\/pages\/1398\/revisions"}],"predecessor-version":[{"id":1739,"href":"https:\/\/sites.uel.br\/ccs\/wp-json\/wp\/v2\/pages\/1398\/revisions\/1739"}],"wp:attachment":[{"href":"https:\/\/sites.uel.br\/ccs\/wp-json\/wp\/v2\/media?parent=1398"}],"curies":[{"name":"wp","href":"https:\/\/api.w.org\/{rel}","templated":true}]}}