{"id":1396,"date":"2024-05-07T15:12:54","date_gmt":"2024-05-07T18:12:54","guid":{"rendered":"https:\/\/sites.uel.br\/ccs\/?page_id=1396"},"modified":"2024-08-16T09:26:02","modified_gmt":"2024-08-16T12:26:02","slug":"matricula-e-rematricula","status":"publish","type":"page","link":"https:\/\/sites.uel.br\/ccs\/matricula-e-rematricula\/","title":{"rendered":"Rematr\u00edcula"},"content":{"rendered":"\n<p><\/p>\n\n\n\n<p><strong>Orienta\u00e7\u00f5es para a Rematr\u00edcula:&nbsp;<\/strong>&nbsp;<\/p>\n\n\n\n<ul class=\"wp-block-list\">\n<li>A rematr\u00edcula \u00e9 realizada no&nbsp;&nbsp;<a href=\"https:\/\/sistemas.uel.br\/portaldepos\/index\" target=\"_blank\" rel=\"noreferrer noopener\">Portal do Estudante de P\u00f3s-Gradua\u00e7\u00e3o<\/a>;&nbsp;<\/li>\n\n\n\n<li>O estudante de P\u00f3s-Gradua\u00e7\u00e3o dever\u00e1 efetuar a rematr\u00edcula regularmente em&nbsp;<strong>cada per\u00edodo letivo<\/strong>, correspondente a um semestre letivo, nas \u00e9pocas e prazos fixados em&nbsp;<a href=\"https:\/\/sites.uel.br\/proppg\/calendarios\/\" target=\"_blank\" rel=\"noreferrer noopener\">calend\u00e1rio<\/a>, em todas as fases de seus estudos, at\u00e9 a obten\u00e7\u00e3o do t\u00edtulo de Mestre e Doutor;<\/li>\n\n\n\n<li>A rematr\u00edcula aplica-se somente para alunos matriculados em curso regular. Alunos em <strong>prorroga\u00e7\u00e3o n\u00e3o realizam rematr\u00edcula<\/strong>;<\/li>\n\n\n\n<li>O estudante dever\u00e1 estar matriculado em Disserta\u00e7\u00e3o ou Tese desde o seu ingresso no Programa (matricular-se&nbsp;&nbsp;<strong>apenas<\/strong>&nbsp;na Disserta\u00e7\u00e3o ou Tese&nbsp;<strong>correspondente&nbsp;ao semestre que ir\u00e1 cursar<\/strong>);<\/li>\n\n\n\n<li>O estudante que n\u00e3o efetuar a rematr\u00edcula dentro do prazo estabelecido no&nbsp;<a href=\"https:\/\/sites.uel.br\/proppg\/calendarios\/\" target=\"_blank\" rel=\"noreferrer noopener\">calend\u00e1rio<\/a>&nbsp;de atividades de P\u00f3s-Gradua\u00e7\u00e3o, poder\u00e1 faz\u00ea-lo, num prazo de 15 (quinze) dias a contar do encerramento da rematr\u00edcula, mediante pagamento de multa fixada pelo Conselho de Administra\u00e7\u00e3o. O n\u00e3o cumprimento dos prazos estipulados neste par\u00e1grafo implicar\u00e1 no&nbsp;<strong>desligamento autom\u00e1tico<\/strong>&nbsp;do estudante do Programa;<\/li>\n\n\n\n<li>Cabe ao estudante ter ci\u00eancia de quais disciplinas dever\u00e1 matricular-se em cada per\u00edodo letivo.<\/li>\n\n\n\n<li>Caso o estudante perca o prazo da Rematr\u00edcula, dever\u00e1 seguir as orienta\u00e7\u00f5es dos&nbsp;<a href=\"https:\/\/sites.uel.br\/ccs\/procedimentos-fora-do-prazo\/\" target=\"_blank\" rel=\"noreferrer noopener\">Procedimentos Fora do Prazo<\/a>.<\/li>\n<\/ul>\n","protected":false},"excerpt":{"rendered":"<p>Orienta\u00e7\u00f5es para a Rematr\u00edcula:&nbsp;&nbsp;<\/p>\n","protected":false},"author":15,"featured_media":0,"parent":0,"menu_order":0,"comment_status":"closed","ping_status":"closed","template":"","meta":{"_acf_changed":false,"footnotes":""},"class_list":["post-1396","page","type-page","status-publish","hentry"],"acf":[],"_links":{"self":[{"href":"https:\/\/sites.uel.br\/ccs\/wp-json\/wp\/v2\/pages\/1396","targetHints":{"allow":["GET"]}}],"collection":[{"href":"https:\/\/sites.uel.br\/ccs\/wp-json\/wp\/v2\/pages"}],"about":[{"href":"https:\/\/sites.uel.br\/ccs\/wp-json\/wp\/v2\/types\/page"}],"author":[{"embeddable":true,"href":"https:\/\/sites.uel.br\/ccs\/wp-json\/wp\/v2\/users\/15"}],"replies":[{"embeddable":true,"href":"https:\/\/sites.uel.br\/ccs\/wp-json\/wp\/v2\/comments?post=1396"}],"version-history":[{"count":6,"href":"https:\/\/sites.uel.br\/ccs\/wp-json\/wp\/v2\/pages\/1396\/revisions"}],"predecessor-version":[{"id":1984,"href":"https:\/\/sites.uel.br\/ccs\/wp-json\/wp\/v2\/pages\/1396\/revisions\/1984"}],"wp:attachment":[{"href":"https:\/\/sites.uel.br\/ccs\/wp-json\/wp\/v2\/media?parent=1396"}],"curies":[{"name":"wp","href":"https:\/\/api.w.org\/{rel}","templated":true}]}}