{"id":1394,"date":"2024-05-07T15:12:54","date_gmt":"2024-05-07T18:12:54","guid":{"rendered":"https:\/\/sites.uel.br\/ccs\/?page_id=1394"},"modified":"2024-06-20T09:36:56","modified_gmt":"2024-06-20T12:36:56","slug":"inclusao-de-disciplina","status":"publish","type":"page","link":"https:\/\/sites.uel.br\/ccs\/inclusao-de-disciplina\/","title":{"rendered":"Inclus\u00e3o de Disciplina"},"content":{"rendered":"\n<p><\/p>\n\n\n\n<p><\/p>\n\n\n\n<p><strong>Orienta\u00e7\u00f5es para a Inclus\u00e3o de Disciplina:&nbsp;<\/strong>&nbsp;<\/p>\n\n\n\n<ol class=\"wp-block-list\">\n<li>Acessar o&nbsp;<a href=\"https:\/\/sistemas.uel.br\/portaldepos\/index\" target=\"_blank\" rel=\"noreferrer noopener\">Portal do Estudante de P\u00f3s-Gradua\u00e7\u00e3o<\/a>;<\/li>\n\n\n\n<li>Na aba Servi\u00e7os, acessar o \u00edcone Requerimentos e selecionar Inclus\u00e3o de Disciplina;<\/li>\n\n\n\n<li>Selecionar a Disciplina e salvar;<\/li>\n\n\n\n<li>Comunicar&nbsp;o(a) Orientador(a) e o(a)Coordenador(a) do Programa de que realizou esta solicita\u00e7\u00e3o e aguardar o parecer dos mesmos;<\/li>\n\n\n\n<li>Acompanhar, via Portal do Estudante de P\u00f3s-Gradua\u00e7\u00e3o, a inclus\u00e3o da disciplina.<\/li>\n<\/ol>\n\n\n\n<p><\/p>\n\n\n\n<p><strong>ATEN\u00c7\u00c3O:<\/strong><\/p>\n\n\n\n<ul class=\"wp-block-list\">\n<li>As disciplinas estar\u00e3o dispon\u00edveis para inclus\u00e3o, no&nbsp;&nbsp;<a href=\"https:\/\/sistemas.uel.br\/portaldepos\/index\" target=\"_blank\" rel=\"noreferrer noopener\">Portal do Estudante de P\u00f3s-Gradua\u00e7\u00e3o<\/a>,&nbsp;ap\u00f3s o&nbsp;<strong>IN\u00cdCIO&nbsp;<\/strong>do&nbsp;<a href=\"https:\/\/sites.uel.br\/proppg\/calendarios\/\" target=\"_blank\" rel=\"noreferrer noopener\">per\u00edodo letivo<\/a>;<\/li>\n\n\n\n<li>Cabe ao aluno ter conhecimento de quais disciplinas dever\u00e1 solicitar a inclus\u00e3o;<\/li>\n\n\n\n<li>A inclus\u00e3o da disciplina de <a href=\"https:\/\/sites.uel.br\/ccs\/tramitacao-dos-pedidos-de-inclusao-da-disciplina-de-estagio-em-docencia\/\">Est\u00e1gio em Doc\u00eancia<\/a> \u00e9 ofertada por demanda do(a) aluno(a);\u00a0<\/li>\n\n\n\n<li>As solicita\u00e7\u00f5es de inclus\u00e3o de disciplinas&nbsp;<strong>AP\u00d3S<\/strong>&nbsp;decorrer 30% do in\u00edcio do&nbsp;<a href=\"https:\/\/sites.uel.br\/proppg\/calendarios\/\" target=\"_blank\" rel=\"noreferrer noopener\">per\u00edodo letivo<\/a>&nbsp;dever\u00e3o ser realizadas fora do prazo;<\/li>\n\n\n\n<li>O estudante regularmente matriculado em um Programa de P\u00f3s-Gradua\u00e7\u00e3o Stricto sensu da UEL poder\u00e1 se matricular em disciplinas de outros Programas desta Institui\u00e7\u00e3o, mediante solicita\u00e7\u00e3o no <a href=\"https:\/\/sistemas.uel.br\/portaldepos\/index\" target=\"_blank\" rel=\"noreferrer noopener\">Portal do Estudante de P\u00f3s-Gradua\u00e7\u00e3o<\/a> e a aprova\u00e7\u00e3o eletr\u00f4nica do seu orientador e da Coordena\u00e7\u00e3o do Programa do qual a disciplina faz parte. As inclus\u00f5es das disciplinas dever\u00e3o ocorrer ap\u00f3s o&nbsp;<strong>IN\u00cdCIO&nbsp;<\/strong>do&nbsp;<a href=\"https:\/\/sites.uel.br\/proppg\/calendarios\/\" target=\"_blank\" rel=\"noreferrer noopener\">per\u00edodo letivo<\/a>.<\/li>\n<\/ul>\n\n\n\n<p><\/p>\n","protected":false},"excerpt":{"rendered":"<p>Orienta\u00e7\u00f5es para a Inclus\u00e3o de Disciplina:&nbsp;&nbsp; ATEN\u00c7\u00c3O:<\/p>\n","protected":false},"author":15,"featured_media":0,"parent":0,"menu_order":0,"comment_status":"closed","ping_status":"closed","template":"","meta":{"_acf_changed":false,"footnotes":""},"class_list":["post-1394","page","type-page","status-publish","hentry"],"acf":[],"_links":{"self":[{"href":"https:\/\/sites.uel.br\/ccs\/wp-json\/wp\/v2\/pages\/1394","targetHints":{"allow":["GET"]}}],"collection":[{"href":"https:\/\/sites.uel.br\/ccs\/wp-json\/wp\/v2\/pages"}],"about":[{"href":"https:\/\/sites.uel.br\/ccs\/wp-json\/wp\/v2\/types\/page"}],"author":[{"embeddable":true,"href":"https:\/\/sites.uel.br\/ccs\/wp-json\/wp\/v2\/users\/15"}],"replies":[{"embeddable":true,"href":"https:\/\/sites.uel.br\/ccs\/wp-json\/wp\/v2\/comments?post=1394"}],"version-history":[{"count":15,"href":"https:\/\/sites.uel.br\/ccs\/wp-json\/wp\/v2\/pages\/1394\/revisions"}],"predecessor-version":[{"id":1763,"href":"https:\/\/sites.uel.br\/ccs\/wp-json\/wp\/v2\/pages\/1394\/revisions\/1763"}],"wp:attachment":[{"href":"https:\/\/sites.uel.br\/ccs\/wp-json\/wp\/v2\/media?parent=1394"}],"curies":[{"name":"wp","href":"https:\/\/api.w.org\/{rel}","templated":true}]}}