{"id":1393,"date":"2024-05-07T15:12:54","date_gmt":"2024-05-07T18:12:54","guid":{"rendered":"https:\/\/sites.uel.br\/ccs\/?page_id=1393"},"modified":"2024-06-19T15:58:26","modified_gmt":"2024-06-19T18:58:26","slug":"emissao-de-atestado-e-diploma-de-conclusao-de-curso","status":"publish","type":"page","link":"https:\/\/sites.uel.br\/ccs\/emissao-de-atestado-e-diploma-de-conclusao-de-curso\/","title":{"rendered":"Diploma de Conclus\u00e3o de Curso"},"content":{"rendered":"\n<p><\/p>\n\n\n\n<p><\/p>\n\n\n\n<p><strong>Tramita\u00e7\u00e3o para a emiss\u00e3o do Diploma de Conclus\u00e3o do Curso:&nbsp;<\/strong><\/p>\n\n\n\n<p><\/p>\n\n\n\n<ol class=\"wp-block-list\">\n<li>Dever\u00e1 ser enviada a documenta\u00e7\u00e3o exigida, conforme\u00a0<a href=\"https:\/\/sites.uel.br\/ccs\/orientacoes-apos-defesa-de-tese-e-dissertacao\/\" target=\"_blank\" rel=\"noreferrer noopener\">orienta\u00e7\u00f5es ap\u00f3s a defesa<\/a>,\u00a0\u00e0 Se\u00e7\u00e3o de P\u00f3s-Gradua\u00e7\u00e3o;<\/li>\n\n\n\n<li>A Coordena\u00e7\u00e3o do Programa dever\u00e1 autorizar o envio da documenta\u00e7\u00e3o \u00e0 PROPPG (conforme especificidade de cada Programa);<\/li>\n\n\n\n<li>A Se\u00e7\u00e3o de P\u00f3s-Gradua\u00e7\u00e3o encaminhar\u00e1, via e-mail, as vers\u00f5es finais e o termo de autoriza\u00e7\u00e3o para a Biblioteca Digital da UEL;<\/li>\n\n\n\n<li>A Se\u00e7\u00e3o de P\u00f3s-Gradua\u00e7\u00e3o encaminhar\u00e1 a ata de defesa e as declara\u00e7\u00f5es de participa\u00e7\u00f5es a dist\u00e2ncia (caso o exame tenha sido remoto), via malote,  \u00e0 PROPPG;<\/li>\n\n\n\n<li>A PROPPG emitir\u00e1 o Diploma de Conclus\u00e3o de Curso em at\u00e9 30 (trinta) dias ap\u00f3s o recebimento da documenta\u00e7\u00e3o;<\/li>\n\n\n\n<li>O(a) aluno(a) dever\u00e1 retirar seu Diploma de Conclus\u00e3o de Curso na PROPPG (<strong>3371-4780\/ <a href=\"mailto:atendimentoproppg@uel.br\" target=\"_blank\" rel=\"noreferrer noopener\">atendimentoproppg@uel.br<\/a><\/strong>).<\/li>\n<\/ol>\n\n\n\n<p><strong>ATEN\u00c7\u00c3O:&nbsp;<\/strong><\/p>\n\n\n\n<ul class=\"wp-block-list\">\n<li>O Atestado de Conclus\u00e3o de Curso estar\u00e1 dispon\u00edvel no&nbsp;&nbsp;<a href=\"https:\/\/sistemas.uel.br\/portaldepos\/index\" target=\"_blank\" rel=\"noreferrer noopener\">Portal do Estudante de P\u00f3s-Gradua\u00e7\u00e3o<\/a>&nbsp;ap\u00f3s a PROPPG receber a documenta\u00e7\u00e3o do(a) aluno(a);<\/li>\n\n\n\n<li>A documenta\u00e7\u00e3o somente ser\u00e1 enviada \u00e0 PROPPG ap\u00f3s o recebimento de&nbsp;<strong>TODOS<\/strong>&nbsp;os documentos, bem como a autoriza\u00e7\u00e3o da Coordena\u00e7\u00e3o do Programa (conforme especificidade de cada Programa);<\/li>\n\n\n\n<li>O malote ser\u00e1 transportado para a UEL no per\u00edodo <strong>matutino das ter\u00e7as-feiras  e quintas-feiras<\/strong>.<\/li>\n<\/ul>\n","protected":false},"excerpt":{"rendered":"<p>Tramita\u00e7\u00e3o para a emiss\u00e3o do Diploma de Conclus\u00e3o do Curso:&nbsp; ATEN\u00c7\u00c3O:&nbsp;<\/p>\n","protected":false},"author":15,"featured_media":0,"parent":0,"menu_order":0,"comment_status":"closed","ping_status":"closed","template":"","meta":{"_acf_changed":false,"footnotes":""},"class_list":["post-1393","page","type-page","status-publish","hentry"],"acf":[],"_links":{"self":[{"href":"https:\/\/sites.uel.br\/ccs\/wp-json\/wp\/v2\/pages\/1393","targetHints":{"allow":["GET"]}}],"collection":[{"href":"https:\/\/sites.uel.br\/ccs\/wp-json\/wp\/v2\/pages"}],"about":[{"href":"https:\/\/sites.uel.br\/ccs\/wp-json\/wp\/v2\/types\/page"}],"author":[{"embeddable":true,"href":"https:\/\/sites.uel.br\/ccs\/wp-json\/wp\/v2\/users\/15"}],"replies":[{"embeddable":true,"href":"https:\/\/sites.uel.br\/ccs\/wp-json\/wp\/v2\/comments?post=1393"}],"version-history":[{"count":9,"href":"https:\/\/sites.uel.br\/ccs\/wp-json\/wp\/v2\/pages\/1393\/revisions"}],"predecessor-version":[{"id":1722,"href":"https:\/\/sites.uel.br\/ccs\/wp-json\/wp\/v2\/pages\/1393\/revisions\/1722"}],"wp:attachment":[{"href":"https:\/\/sites.uel.br\/ccs\/wp-json\/wp\/v2\/media?parent=1393"}],"curies":[{"name":"wp","href":"https:\/\/api.w.org\/{rel}","templated":true}]}}