{"id":1392,"date":"2024-05-07T15:12:54","date_gmt":"2024-05-07T18:12:54","guid":{"rendered":"https:\/\/sites.uel.br\/ccs\/?page_id=1392"},"modified":"2025-09-29T15:09:42","modified_gmt":"2025-09-29T18:09:42","slug":"orientacoes-apos-defesa-de-tese-e-dissertacao","status":"publish","type":"page","link":"https:\/\/sites.uel.br\/ccs\/orientacoes-apos-defesa-de-tese-e-dissertacao\/","title":{"rendered":"Orienta\u00e7\u00f5es ap\u00f3s a Defesa"},"content":{"rendered":"\n<p><\/p>\n\n\n\n<p><\/p>\n\n\n\n<p><\/p>\n\n\n\n<p>Ap\u00f3s o Exame de Defesa dever\u00e3o ser enviados,&nbsp;em at\u00e9 30 (trinta) ou 60 (sessenta) dias <strong><u>(<\/u>conforme exig\u00eancia de CADA Programa. D\u00favidas sobre este item, favor verificar com o(a) Orientador(a), Coordena\u00e7\u00e3o do Programa ou no Regimento do Programa &#8211; dispon\u00edvel no&nbsp;<\/strong><a href=\"https:\/\/sites.uel.br\/proppg\/wp-content\/uploads\/2024\/04\/Catalogo_Cursos-PG-2024.pdf\" target=\"_blank\" rel=\"noreferrer noopener\"><strong>site do Programa<\/strong><\/a><strong><u>),<\/u><\/strong>&nbsp;os seguintes documentos:&nbsp;<\/p>\n\n\n\n<ul class=\"wp-block-list\">\n<li>Vers\u00f5es finais do trabalho em formatos doc\/docx e pdf;<\/li>\n\n\n\n<li><a href=\"https:\/\/docs.google.com\/forms\/d\/e\/1FAIpQLSenQjevCYHTFA_G0IUY-9Ov2OFzLW1xiAXql-ewi8qsNpCLvw\/viewform\" target=\"_blank\" rel=\"noreferrer noopener\">Termo de Autoriza\u00e7\u00e3o<\/a>\u00a0 (dever\u00e1 estar preenchido e assinado pelo(a) autor(a) e orientador(a));<\/li>\n\n\n\n<li><a href=\"https:\/\/sites.uel.br\/bibliotecas\/geracao-automatica-de-ficha-catalografica\/\" target=\"_blank\" rel=\"noreferrer noopener\">Ficha Catalogr\u00e1fica<\/a>&nbsp; (dever\u00e1 ser inserida na vers\u00e3o final do trabalho);<\/li>\n\n\n\n<li>Comprovante de submiss\u00e3o do artigo ou comprova\u00e7\u00e3o da publica\u00e7\u00e3o do mesmo&nbsp;<strong><u>(<\/u>conforme exig\u00eancia de CADA Programa. D\u00favidas sobre este item, favor verificar com o(a) Orientador(a), Coordena\u00e7\u00e3o do Programa ou no Regimento do Programa &#8211; dispon\u00edvel no&nbsp;<a href=\"https:\/\/sites.uel.br\/proppg\/wp-content\/uploads\/2024\/04\/Catalogo_Cursos-PG-2024.pdf\" target=\"_blank\" rel=\"noreferrer noopener\"><strong>site do Programa<\/strong><\/a>).<\/strong><\/li>\n<\/ul>\n\n\n\n<p>A documenta\u00e7\u00e3o dever\u00e1 ser encaminhada, em&nbsp;<strong>E-MAIL \u00daNICO<\/strong>, para:&nbsp;<\/p>\n\n\n\n<ul class=\"wp-block-list\">\n<li>e-mail da Coordena\u00e7\u00e3o do Programa;<\/li>\n\n\n\n<li>e-mail do(a) Orientador(a);<\/li>\n\n\n\n<li>e-mail da Se\u00e7\u00e3o de P\u00f3s-Gradua\u00e7\u00e3o do CCS (<a href=\"mailto:spgccs@uel.br\" target=\"_blank\" rel=\"noreferrer noopener\">spgccs@uel.br<\/a>).&nbsp;<\/li>\n<\/ul>\n\n\n\n<p>Tais documentos ser\u00e3o direcionados ao Reposit\u00f3rio Institucional da UEL &#8211; <a href=\"https:\/\/repositorio.uel.br\/home\" target=\"_blank\" rel=\"noreferrer noopener\">RIUEL.<\/a><\/p>\n\n\n\n<p><strong>ATEN\u00c7\u00c3O: N\u00e3o \u00e9 necess\u00e1ria a entrega da disserta\u00e7\u00e3o\/tese impressa.<\/strong><\/p>\n","protected":false},"excerpt":{"rendered":"<p>Ap\u00f3s o Exame de Defesa dever\u00e3o ser enviados,&nbsp;em at\u00e9 30 (trinta) ou 60 (sessenta) dias (conforme exig\u00eancia de CADA Programa. D\u00favidas sobre este item, favor verificar com o(a) Orientador(a), Coordena\u00e7\u00e3o do Programa ou no Regimento do Programa &#8211; dispon\u00edvel no&nbsp;site do Programa),&nbsp;os seguintes documentos:&nbsp; A documenta\u00e7\u00e3o dever\u00e1 ser encaminhada, em&nbsp;E-MAIL \u00daNICO, para:&nbsp; Tais documentos ser\u00e3o [&hellip;]<\/p>\n","protected":false},"author":15,"featured_media":0,"parent":0,"menu_order":0,"comment_status":"closed","ping_status":"closed","template":"","meta":{"_acf_changed":false,"footnotes":""},"class_list":["post-1392","page","type-page","status-publish","hentry"],"acf":[],"_links":{"self":[{"href":"https:\/\/sites.uel.br\/ccs\/wp-json\/wp\/v2\/pages\/1392","targetHints":{"allow":["GET"]}}],"collection":[{"href":"https:\/\/sites.uel.br\/ccs\/wp-json\/wp\/v2\/pages"}],"about":[{"href":"https:\/\/sites.uel.br\/ccs\/wp-json\/wp\/v2\/types\/page"}],"author":[{"embeddable":true,"href":"https:\/\/sites.uel.br\/ccs\/wp-json\/wp\/v2\/users\/15"}],"replies":[{"embeddable":true,"href":"https:\/\/sites.uel.br\/ccs\/wp-json\/wp\/v2\/comments?post=1392"}],"version-history":[{"count":6,"href":"https:\/\/sites.uel.br\/ccs\/wp-json\/wp\/v2\/pages\/1392\/revisions"}],"predecessor-version":[{"id":2901,"href":"https:\/\/sites.uel.br\/ccs\/wp-json\/wp\/v2\/pages\/1392\/revisions\/2901"}],"wp:attachment":[{"href":"https:\/\/sites.uel.br\/ccs\/wp-json\/wp\/v2\/media?parent=1392"}],"curies":[{"name":"wp","href":"https:\/\/api.w.org\/{rel}","templated":true}]}}