{"id":1391,"date":"2024-05-07T15:12:54","date_gmt":"2024-05-07T18:12:54","guid":{"rendered":"https:\/\/sites.uel.br\/ccs\/?page_id=1391"},"modified":"2025-11-05T16:26:27","modified_gmt":"2025-11-05T19:26:27","slug":"formularios","status":"publish","type":"page","link":"https:\/\/sites.uel.br\/ccs\/formularios\/","title":{"rendered":"Formul\u00e1rios"},"content":{"rendered":"\n<p><\/p>\n\n\n\n<p><\/p>\n\n\n\n<p><a href=\"https:\/\/docs.google.com\/forms\/d\/1-DgpIC-yi7hIVht5tKLCEoTdip-srYCq3VqnLi1zBUQ\/edit\" target=\"_blank\" rel=\"noreferrer noopener\">Formul\u00e1rio De Solicita\u00e7\u00e3o De Exame Qualifica\u00e7\u00e3o\/ Defesa<\/a><\/p>\n\n\n\n<p><a href=\"https:\/\/sites.uel.br\/ccs\/wp-content\/uploads\/2023\/10\/FORMULARIO-DE-CADASTRO-DE-PROFESSOR-CONVIDADO-2.docx\" target=\"_blank\" rel=\"noreferrer noopener\">Formul\u00e1rio De Professor Convidado<\/a><\/p>\n\n\n\n<p><a href=\"https:\/\/docs.google.com\/forms\/d\/e\/1FAIpQLSdd9DDYenLz5b_38EMGSHocpetTzRp0ZGZEt9m3QWXSVV7p2g\/viewform\" target=\"_blank\" rel=\"noreferrer noopener\">Formul\u00e1rio De Solicita\u00e7\u00e3o Da Disciplina De Est\u00e1gio Em Doc\u00eancia<\/a><\/p>\n\n\n\n<p><a href=\"https:\/\/sites.uel.br\/ccs\/wp-content\/uploads\/2025\/08\/DECLARACAO-DE-COORIENTADOR-VISITANTE-1.doc\" data-type=\"link\" data-id=\"https:\/\/sites.uel.br\/ccs\/wp-content\/uploads\/2025\/08\/DECLARACAO-DE-COORIENTADOR-VISITANTE-1.doc\" target=\"_blank\" rel=\"noreferrer noopener\">For<\/a><a href=\"https:\/\/sites.uel.br\/ccs\/wp-content\/uploads\/2025\/08\/DECLARACAO-DE-COORIENTADOR.doc\" data-type=\"link\" data-id=\"https:\/\/sites.uel.br\/ccs\/wp-content\/uploads\/2025\/08\/DECLARACAO-DE-COORIENTADOR-VISITANTE-1.doc\" target=\"_blank\" rel=\"noreferrer noopener\">mul\u00e1rio De Declara\u00e7\u00e3o de Coorientador<\/a><\/p>\n\n\n\n<p><a href=\"https:\/\/sites.uel.br\/ccs\/wp-content\/uploads\/2025\/11\/Formulario-pedido-de-Qualif_DEFESA_Ciencias-da-Reabilitacao_2025.docx\" data-type=\"attachment\" data-id=\"2982\" target=\"_blank\" rel=\"noreferrer noopener\">\u00a0Ficha de Qualifica\u00e7\u00e3o e Defesa do Programa de Ci\u00eancias da Reabilita\u00e7\u00e3o<\/a><\/p>\n\n\n\n<p><\/p>\n","protected":false},"excerpt":{"rendered":"<p>Formul\u00e1rio De Solicita\u00e7\u00e3o De Exame Qualifica\u00e7\u00e3o\/ Defesa Formul\u00e1rio De Professor Convidado Formul\u00e1rio De Solicita\u00e7\u00e3o Da Disciplina De Est\u00e1gio Em Doc\u00eancia Formul\u00e1rio De Declara\u00e7\u00e3o de Coorientador \u00a0Ficha de Qualifica\u00e7\u00e3o e Defesa do Programa de Ci\u00eancias da Reabilita\u00e7\u00e3o<\/p>\n","protected":false},"author":15,"featured_media":0,"parent":0,"menu_order":0,"comment_status":"closed","ping_status":"closed","template":"","meta":{"_acf_changed":false,"footnotes":""},"class_list":["post-1391","page","type-page","status-publish","hentry"],"acf":[],"_links":{"self":[{"href":"https:\/\/sites.uel.br\/ccs\/wp-json\/wp\/v2\/pages\/1391","targetHints":{"allow":["GET"]}}],"collection":[{"href":"https:\/\/sites.uel.br\/ccs\/wp-json\/wp\/v2\/pages"}],"about":[{"href":"https:\/\/sites.uel.br\/ccs\/wp-json\/wp\/v2\/types\/page"}],"author":[{"embeddable":true,"href":"https:\/\/sites.uel.br\/ccs\/wp-json\/wp\/v2\/users\/15"}],"replies":[{"embeddable":true,"href":"https:\/\/sites.uel.br\/ccs\/wp-json\/wp\/v2\/comments?post=1391"}],"version-history":[{"count":8,"href":"https:\/\/sites.uel.br\/ccs\/wp-json\/wp\/v2\/pages\/1391\/revisions"}],"predecessor-version":[{"id":2990,"href":"https:\/\/sites.uel.br\/ccs\/wp-json\/wp\/v2\/pages\/1391\/revisions\/2990"}],"wp:attachment":[{"href":"https:\/\/sites.uel.br\/ccs\/wp-json\/wp\/v2\/media?parent=1391"}],"curies":[{"name":"wp","href":"https:\/\/api.w.org\/{rel}","templated":true}]}}