{"id":1387,"date":"2024-05-07T15:12:54","date_gmt":"2024-05-07T18:12:54","guid":{"rendered":"https:\/\/sites.uel.br\/ccs\/?page_id=1387"},"modified":"2025-10-06T10:22:39","modified_gmt":"2025-10-06T13:22:39","slug":"programas-de-pos-graduacao","status":"publish","type":"page","link":"https:\/\/sites.uel.br\/ccs\/programas-de-pos-graduacao\/","title":{"rendered":"Programas de P\u00f3s-Gradua\u00e7\u00e3o"},"content":{"rendered":"\n<p><\/p>\n\n\n\n<p><\/p>\n\n\n\n<p><strong>Mestrados e Doutorados<\/strong><\/p>\n\n\n\n<p><\/p>\n\n\n\n<p><strong><a href=\"https:\/\/pgsscogna.com.br\/ciencias-da-reabilitacao\/\" target=\"_blank\" rel=\"noreferrer noopener\">Programa de P\u00f3s \u2013 Gradua\u00e7\u00e3o em Ci\u00eancias da Reabilita\u00e7\u00e3o<\/a>&nbsp;<\/strong><\/p>\n\n\n\n<p>Coordena\u00e7\u00e3o: Prof. Dr. Jefferson Rosa Cardoso\/ E-mail:&nbsp;<a href=\"mailto:ppgcrfisio@uel.br\" target=\"_blank\" rel=\"noreferrer noopener\">ppgcrfisio@uel.br<\/a><\/p>\n\n\n\n<p><\/p>\n\n\n\n<p><\/p>\n\n\n\n<p><strong><a href=\"https:\/\/pos.uel.br\/cienciasdasaude\/\" target=\"_blank\" rel=\"noreferrer noopener\">Programa de P\u00f3s \u2013 Gradua\u00e7\u00e3o em Ci\u00eancias da Sa\u00fade&nbsp;<\/a>&nbsp;<\/strong><\/p>\n\n\n\n<p>Coordena\u00e7\u00e3o: Profa. Dra. Rubia Casagrande\/ E-mail:&nbsp;<a href=\"mailto:ppgcs@uel.br\" target=\"_blank\" rel=\"noreferrer noopener\">ppgcs@uel.br<\/a><\/p>\n\n\n\n<p><\/p>\n\n\n\n<p><\/p>\n\n\n\n<p><a href=\"https:\/\/pos.uel.br\/ppgcfuel\/\" target=\"_blank\" rel=\"noreferrer noopener\"><strong>Programa de P\u00f3s \u2013 Gradua\u00e7\u00e3o em Ci\u00eancias Farmac\u00eauticas<\/strong><\/a><a href=\"https:\/\/pos.uel.br\/cienciasdasaude\/\" target=\"_blank\" rel=\"noreferrer noopener\"><strong>&nbsp;<\/strong><\/a><\/p>\n\n\n\n<p>Coordena\u00e7\u00e3o: Profa. Dra. Sandra Regina Georgetti\/ E-mail:&nbsp;<a href=\"mailto:poscfuel@uel.br\" target=\"_blank\" rel=\"noreferrer noopener\">poscfuel@uel.br<\/a><\/p>\n\n\n\n<p><\/p>\n\n\n\n<p><\/p>\n\n\n\n<p><a href=\"https:\/\/pos.uel.br\/ppenf\/\" target=\"_blank\" rel=\"noreferrer noopener\"><strong>Programa de P\u00f3s \u2013 Gradua\u00e7\u00e3o em Enfermagem<\/strong><\/a><\/p>\n\n\n\n<p>Coordena\u00e7\u00e3o: Profa. Dra. Adriana Zani\u00a0\/ E-mail:\u00a0<a href=\"mailto:ppgenfuel@uel.br\" target=\"_blank\" rel=\"noreferrer noopener\">ppgenfuel@uel.br<\/a><\/p>\n\n\n\n<p><\/p>\n\n\n\n<p><\/p>\n\n\n\n<p><a href=\"http:\/\/www.uel.br\/pos\/fisiopatologiaclinica\/\" target=\"_blank\" rel=\"noreferrer noopener\"><strong>Programa de P\u00f3s \u2013 Gradua\u00e7\u00e3o em Fisiopatologia Cl\u00ednica e Laboratorial<\/strong><\/a><a href=\"https:\/\/pos.uel.br\/cienciasdasaude\/\" target=\"_blank\" rel=\"noreferrer noopener\"><strong>&nbsp;<\/strong><\/a><\/p>\n\n\n\n<p>Coordena\u00e7\u00e3o: Profa. Dra. Marcia Regina Eches Perugini\/ Email:\u00a0<a href=\"mailto:mestrado.fisiopatologia.uel@gmail.com\" target=\"_blank\" rel=\"noreferrer noopener\">\u00a0<a href=\"mailto:fisiopato@uel.br\" target=\"_blank\" rel=\"noreferrer noopener\">fisiopato@uel.br<\/a><\/a><\/p>\n\n\n\n<p><\/p>\n\n\n\n<p><\/p>\n\n\n\n<p><a href=\"https:\/\/pos.uel.br\/saudecoletiva\/\" target=\"_blank\" rel=\"noreferrer noopener\"><strong>Programa de P\u00f3s \u2013 Gradua\u00e7\u00e3o em Sa\u00fade Coletiva<\/strong><\/a><\/p>\n\n\n\n<p>Coordena\u00e7\u00e3o: Profa. Dra. Fernanda de Freitas Mendon\u00e7a\/ E-mail:&nbsp;<a href=\"mailto:ppgsc@uel.br\" target=\"_blank\" rel=\"noreferrer noopener\">ppgsc@uel.br<\/a><\/p>\n","protected":false},"excerpt":{"rendered":"<p>Mestrados e Doutorados Programa de P\u00f3s \u2013 Gradua\u00e7\u00e3o em Ci\u00eancias da Reabilita\u00e7\u00e3o&nbsp; Coordena\u00e7\u00e3o: Prof. Dr. Jefferson Rosa Cardoso\/ E-mail:&nbsp;ppgcrfisio@uel.br Programa de P\u00f3s \u2013 Gradua\u00e7\u00e3o em Ci\u00eancias da Sa\u00fade&nbsp;&nbsp; Coordena\u00e7\u00e3o: Profa. Dra. Rubia Casagrande\/ E-mail:&nbsp;ppgcs@uel.br Programa de P\u00f3s \u2013 Gradua\u00e7\u00e3o em Ci\u00eancias Farmac\u00eauticas&nbsp; Coordena\u00e7\u00e3o: Profa. Dra. Sandra Regina Georgetti\/ E-mail:&nbsp;poscfuel@uel.br Programa de P\u00f3s \u2013 Gradua\u00e7\u00e3o em [&hellip;]<\/p>\n","protected":false},"author":15,"featured_media":0,"parent":0,"menu_order":0,"comment_status":"closed","ping_status":"closed","template":"","meta":{"_acf_changed":false,"footnotes":""},"class_list":["post-1387","page","type-page","status-publish","hentry"],"acf":[],"_links":{"self":[{"href":"https:\/\/sites.uel.br\/ccs\/wp-json\/wp\/v2\/pages\/1387","targetHints":{"allow":["GET"]}}],"collection":[{"href":"https:\/\/sites.uel.br\/ccs\/wp-json\/wp\/v2\/pages"}],"about":[{"href":"https:\/\/sites.uel.br\/ccs\/wp-json\/wp\/v2\/types\/page"}],"author":[{"embeddable":true,"href":"https:\/\/sites.uel.br\/ccs\/wp-json\/wp\/v2\/users\/15"}],"replies":[{"embeddable":true,"href":"https:\/\/sites.uel.br\/ccs\/wp-json\/wp\/v2\/comments?post=1387"}],"version-history":[{"count":7,"href":"https:\/\/sites.uel.br\/ccs\/wp-json\/wp\/v2\/pages\/1387\/revisions"}],"predecessor-version":[{"id":2916,"href":"https:\/\/sites.uel.br\/ccs\/wp-json\/wp\/v2\/pages\/1387\/revisions\/2916"}],"wp:attachment":[{"href":"https:\/\/sites.uel.br\/ccs\/wp-json\/wp\/v2\/media?parent=1387"}],"curies":[{"name":"wp","href":"https:\/\/api.w.org\/{rel}","templated":true}]}}