{"id":944,"date":"2021-07-30T11:50:29","date_gmt":"2021-07-30T14:50:29","guid":{"rendered":"https:\/\/sites.uel.br\/cce\/?page_id=944"},"modified":"2022-08-12T10:35:26","modified_gmt":"2022-08-12T13:35:26","slug":"ingressante-quimica","status":"publish","type":"page","link":"https:\/\/sites.uel.br\/cce\/ingressante-quimica\/","title":{"rendered":"Ingressante &#8211; Qu\u00edmica"},"content":{"rendered":"<h3>&nbsp;<\/h3>\n<h3>Boas-vindas aos Ingressantes<\/h3>\n<p>Para que toda a estrutura acad\u00eamica do curso funcione, \u00e9 necess\u00e1rio algu\u00e9m para administrar o departamento ao qual seu curso est\u00e1 vinculado. Essa miss\u00e3o hoje (gest\u00e3o 2022-2023) cabe ao Prof. Jo\u00e3o Carlos Alves (chefe) e ao Prof. Roberto de Matos (vice-chefe). Sintam-se muito bem-vindos.<\/p>\n<p><\/p>\n<p><strong>Vice-Chefe do Departamento de Qu\u00edmica \u2013 Prof. Roberto de Matos<\/strong><\/p>\n\n\n<figure class=\"wp-block-embed is-type-video is-provider-youtube wp-block-embed-youtube wp-embed-aspect-16-9 wp-has-aspect-ratio\"><div class=\"wp-block-embed__wrapper\">\n<iframe loading=\"lazy\" title=\"Prof. Roberto de Matos - Departamento de Qu\u00edmica\" width=\"500\" height=\"281\" src=\"https:\/\/www.youtube.com\/embed\/7jNAjj6TkRI?feature=oembed\" frameborder=\"0\" allow=\"accelerometer; autoplay; clipboard-write; encrypted-media; gyroscope; picture-in-picture; web-share\" referrerpolicy=\"strict-origin-when-cross-origin\" allowfullscreen><\/iframe>\n<\/div><\/figure>\n\n\n<p>\u00a0<\/p>\n<p><strong>Colegiado do Curso de Qu\u00edmica<\/strong><\/p>\n<p>Para o perfeito funcionamento acad\u00eamico do curso \u00e9 necess\u00e1rio uma equipe formada por docentes, t\u00e9cnicos e discentes, nominada Colegiado, cuja fun\u00e7\u00e3o est\u00e1 prevista no regulamento interno da UEL, dispondo que:<\/p>\n<p>\u00a0<strong>Art. 64.<\/strong> Os Colegiados de Cursos de Gradua\u00e7\u00e3o exercem a coordena\u00e7\u00e3o pedag\u00f3gica dos cursos e ser\u00e3o constitu\u00eddos por representantes docentes da \u00e1rea principal de conhecimento e da \u00e1rea b\u00e1sica e\/ou complementar de conhecimento, estudantes e servidores, na forma prevista nos\u00a7\u00a7 2\u00ba e 3\u00ba do Art. 27 do Estatuto da Universidade. (Art. Alterado atrav\u00e9s da Res. CU 168\/2007).<\/p>\n<p><strong>\u00a0Par\u00e1grafo \u00fanico<\/strong>. Cada curso de gradua\u00e7\u00e3o ter\u00e1 um \u00fanico Colegiado, independentemente do n\u00famero de habilita\u00e7\u00f5es, salvo nos casos de especificidades da forma\u00e7\u00e3o profissional com curr\u00edculos sem tronco comum, casos em que, com a aprova\u00e7\u00e3o do Conselho de Ensino, Pesquisa e Extens\u00e3o, poder\u00e1 haver separa\u00e7\u00e3o em mais de um Colegiado. (Par\u00e1grafo Alterado atrav\u00e9s da Res.CU 168\/2007).<\/p>\n<p>O Coordenador do Colegiado do Curso de Qu\u00edmica quer recepcion\u00e1-los.<\/p>\n<p><strong>Coordenador de Colegiado do Curso de Qu\u00edmica &#8211; Prof. Carla Cristina Perez<\/strong><\/p>\n\n<p><\/p>\n<p><strong>Alunos Veteranos<\/strong><\/p>\n<p>Eles j\u00e1 vivenciaram o momento que voc\u00eas est\u00e3o vivendo agora. Muitas d\u00favidas, incertezas, mas com muita garra e vontade de aprender. S\u00e3o os veteranos do Curso de Qu\u00edmica que, tamb\u00e9m, querem dar-lhes as boas vindas.&nbsp;<\/p>\n\n\n<figure class=\"wp-block-embed is-type-video is-provider-youtube wp-block-embed-youtube wp-embed-aspect-16-9 wp-has-aspect-ratio\"><div class=\"wp-block-embed__wrapper\">\n<iframe loading=\"lazy\" title=\"Alunos de Qu\u00edmica\" width=\"500\" height=\"281\" src=\"https:\/\/www.youtube.com\/embed\/4GpEPfV9mM0?feature=oembed\" frameborder=\"0\" allow=\"accelerometer; autoplay; clipboard-write; encrypted-media; gyroscope; picture-in-picture; web-share\" referrerpolicy=\"strict-origin-when-cross-origin\" allowfullscreen><\/iframe>\n<\/div><\/figure>\n\n\n<h3>&nbsp;<\/h3>\n<h3>Conhe\u00e7a a Secretaria do Departamento de Qu\u00edmica<\/h3>\n<p>Nosso pessoal t\u00e9cnico-administrativo est\u00e1 preparado para atend\u00ea-los. Conhe\u00e7a um pouco da secretaria do departamento ao qual seu curso est\u00e1 vinculado.<\/p>\n<p>Secret\u00e1rio &#8211; Rog\u00e9rio Carvalho dos Santos&nbsp; &nbsp; &nbsp; &nbsp; &nbsp; &nbsp; Contato: (43) 3371- 4286&nbsp; &nbsp;&#8211;&nbsp; quimica@uel.br<\/p>\n\n\n<figure class=\"wp-block-embed is-type-video is-provider-youtube wp-block-embed-youtube wp-embed-aspect-16-9 wp-has-aspect-ratio\"><div class=\"wp-block-embed__wrapper\">\n<iframe loading=\"lazy\" title=\"Secretaria do Departamento de Qu\u00edmica\" width=\"500\" height=\"281\" src=\"https:\/\/www.youtube.com\/embed\/MHmjaLU4pFo?feature=oembed\" frameborder=\"0\" allow=\"accelerometer; autoplay; clipboard-write; encrypted-media; gyroscope; picture-in-picture; web-share\" referrerpolicy=\"strict-origin-when-cross-origin\" allowfullscreen><\/iframe>\n<\/div><\/figure>\n\n\n<p><\/p>\n<p><strong>Saiba mais: visite a p\u00e1gina do&nbsp;<a href=\"http:\/\/www.uel.br\/cce\/quimica\/portal\/\">Departamento de Qu\u00edmica<\/a><\/strong><\/p>\n<p><\/p>\n<p><strong>Programa\u00e7\u00e3o &#8211; Semana de Recep\u00e7\u00e3o aos Ingressantes &#8211; UEL 2022<\/strong><\/p>\n<p>O Colegiado do Curso de Qu\u00edmica preparou uma semana especial de recep\u00e7\u00e3o a voc\u00eas. Confiram a programa\u00e7\u00e3o:<\/p>\n<p>Programa\u00e7\u00e3o &#8211; Qu\u00edmica (<span style=\"color: #0000ff;\"><strong>Bacharelado<\/strong><\/span>)<\/p>\n\n\n<div data-wp-interactive=\"core\/file\" class=\"wp-block-file\"><object data-wp-bind--hidden=\"!state.hasPdfPreview\" hidden class=\"wp-block-file__embed\" data=\"https:\/\/sites.uel.br\/cce\/wp-content\/uploads\/2022\/07\/Bacharelado-Quimica_TEMPLATE-WORD-semana-de-recepc\u0327a\u0303o-PROGRAMA-integral-1.pdf\" type=\"application\/pdf\" style=\"width:100%;height:600px\" aria-label=\"Incorporado de Incorporado de Bacharelado-Quimica_TEMPLATE-WORD-semana-de-recepc\u0327a\u0303o-PROGRAMA-integral-1..\"><\/object><a id=\"wp-block-file--media-c6db6b80-fa6e-43cc-bbcf-1a171d00bc2c\" href=\"https:\/\/sites.uel.br\/cce\/wp-content\/uploads\/2022\/07\/Bacharelado-Quimica_TEMPLATE-WORD-semana-de-recepc\u0327a\u0303o-PROGRAMA-integral-1.pdf\">Bacharelado-Quimica_TEMPLATE-WORD-semana-de-recepc\u0327a\u0303o-PROGRAMA-integral-1<\/a><a href=\"https:\/\/sites.uel.br\/cce\/wp-content\/uploads\/2022\/07\/Bacharelado-Quimica_TEMPLATE-WORD-semana-de-recepc\u0327a\u0303o-PROGRAMA-integral-1.pdf\" class=\"wp-block-file__button\" download aria-describedby=\"wp-block-file--media-c6db6b80-fa6e-43cc-bbcf-1a171d00bc2c\">Baixar<\/a><\/div>\n\n\n<p>Programa\u00e7\u00e3o &#8211; Qu\u00edmica (<span style=\"color: #0000ff;\"><strong>Licenciatura<\/strong><\/span>)<\/p>\n\n\n<div data-wp-interactive=\"core\/file\" class=\"wp-block-file\"><object data-wp-bind--hidden=\"!state.hasPdfPreview\" hidden class=\"wp-block-file__embed\" data=\"https:\/\/sites.uel.br\/cce\/wp-content\/uploads\/2022\/07\/Licenciatura-Quimica_TEMPLATE-WORD-semana-de-recepc\u0327a\u0303o-PROGRAMA-noturno-1.pdf\" type=\"application\/pdf\" style=\"width:100%;height:600px\" aria-label=\"Incorporado de Incorporado de Licenciatura-Quimica_TEMPLATE-WORD-semana-de-recepc\u0327a\u0303o-PROGRAMA-noturno-1..\"><\/object><a id=\"wp-block-file--media-bdb664a7-4c9e-47d1-8229-9f8da7892a97\" href=\"https:\/\/sites.uel.br\/cce\/wp-content\/uploads\/2022\/07\/Licenciatura-Quimica_TEMPLATE-WORD-semana-de-recepc\u0327a\u0303o-PROGRAMA-noturno-1.pdf\">Licenciatura-Quimica_TEMPLATE-WORD-semana-de-recepc\u0327a\u0303o-PROGRAMA-noturno-1<\/a><a href=\"https:\/\/sites.uel.br\/cce\/wp-content\/uploads\/2022\/07\/Licenciatura-Quimica_TEMPLATE-WORD-semana-de-recepc\u0327a\u0303o-PROGRAMA-noturno-1.pdf\" class=\"wp-block-file__button\" download aria-describedby=\"wp-block-file--media-bdb664a7-4c9e-47d1-8229-9f8da7892a97\">Baixar<\/a><\/div>\n","protected":false},"excerpt":{"rendered":"<p>&nbsp; Boas-vindas aos Ingressantes Para que toda a estrutura acad\u00eamica do curso funcione, \u00e9 necess\u00e1rio algu\u00e9m para administrar o departamento ao qual seu curso est\u00e1 vinculado. Essa miss\u00e3o hoje (gest\u00e3o 2022-2023) cabe ao Prof. Jo\u00e3o Carlos Alves (chefe) e ao Prof. Roberto de Matos (vice-chefe). Sintam-se muito bem-vindos. Vice-Chefe do Departamento de Qu\u00edmica \u2013 Prof. [&hellip;]<\/p>\n","protected":false},"author":8,"featured_media":0,"parent":0,"menu_order":0,"comment_status":"closed","ping_status":"closed","template":"","meta":{"footnotes":""},"class_list":["post-944","page","type-page","status-publish","hentry"],"_links":{"self":[{"href":"https:\/\/sites.uel.br\/cce\/wp-json\/wp\/v2\/pages\/944","targetHints":{"allow":["GET"]}}],"collection":[{"href":"https:\/\/sites.uel.br\/cce\/wp-json\/wp\/v2\/pages"}],"about":[{"href":"https:\/\/sites.uel.br\/cce\/wp-json\/wp\/v2\/types\/page"}],"author":[{"embeddable":true,"href":"https:\/\/sites.uel.br\/cce\/wp-json\/wp\/v2\/users\/8"}],"replies":[{"embeddable":true,"href":"https:\/\/sites.uel.br\/cce\/wp-json\/wp\/v2\/comments?post=944"}],"version-history":[{"count":22,"href":"https:\/\/sites.uel.br\/cce\/wp-json\/wp\/v2\/pages\/944\/revisions"}],"predecessor-version":[{"id":1603,"href":"https:\/\/sites.uel.br\/cce\/wp-json\/wp\/v2\/pages\/944\/revisions\/1603"}],"wp:attachment":[{"href":"https:\/\/sites.uel.br\/cce\/wp-json\/wp\/v2\/media?parent=944"}],"curies":[{"name":"wp","href":"https:\/\/api.w.org\/{rel}","templated":true}]}}