{"id":897,"date":"2021-07-30T11:49:29","date_gmt":"2021-07-30T14:49:29","guid":{"rendered":"https:\/\/sites.uel.br\/cce\/?page_id=897"},"modified":"2022-08-12T09:46:19","modified_gmt":"2022-08-12T12:46:19","slug":"ingressante-computacao","status":"publish","type":"page","link":"https:\/\/sites.uel.br\/cce\/ingressante-computacao\/","title":{"rendered":"Ingressante &#8211; Computa\u00e7\u00e3o"},"content":{"rendered":"<h3>\u00a0<\/h3>\n<h3>Boas-vindas aos Ingressantes<\/h3>\n<p>Para que toda a estrutura acad\u00eamica do curso funcione, \u00e9 necess\u00e1rio algu\u00e9m para administrar o departamento ao qual seu curso est\u00e1 vinculado. Essa miss\u00e3o hoje (gest\u00e3o 2022-2023) cabe ao Prof. F\u00e1bio Cesar Martins (Chefe) e ao Prof. Wesley Attrot (Vice Chefe). Sintam-se muito bem-vindos.<\/p>\n<p>\u00a0<\/p>\n<p><strong>Vice Chefe do Departamento de Computa\u00e7\u00e3o &#8211; Prof. Wesley Attrot<\/strong><\/p>\n<div style=\"width: 640px;\" class=\"wp-video\"><video class=\"wp-video-shortcode\" id=\"video-897-1\" width=\"640\" height=\"352\" preload=\"metadata\" controls=\"controls\"><source type=\"video\/mp4\" src=\"https:\/\/sites.uel.br\/cce\/wp-content\/uploads\/2022\/08\/WhatsApp-Video-2022-08-04-at-13.10.11.mp4?_=1\" \/><a href=\"https:\/\/sites.uel.br\/cce\/wp-content\/uploads\/2022\/08\/WhatsApp-Video-2022-08-04-at-13.10.11.mp4\">https:\/\/sites.uel.br\/cce\/wp-content\/uploads\/2022\/08\/WhatsApp-Video-2022-08-04-at-13.10.11.mp4<\/a><\/video><\/div>\n<p><strong>Colegiado do Curso de Ci\u00eancia da Computa\u00e7\u00e3o <\/strong><\/p>\n<p><small><big>Para o perfeito funcionamento acad\u00eamico do curso \u00e9 necess\u00e1rio uma equipe formada por docentes, t\u00e9cnicos e discentes, nominada Colegiado, cuja fun\u00e7\u00e3o est\u00e1 prevista no regulamento interno da UEL, dispondo que:<\/big><\/small><\/p>\n<p>\u00a0<small><big><strong>Art. 64.<\/strong> Os Colegiados de Cursos de Gradua\u00e7\u00e3o exercem a coordena\u00e7\u00e3o pedag\u00f3gica dos cursos e ser\u00e3o constitu\u00eddos por representantes docentes da \u00e1rea principal de conhecimento e da \u00e1rea b\u00e1sica e\/ou complementar de conhecimento, estudantes e servidores, na forma prevista nos\u00a7\u00a7 2\u00ba e 3\u00ba do Art. 27 do Estatuto da Universidade. (Art. Alterado atrav\u00e9s da Res. CU 168\/2007).<\/big><\/small><\/p>\n<div><strong>\u00a0<\/strong><small><big><strong>Par\u00e1grafo \u00fanico<\/strong>. Cada curso de gradua\u00e7\u00e3o ter\u00e1 um \u00fanico Colegiado, independentemente do n\u00famero de habilita\u00e7\u00f5es, salvo nos casos de especificidades da forma\u00e7\u00e3o profissional com curr\u00edculos sem tronco comum, casos em que, com a aprova\u00e7\u00e3o do Conselho de Ensino, Pesquisa e Extens\u00e3o, poder\u00e1 haver separa\u00e7\u00e3o em mais de um Colegiado. (Par\u00e1grafo Alterado atrav\u00e9s da Res.CU 168\/2007).<\/big><\/small><\/div>\n<p>O Coordenador do Colegiado do Curso de Ci\u00eancia da Computa\u00e7\u00e3o quer recepcion\u00e1-los.<\/p>\n<p><strong>Coordenador de Colegiado do curso de Ci\u00eancia da Computa\u00e7\u00e3o &#8211; Prof. Vitor Val\u00e9rio de Souza Campos<\/strong><\/p>\n\n\n<figure class=\"wp-block-embed is-type-video is-provider-youtube wp-block-embed-youtube wp-embed-aspect-16-9 wp-has-aspect-ratio\"><div class=\"wp-block-embed__wrapper\">\n<iframe loading=\"lazy\" title=\"Departamento de Computa\u00e7\u00e3o - Prof. Vitor Val\u00e9rio\" width=\"500\" height=\"281\" src=\"https:\/\/www.youtube.com\/embed\/Xiz8_4kV9Uc?feature=oembed\" frameborder=\"0\" allow=\"accelerometer; autoplay; clipboard-write; encrypted-media; gyroscope; picture-in-picture; web-share\" referrerpolicy=\"strict-origin-when-cross-origin\" allowfullscreen><\/iframe>\n<\/div><\/figure>\n\n\n<p><\/p>\n<p><strong>Alunos Veteranos<\/strong><\/p>\n<p>Eles j\u00e1 vivenciaram o momento que voc\u00eas est\u00e3o vivendo agora. Muitas d\u00favidas, incertezas, mas com muita garra e vontade de aprender. S\u00e3o os veteranos do Curso de Ci\u00eancia da Computa\u00e7\u00e3o que, tamb\u00e9m, querem dar-lhes as boas vindas.&nbsp;<\/p>\n\n\n<figure class=\"wp-block-embed is-type-video is-provider-youtube wp-block-embed-youtube wp-embed-aspect-16-9 wp-has-aspect-ratio\"><div class=\"wp-block-embed__wrapper\">\n<iframe loading=\"lazy\" title=\"Boas vindas - Alunos da Computa\u00e7\u00e3o\" width=\"500\" height=\"281\" src=\"https:\/\/www.youtube.com\/embed\/hPpfhi_2P5c?feature=oembed\" frameborder=\"0\" allow=\"accelerometer; autoplay; clipboard-write; encrypted-media; gyroscope; picture-in-picture; web-share\" referrerpolicy=\"strict-origin-when-cross-origin\" allowfullscreen><\/iframe>\n<\/div><\/figure>\n\n\n<p><\/p>\n<h3>Conhe\u00e7a a Secretaria do Departamento de Computa\u00e7\u00e3o<\/h3>\n<p>Nosso pessoal t\u00e9cnico-administrativo est\u00e1 preparado para atend\u00ea-los. Conhe\u00e7a um pouco da secretaria do departamento ao qual seu curso est\u00e1 vinculado.<\/p>\n<p>Secret\u00e1ria &#8211; Rosana Reis&nbsp; &nbsp; &nbsp; &nbsp; &nbsp; &nbsp; Contato: (43) 3371- 4678&nbsp; &nbsp;&#8211;&nbsp; secretaria.dc@uel.br<\/p>\n\n\n<figure class=\"wp-block-embed is-type-video is-provider-youtube wp-block-embed-youtube wp-embed-aspect-16-9 wp-has-aspect-ratio\"><div class=\"wp-block-embed__wrapper\">\n<iframe loading=\"lazy\" title=\"Secretaria do Departamento de Computa\u00e7\u00e3o\" width=\"500\" height=\"281\" src=\"https:\/\/www.youtube.com\/embed\/POLERdmxjaA?feature=oembed\" frameborder=\"0\" allow=\"accelerometer; autoplay; clipboard-write; encrypted-media; gyroscope; picture-in-picture; web-share\" referrerpolicy=\"strict-origin-when-cross-origin\" allowfullscreen><\/iframe>\n<\/div><\/figure>\n\n\n<p><\/p>\n<p><strong>Saiba mais: visite a p\u00e1gina do <a href=\"http:\/\/www.dc.uel.br\/\">Departamento de Computa\u00e7\u00e3o<\/a><\/strong><\/p>\n<p><\/p>\n<p><strong>Programa\u00e7\u00e3o &#8211; Semana de Recep\u00e7\u00e3o aos Ingressantes &#8211; UEL 2022<\/strong><\/p>\n<p>O Colegiado do Curso de Ci\u00eancia da Computa\u00e7\u00e3o preparou uma semana especial de recep\u00e7\u00e3o a voc\u00eas. Confiram a programa\u00e7\u00e3o:<\/p>\n\n\n<div data-wp-interactive=\"core\/file\" class=\"wp-block-file\"><object data-wp-bind--hidden=\"!state.hasPdfPreview\" hidden class=\"wp-block-file__embed\" data=\"https:\/\/sites.uel.br\/cce\/wp-content\/uploads\/2022\/07\/semana-de-recepc\u0327a\u0303o-PROGRAMA-Ciencia-da-Computacao.pdf\" type=\"application\/pdf\" style=\"width:100%;height:600px\" aria-label=\"Incorporado de Incorporado de semana-de-recepc\u0327a\u0303o-PROGRAMA-Ciencia-da-Computacao..\"><\/object><a id=\"wp-block-file--media-b6454a63-07eb-4f98-b646-7cdb82465059\" href=\"https:\/\/sites.uel.br\/cce\/wp-content\/uploads\/2022\/07\/semana-de-recepc\u0327a\u0303o-PROGRAMA-Ciencia-da-Computacao.pdf\">semana-de-recepc\u0327a\u0303o-PROGRAMA-Ciencia-da-Computacao<\/a><a href=\"https:\/\/sites.uel.br\/cce\/wp-content\/uploads\/2022\/07\/semana-de-recepc\u0327a\u0303o-PROGRAMA-Ciencia-da-Computacao.pdf\" class=\"wp-block-file__button\" download aria-describedby=\"wp-block-file--media-b6454a63-07eb-4f98-b646-7cdb82465059\">Baixar<\/a><\/div>\n\n\n\n<p><\/p>\n","protected":false},"excerpt":{"rendered":"<p>\u00a0 Boas-vindas aos Ingressantes Para que toda a estrutura acad\u00eamica do curso funcione, \u00e9 necess\u00e1rio algu\u00e9m para administrar o departamento ao qual seu curso est\u00e1 vinculado. Essa miss\u00e3o hoje (gest\u00e3o 2022-2023) cabe ao Prof. F\u00e1bio Cesar Martins (Chefe) e ao Prof. Wesley Attrot (Vice Chefe). Sintam-se muito bem-vindos. \u00a0 Vice Chefe do Departamento de Computa\u00e7\u00e3o [&hellip;]<\/p>\n","protected":false},"author":8,"featured_media":0,"parent":0,"menu_order":0,"comment_status":"closed","ping_status":"closed","template":"","meta":{"footnotes":""},"class_list":["post-897","page","type-page","status-publish","hentry"],"_links":{"self":[{"href":"https:\/\/sites.uel.br\/cce\/wp-json\/wp\/v2\/pages\/897","targetHints":{"allow":["GET"]}}],"collection":[{"href":"https:\/\/sites.uel.br\/cce\/wp-json\/wp\/v2\/pages"}],"about":[{"href":"https:\/\/sites.uel.br\/cce\/wp-json\/wp\/v2\/types\/page"}],"author":[{"embeddable":true,"href":"https:\/\/sites.uel.br\/cce\/wp-json\/wp\/v2\/users\/8"}],"replies":[{"embeddable":true,"href":"https:\/\/sites.uel.br\/cce\/wp-json\/wp\/v2\/comments?post=897"}],"version-history":[{"count":40,"href":"https:\/\/sites.uel.br\/cce\/wp-json\/wp\/v2\/pages\/897\/revisions"}],"predecessor-version":[{"id":1479,"href":"https:\/\/sites.uel.br\/cce\/wp-json\/wp\/v2\/pages\/897\/revisions\/1479"}],"wp:attachment":[{"href":"https:\/\/sites.uel.br\/cce\/wp-json\/wp\/v2\/media?parent=897"}],"curies":[{"name":"wp","href":"https:\/\/api.w.org\/{rel}","templated":true}]}}