{"id":891,"date":"2021-07-30T11:53:58","date_gmt":"2021-07-30T14:53:58","guid":{"rendered":"https:\/\/sites.uel.br\/cce\/?page_id=891"},"modified":"2022-08-12T09:41:13","modified_gmt":"2022-08-12T12:41:13","slug":"aluno-ingressante","status":"publish","type":"page","link":"https:\/\/sites.uel.br\/cce\/aluno-ingressante\/","title":{"rendered":"Aluno Ingressante do CCE 2022"},"content":{"rendered":"\n<p><\/p>\n\n\n<p>Seja muito bem-vindo ao Centro de Ci\u00eancias Exatas (CCE) da Universidade Estadual de Londrina. Aqui voc\u00ea vai encontrar um conjunto de conte\u00fados de apoio, para que voc\u00ea possa conhecer um pouco do seu Centro e Departamento de estudo. Receba as boas-vindas dos professores, alunos e t\u00e9cnicos-administrativos do CCE.\u00a0<\/p>\n<p>Alertamos voc\u00ea, para que fa\u00e7a a <a href=\"https:\/\/sistemas.uel.br\/portaldoestudante\/\"><span style=\"color: #0000ff;\"><strong>confirma\u00e7\u00e3o de sua matr\u00edcula<\/strong><\/span><\/a> na primeira semana de aula.<\/p>\n<p>\u00a0<\/p>\n<h3><strong>Boas-vindas do Diretor do CCE<\/strong><\/h3>\n<div style=\"width: 640px;\" class=\"wp-video\"><video class=\"wp-video-shortcode\" id=\"video-891-1\" width=\"640\" height=\"352\" preload=\"metadata\" controls=\"controls\"><source type=\"video\/mp4\" src=\"https:\/\/sites.uel.br\/cce\/wp-content\/uploads\/2022\/08\/Video-01_08_2022.mp4?_=1\" \/><a href=\"https:\/\/sites.uel.br\/cce\/wp-content\/uploads\/2022\/08\/Video-01_08_2022.mp4\">https:\/\/sites.uel.br\/cce\/wp-content\/uploads\/2022\/08\/Video-01_08_2022.mp4<\/a><\/video><\/div>\n<h3>\u00a0<\/h3>\n<h3><strong>Boas-vindas do Vice-Diretor do CCE<\/strong><\/h3>\n\n\n<figure class=\"wp-block-embed is-type-video is-provider-youtube wp-block-embed-youtube wp-embed-aspect-16-9 wp-has-aspect-ratio\"><div class=\"wp-block-embed__wrapper\">\n<iframe loading=\"lazy\" title=\"Vice-diretor CCE - Prof. Alan Salvany Felinto\" width=\"500\" height=\"281\" src=\"https:\/\/www.youtube.com\/embed\/jD4DHwzHUO0?feature=oembed\" frameborder=\"0\" allow=\"accelerometer; autoplay; clipboard-write; encrypted-media; gyroscope; picture-in-picture; web-share\" referrerpolicy=\"strict-origin-when-cross-origin\" allowfullscreen><\/iframe>\n<\/div><\/figure>\n\n\n<p><\/p>\n<h3>&nbsp;<\/h3>\n<h3>Conhe\u00e7a as Secretarias do Centro de Ci\u00eancias Exatas<\/h3>\n<p>Nosso pessoal t\u00e9cnico-administrativo est\u00e1 preparado para atend\u00ea-los. Conhe\u00e7a um pouco das secretarias do CCE: Secretaria de Apoio \u00e0 Gradua\u00e7\u00e3o, Secretaria de Apoio \u00e0 P\u00f3s-gradua\u00e7\u00e3o e Secretarial Geral do Centro.<\/p>\n\n\n<figure class=\"wp-block-embed is-type-video is-provider-youtube wp-block-embed-youtube wp-embed-aspect-16-9 wp-has-aspect-ratio\"><div class=\"wp-block-embed__wrapper\">\n<iframe loading=\"lazy\" title=\"Secretarias e pessoal t\u00e9cnico-administrativo do CCE.\" width=\"500\" height=\"281\" src=\"https:\/\/www.youtube.com\/embed\/ZuSP9DDrryM?feature=oembed\" frameborder=\"0\" allow=\"accelerometer; autoplay; clipboard-write; encrypted-media; gyroscope; picture-in-picture; web-share\" referrerpolicy=\"strict-origin-when-cross-origin\" allowfullscreen><\/iframe>\n<\/div><\/figure>\n\n\n<p><\/p>\n<h3>&nbsp;<\/h3>\n<h3><strong>Boas-vindas dos Chefes e Coordenadores de Colegiados<\/strong><\/h3>\n<p>Receba, ainda, as boas-vindas do Chefe de Departamento e do Coordenador de Colegiado de seu curso. Para tanto, basta clicar nos <em>links<\/em> a seguir e acessar a p\u00e1gina de seu curso.<\/p>\n<p><a href=\"https:\/\/sites.uel.br\/cce\/ingressante-biotecnologia\/\">P\u00e1gina do Ingressante &#8211; Biotecnologia<\/a><\/p>\n<p><a href=\"https:\/\/sites.uel.br\/cce\/ingressante-computacao\/\">P\u00e1gina do Ingressante &#8211; Ci\u00eancia da Computa\u00e7\u00e3o<\/a><\/p>\n<p><a href=\"https:\/\/sites.uel.br\/cce\/ingressante-fisica\/\">P\u00e1gina do Ingressante &#8211; F\u00edsica<\/a><\/p>\n<p><a href=\"https:\/\/sites.uel.br\/cce\/ingressante-geografia\/\">P\u00e1gina do Ingressante &#8211; Geografia<\/a><\/p>\n<p><a href=\"https:\/\/sites.uel.br\/cce\/ingressante-matematica\/\">P\u00e1gina do Ingressante &#8211; Matem\u00e1tica<\/a><\/p>\n<p><a href=\"https:\/\/sites.uel.br\/cce\/ingressante-quimica\/\">P\u00e1gina do Ingressante &#8211; Qu\u00edmica<\/a><\/p>\n<p><\/p>\n<h3>Voc\u00ea chegou ao Centro de Ci\u00eancias Exatas da UEL<\/h3>\n<p>Seja muito bem-vindo! Vamos gui\u00e1-lo, siga do ponto de \u00f4nibus do Restaurante Universit\u00e1rio (RU) da UEL, at\u00e9 a Secretaria Geral do CCE.<\/p>\n\n\n<figure class=\"wp-block-embed is-type-video is-provider-youtube wp-block-embed-youtube wp-embed-aspect-16-9 wp-has-aspect-ratio\"><div class=\"wp-block-embed__wrapper\">\n<iframe loading=\"lazy\" title=\"Chegando ao Centro de Ci\u00eancias Exatas - Ponto de \u00f4nibus RU\" width=\"500\" height=\"281\" src=\"https:\/\/www.youtube.com\/embed\/_VdEhKZUN0I?feature=oembed\" frameborder=\"0\" allow=\"accelerometer; autoplay; clipboard-write; encrypted-media; gyroscope; picture-in-picture; web-share\" referrerpolicy=\"strict-origin-when-cross-origin\" allowfullscreen><\/iframe>\n<\/div><\/figure>\n\n\n<p><\/p>\n<p>Seja muito bem-vindo! Vamos gui\u00e1-lo, siga do estacionamento da Biblioteca Central da UEL, at\u00e9 a Secretaria Geral do CCE.<\/p>\n\n\n<figure class=\"wp-block-embed is-type-video is-provider-youtube wp-block-embed-youtube wp-embed-aspect-16-9 wp-has-aspect-ratio\"><div class=\"wp-block-embed__wrapper\">\n<iframe loading=\"lazy\" title=\"Chegando ao Centro de Ci\u00eancias Exatas - Estacionamento Biblioteca Central\" width=\"500\" height=\"281\" src=\"https:\/\/www.youtube.com\/embed\/1FUCfTPJhjw?feature=oembed\" frameborder=\"0\" allow=\"accelerometer; autoplay; clipboard-write; encrypted-media; gyroscope; picture-in-picture; web-share\" referrerpolicy=\"strict-origin-when-cross-origin\" allowfullscreen><\/iframe>\n<\/div><\/figure>\n","protected":false},"excerpt":{"rendered":"<p>Seja muito bem-vindo ao Centro de Ci\u00eancias Exatas (CCE) da Universidade Estadual de Londrina. Aqui voc\u00ea vai encontrar um conjunto de conte\u00fados de apoio, para que voc\u00ea possa conhecer um pouco do seu Centro e Departamento de estudo. Receba as boas-vindas dos professores, alunos e t\u00e9cnicos-administrativos do CCE.\u00a0 Alertamos voc\u00ea, para que fa\u00e7a a confirma\u00e7\u00e3o [&hellip;]<\/p>\n","protected":false},"author":8,"featured_media":0,"parent":0,"menu_order":0,"comment_status":"closed","ping_status":"closed","template":"","meta":{"footnotes":""},"class_list":["post-891","page","type-page","status-publish","hentry"],"_links":{"self":[{"href":"https:\/\/sites.uel.br\/cce\/wp-json\/wp\/v2\/pages\/891","targetHints":{"allow":["GET"]}}],"collection":[{"href":"https:\/\/sites.uel.br\/cce\/wp-json\/wp\/v2\/pages"}],"about":[{"href":"https:\/\/sites.uel.br\/cce\/wp-json\/wp\/v2\/types\/page"}],"author":[{"embeddable":true,"href":"https:\/\/sites.uel.br\/cce\/wp-json\/wp\/v2\/users\/8"}],"replies":[{"embeddable":true,"href":"https:\/\/sites.uel.br\/cce\/wp-json\/wp\/v2\/comments?post=891"}],"version-history":[{"count":34,"href":"https:\/\/sites.uel.br\/cce\/wp-json\/wp\/v2\/pages\/891\/revisions"}],"predecessor-version":[{"id":1579,"href":"https:\/\/sites.uel.br\/cce\/wp-json\/wp\/v2\/pages\/891\/revisions\/1579"}],"wp:attachment":[{"href":"https:\/\/sites.uel.br\/cce\/wp-json\/wp\/v2\/media?parent=891"}],"curies":[{"name":"wp","href":"https:\/\/api.w.org\/{rel}","templated":true}]}}