{"id":433,"date":"2021-04-23T09:18:29","date_gmt":"2021-04-23T12:18:29","guid":{"rendered":"https:\/\/sites.uel.br\/cce\/?page_id=433"},"modified":"2025-10-30T16:48:38","modified_gmt":"2025-10-30T19:48:38","slug":"departamentos","status":"publish","type":"page","link":"https:\/\/sites.uel.br\/cce\/departamentos\/","title":{"rendered":"Departamentos"},"content":{"rendered":"\n<p><\/p>\n\n\n\n<p><\/p>\n\n\n\n<p>O Centro de Ci\u00eancias Exatas &#8211; CCE \u00e9 formado por 8 Departamentos que ofertam 12 cursos de gradua\u00e7\u00e3o (7 Bacharelados, 4 Licenciaturas presenciais e 1 Licenciatura a dist\u00e2ncia), 6 cursos de doutorado, 8 cursos de mestrado acad\u00eamico, 3 cursos de mestrado profissional e 5 cursos de especializa\u00e7\u00e3o.<\/p>\n\n\n\n<p><\/p>\n\n\n<p><a href=\"https:\/\/departamentos.uel.br\/bioquimica-e-biotecnologia\/\"><strong><span style=\"color: #008000\">Departamento de Bioqu\u00edmica e Biotecnologia<\/span><\/strong><\/a><\/p>\n<p style=\"padding-left: 40px\"><strong>Chefe:<\/strong> Maria In\u00eas Rezende<br \/><strong>Vice-Chefe:<\/strong> Suely Mayumi Obara Doi<br \/><strong>Secret\u00e1ria:<\/strong> Elda Aparecida Jonas Aguiar &#8211; biq@uel.br<br \/><strong>Fone:<\/strong> 3371-4270<\/p>\n<p><a href=\"https:\/\/departamentos.uel.br\/computacao\/\"><strong><span style=\"color: #008000\">Departamento de Computa\u00e7\u00e3o<\/span><\/strong><\/a><\/p>\n<p style=\"padding-left: 40px\"><strong>Chefe:<\/strong> F\u00e1bio C\u00e9zar Martins<br \/><strong>Vice-Chefe:<\/strong> Wesley Attrot\u00a0<br \/><strong>Secret\u00e1ria:<\/strong> Maria Suguimoto &#8211; secretaria.dc@uel.br<br \/><strong>Fone:<\/strong> 3371-4678<\/p>\n<p><a href=\"https:\/\/departamentos.uel.br\/estatistica\/\"><strong><span style=\"color: #008000\">Departamento de Estat\u00edstica<\/span><\/strong><\/a><\/p>\n<p style=\"padding-left: 40px\"><strong>Chefe:<\/strong> Guilherme Biz<br \/><strong>Vice-Chefe:<\/strong> Pedro Henrique Ramos Cerqueira<br \/><strong>Secret\u00e1rio:<\/strong> Fernando Oliveira Jovanovich &#8211; dsta@uel.br<br \/><strong>Fone:<\/strong> 3371-4346<\/p>\n<p><a href=\"https:\/\/departamentos.uel.br\/fisica\/\"><strong><span style=\"color: #008000\">Departamento de F\u00edsica<\/span><\/strong><\/a><\/p>\n<p style=\"padding-left: 40px\"><strong>Chefe:<\/strong> Marcello Ferreira da Costa<br \/><strong>Vice-Chefe:<\/strong> Paula Fernanda Bienzobas<br \/><strong>Secret\u00e1rio:<\/strong> Silvio C\u00e9sar Caldeira &#8211; secretfis@uel.br<br \/><strong>Fone:<\/strong> 3371-4266<\/p>\n<p><a href=\"https:\/\/departamentos.uel.br\/geografia\/\"><strong><span style=\"color: #008000\">Departamento de Geografia<\/span><\/strong><\/a><\/p>\n<p style=\"padding-left: 40px\"><strong>Chefe:<\/strong> Carlos Alberto Hirata<br \/><strong>Vice-Chefe:<\/strong> Marciel Lohmann<br \/><strong>Secret\u00e1ria:<\/strong> Anderson Pereira do Nascimento &#8211; secretariageo@uel.br<br \/><strong>Fone:<\/strong> 3371-4356<\/p>\n<p><a href=\"http:\/\/departamentos.uel.br\/geologia-e-geomatica\"><strong><span style=\"color: #008000\">Departamento de Geologia e Geom\u00e1tica<\/span><\/strong><\/a><\/p>\n<p style=\"padding-left: 40px\"><strong>Chefe:<\/strong> Jos\u00e9 Paulo Peccinini Pinese<br \/><strong>Vice-Chefe:<\/strong> Osvaldo Coelho Pereira Neto<br \/><strong>Secret\u00e1ria:<\/strong> Fernando Oliveira Jovanovich<br \/><strong>Fone:<\/strong> 3371-4346<\/p>\n<p><a href=\"https:\/\/departamentos.uel.br\/matematica\/\"><strong><span style=\"color: #008000\">Departamento de Matem\u00e1tica<\/span><\/strong><\/a><\/p>\n<p style=\"padding-left: 40px\"><strong>Chefe:<\/strong> Michele de Oliveira Alves<br \/><strong>Vice-Chefe:<\/strong> Magna Natalia Marin Pires<br \/><strong>Secret\u00e1rio:<\/strong> Paulo Rog\u00e9rio Corso &#8211; mat@uel.br<br \/><strong>Fone:<\/strong> 3371-4226<\/p>\n<p><a href=\"https:\/\/departamentos.uel.br\/quimica\/\"><strong><span style=\"color: #008000\">Departamento de Qu\u00edmica<\/span><\/strong><\/a><\/p>\n<p style=\"padding-left: 40px\"><strong>Chefe:<\/strong> Elen Julcil\u00e9ia Rom\u00e3o Sartori Braz<br \/><strong>Vice-Chefe:<\/strong> L\u00facio Cesar de Almeida<br \/><strong>Secret\u00e1rio:<\/strong> Rog\u00e9rio Carvalho dos Santos &#8211; quimica@uel.br<br \/><strong>Fone:<\/strong> 3371-4276<\/p>\n<h3><strong><span style=\"color: #008000\">Centros Atendidos:<\/span><\/strong><\/h3>\n<p style=\"padding-left: 40px\">Al\u00e9m de ofertar disciplinas para seus pr\u00f3prios cursos, os Departamentos do CCE ofertam disciplinas para outros 25 cursos da UEL, a saber:<\/p>\n<ul>\n<li><strong><span style=\"color: #008000\">Centro de Ci\u00eancias Agr\u00e1rias (CCA):<\/span><\/strong>\n<ul>\n<li><span style=\"font-size: 1.2rem\">Agronomia, Medicina Veterin\u00e1ria e Zootecnia;<\/span><\/li>\n<\/ul>\n<\/li>\n<\/ul>\n<ul>\n<li><span style=\"color: #008000\"><strong>Centro de Ci\u00eancias Biol\u00f3gicas (CCB):<\/strong><\/span>\n<ul>\n<li>Biomedicina, Ci\u00eancias Biol\u00f3gicas e Psicologia;<\/li>\n<\/ul>\n<\/li>\n<\/ul>\n<ul>\n<li><span style=\"color: #008000\"><strong>Centro de Ci\u00eancias da Sa\u00fade (CCS):<\/strong><\/span>\n<ul>\n<li>Enfermagem, Farm\u00e1cia, Fisioterapia, Medicina, Nutri\u00e7\u00e3o e Odontologia;<\/li>\n<\/ul>\n<\/li>\n<\/ul>\n<ul>\n<li><span style=\"color: #008000\"><strong>Centro de Educa\u00e7\u00e3o, Comunica\u00e7\u00e3o e Artes (CECA):<\/strong><\/span>\n<ul>\n<li>Arquivologia, Biblioteconomia, Design Gr\u00e1fico e Rela\u00e7\u00f5es P\u00fablicas;<\/li>\n<\/ul>\n<\/li>\n<\/ul>\n<ul>\n<li><span style=\"color: #008000\"><strong>Centro de Estudos Sociais Aplicados (CESA):<\/strong><\/span>\n<ul>\n<li>Administra\u00e7\u00e3o, Ci\u00eancias Cont\u00e1beis, Ci\u00eancias Econ\u00f4micas e Secretariado Executivo;<\/li>\n<\/ul>\n<\/li>\n<\/ul>\n<ul>\n<li><span style=\"color: #008000\"><strong>Centro de Letras e Ci\u00eancias Humanas (CLCH):<\/strong><\/span>\n<ul>\n<li>Ci\u00eancias Sociais e Hist\u00f3ria;<\/li>\n<\/ul>\n<\/li>\n<\/ul>\n<ul>\n<li><span style=\"color: #008000\"><strong>Centro de Tecnologia e Urbanismo (CTU):<\/strong><\/span>\n<ul>\n<li>Engenharia Civil e Engenharia El\u00e9trica.<\/li>\n<\/ul>\n<\/li>\n<\/ul>\n<h4><strong><span style=\"color: #008000\">Secretaria de Apoio \u00e0 Gradua\u00e7\u00e3o<\/span><\/strong><\/h4>\n<ul>\n<li>Izabel do Nascimento &#8211;\u00a0<strong>acad\u00eamica.cce@uel.br<\/strong><\/li>\n<li>Edna Pereira da Silva\u00a0&#8211;\u00a0<strong>acad\u00eamica.cce@uel.br<\/strong>\n<ul>\n<li>Fones: (43) 3371-4611 \/ (43) 3371-4852<\/li>\n<\/ul>\n<\/li>\n<\/ul>\n\n\n<p><\/p>\n","protected":false},"excerpt":{"rendered":"<p>O Centro de Ci\u00eancias Exatas &#8211; CCE \u00e9 formado por 8 Departamentos que ofertam 12 cursos de gradua\u00e7\u00e3o (7 Bacharelados, 4 Licenciaturas presenciais e 1 Licenciatura a dist\u00e2ncia), 6 cursos de doutorado, 8 cursos de mestrado acad\u00eamico, 3 cursos de mestrado profissional e 5 cursos de especializa\u00e7\u00e3o. Departamento de Bioqu\u00edmica e Biotecnologia Chefe: Maria In\u00eas [&hellip;]<\/p>\n","protected":false},"author":9,"featured_media":0,"parent":0,"menu_order":0,"comment_status":"closed","ping_status":"closed","template":"","meta":{"footnotes":""},"class_list":["post-433","page","type-page","status-publish","hentry"],"_links":{"self":[{"href":"https:\/\/sites.uel.br\/cce\/wp-json\/wp\/v2\/pages\/433","targetHints":{"allow":["GET"]}}],"collection":[{"href":"https:\/\/sites.uel.br\/cce\/wp-json\/wp\/v2\/pages"}],"about":[{"href":"https:\/\/sites.uel.br\/cce\/wp-json\/wp\/v2\/types\/page"}],"author":[{"embeddable":true,"href":"https:\/\/sites.uel.br\/cce\/wp-json\/wp\/v2\/users\/9"}],"replies":[{"embeddable":true,"href":"https:\/\/sites.uel.br\/cce\/wp-json\/wp\/v2\/comments?post=433"}],"version-history":[{"count":54,"href":"https:\/\/sites.uel.br\/cce\/wp-json\/wp\/v2\/pages\/433\/revisions"}],"predecessor-version":[{"id":1759,"href":"https:\/\/sites.uel.br\/cce\/wp-json\/wp\/v2\/pages\/433\/revisions\/1759"}],"wp:attachment":[{"href":"https:\/\/sites.uel.br\/cce\/wp-json\/wp\/v2\/media?parent=433"}],"curies":[{"name":"wp","href":"https:\/\/api.w.org\/{rel}","templated":true}]}}