{"id":405,"date":"2021-04-20T15:52:01","date_gmt":"2021-04-20T18:52:01","guid":{"rendered":"https:\/\/sites.uel.br\/cce\/?page_id=405"},"modified":"2026-04-15T10:14:03","modified_gmt":"2026-04-15T13:14:03","slug":"representacao-do-cce","status":"publish","type":"page","link":"https:\/\/sites.uel.br\/cce\/representacao-do-cce\/","title":{"rendered":"Representa\u00e7\u00e3o do CCE"},"content":{"rendered":"\n<p><\/p>\n\n\n<p><span style=\"color: #003300\"><strong>CONSELHO UNIVERSIT\u00c1RIO<\/strong><\/span><\/p>\n<ul>\n<li style=\"list-style-type: none\">\n<ul>\n<li>Diretor: Alan Salvany Felinto;<\/li>\n<li>Vice-Diretor: Silvano Cesar da Costa.<\/li>\n<\/ul>\n<\/li>\n<\/ul>\n<p style=\"padding-left: 40px\"><span style=\"color: #008000\"><strong>Representantes do Conselho de Ensino, Pesquisa e Extens\u00e3o<\/strong><\/span><\/p>\n<ul>\n<li style=\"list-style-type: none\">\n<ul>\n<li>Suplente: <span style=\"font-weight: 400\">Jacques Du\u00edlio Brancher (Depto. de Computa\u00e7\u00e3o)<\/span><\/li>\n<li>Suplente: Marcela Zanetti Coraza (Depto. de Qu\u00edmica)<\/li>\n<li>Suplente: Lucas Santana da Cunha (CCE)<\/li>\n<\/ul>\n<\/li>\n<\/ul>\n<p><span style=\"color: #003300\"><strong>CONSELHO DE ADMINISTRA\u00c7\u00c3O<\/strong><\/span><\/p>\n<ul>\n<li>Diretor: Alan Salvany Felinto;<\/li>\n<li>Vice-Diretor: Silvano Cesar da Costa.<\/li>\n<\/ul>\n<p><b>CONSELHO DE ENSINO, PESQUISA E EXTENS\u00c3O<\/b><\/p>\n<p><span style=\"color: #339966\"><b>Representantes Docentes da C\u00e2mara de Gradua\u00e7\u00e3o<\/b><\/span><\/p>\n<ul>\n<li style=\"font-weight: 400\"><span style=\"font-weight: 400\">Titular: Marcelo Alves de Carvalho (Depto. de F\u00edsica);<\/span><\/li>\n<li style=\"font-weight: 400\"><span style=\"font-weight: 400\">Suplente: Bruno Rodrigo Teixeira (Depto. de Matem\u00e1tica).<\/span><\/li>\n<\/ul>\n<p><span style=\"color: #339966\"><b>Representantes Docentes da C\u00e2mara de P\u00f3s-Gradua\u00e7\u00e3o<\/b><\/span><\/p>\n<ul>\n<li style=\"font-weight: 400\"><span style=\"font-weight: 400\">Titular: Jacques Du\u00edlio Brancher (Depto. de Computa\u00e7\u00e3o).<\/span><\/li>\n<\/ul>\n<p><span style=\"color: #339966\"><b>Representantes Docentes da C\u00e2mara de Pesquisa<\/b><\/span><\/p>\n<ul>\n<li style=\"font-weight: 400\"><span style=\"font-weight: 400\">Titular: Marcela Zanetti Coraza (Depto. de Qu\u00edmica).<\/span><\/li>\n<li>Suplente: Doumit Camilios Neto (Depto. de Bioqu\u00edmica e Biotecnologia).<\/li>\n<\/ul>\n<p><span style=\"color: #339966\"><b>Representantes Docentes da C\u00e2mara de Extens\u00e3o<\/b><\/span><\/p>\n<ul>\n<li style=\"font-weight: 400\"><span style=\"font-weight: 400\">Titular: Elen Julcil\u00e9ia Rom\u00e3o Sartori Braz (Depto. de Qu\u00edmica).<\/span><\/li>\n<\/ul>\n<p><span style=\"color: #339966\"><b>Representantes T\u00e9cnicos Administrativos<\/b><\/span><\/p>\n<ul>\n<li style=\"font-weight: 400\"><span style=\"font-weight: 400\">Titular: Paulo Rog\u00e9rio Catarini da Silva (Depto. de F\u00edsica);<\/span><\/li>\n<li style=\"font-weight: 400\"><span style=\"font-weight: 400\">Suplente: Osmar Henrique Moura da Silva (Depto. de F\u00edsica).<\/span><\/li>\n<\/ul>\n<p><span style=\"color: #339966\"><b>Representantes dos Alunos de Gradua\u00e7\u00e3o<\/b><\/span><\/p>\n<ul>\n<li style=\"font-weight: 400\"><span style=\"font-weight: 400\">Titular: Vitor Hugo de Carvalho Mendes (Curso de F\u00edsica).<\/span><\/li>\n<\/ul>\n<p><b>C\u00c2MARA DE GRADUA\u00c7\u00c3O<\/b><\/p>\n<p><span style=\"color: #339966\"><b>Biotecnologia<\/b><\/span><\/p>\n<ul>\n<li style=\"font-weight: 400\"><span style=\"font-weight: 400\">Coordenador: Fabiana Guillen Moreira Gasparin.<\/span><\/li>\n<\/ul>\n<p><span style=\"color: #339966\"><b>Ci\u00eancia da Computa\u00e7\u00e3o<\/b><\/span><\/p>\n<ul>\n<li style=\"font-weight: 400\"><span style=\"font-weight: 400\">Coordenador: Evandro Bacarin.<\/span><\/li>\n<\/ul>\n<p><span style=\"color: #339966\"><b>Ci\u00eancia de Dados e Intelig\u00eancia Artificial<\/b><\/span><\/p>\n<ul>\n<li style=\"font-weight: 400\"><span style=\"font-weight: 400\">Coordenador: Daniel dos Santos Kaster;<\/span><\/li>\n<li>Vice-Coordenador: Andre Luis Andrade Menolli.<\/li>\n<\/ul>\n<p><span style=\"color: #339966\"><b>F\u00edsica<\/b><\/span><\/p>\n<ul>\n<li style=\"font-weight: 400\"><span style=\"font-weight: 400\">Coordenador: Marcelo Alves de Carvalho;<\/span><\/li>\n<li style=\"font-weight: 400\"><span style=\"font-weight: 400\">Vice-Coordenador: Irinea de Lourdes Batista.<\/span><\/li>\n<\/ul>\n<p><span style=\"color: #339966\"><b>Geografia<\/b><\/span><\/p>\n<ul>\n<li style=\"font-weight: 400\"><span style=\"font-weight: 400\">Coordenador: Jaqueline Telma Vercezi;<\/span><\/li>\n<li style=\"font-weight: 400\"><span style=\"font-weight: 400\">Vice-Coordenador: Patr\u00edcia Fernandes Paula-Shinobu.<\/span><\/li>\n<\/ul>\n<p><span style=\"color: #339966\"><b>Matem\u00e1tica<\/b><\/span><\/p>\n<ul>\n<li style=\"font-weight: 400\"><span style=\"font-weight: 400\">Coordenador: Bruno Rodrigo Teixeira;<\/span><\/li>\n<li style=\"font-weight: 400\"><span style=\"font-weight: 400\">Vice-Coordenador: Aline Aparecida de Souza Le\u00e3o.<\/span><\/li>\n<\/ul>\n<p><span style=\"color: #339966\"><b>Qu\u00edmica<\/b><\/span><\/p>\n<ul>\n<li style=\"font-weight: 400\"><span style=\"font-weight: 400\">Coordenador: Lucio Cesar de Almeida;<\/span><\/li>\n<li style=\"font-weight: 400\"><span style=\"font-weight: 400\">Vice-Coordenador: Marcelo Maia Cirino.<\/span><\/li>\n<\/ul>\n<p><b>C\u00c2MARA DE EXTENS\u00c3O, CULTURA E SOCIEDADE<\/b><\/p>\n<p><span style=\"color: #339966\"><b>Coordenadores de Comiss\u00f5es de Extens\u00e3o<\/b><\/span><\/p>\n<ul>\n<li><span style=\"font-weight: 400\">Titular: Elen Julcil\u00e9ia Rom\u00e3o Sartori Braz (Depto. de Qu\u00edmica);<\/span><\/li>\n<li style=\"font-weight: 400\"><span style=\"font-weight: 400\">Suplente: Guilherme Biz (Depto. de Estat\u00edstica).<\/span><\/li>\n<\/ul>\n<p><span style=\"color: #339966\"><b>Coordenadores das \u00c1reas Tem\u00e1ticas<\/b><\/span><\/p>\n<p><span style=\"color: #339966\"><b>Meio Ambiente:<\/b><\/span><\/p>\n<ul>\n<li style=\"font-weight: 400\"><span style=\"font-weight: 400\">Titular: Mario Henrique Montazolli Killner (Depto. de Qu\u00edmica);<\/span><\/li>\n<li>Suplente: Diana Nara Ribeiro de Souza.<\/li>\n<\/ul>\n<p><span style=\"color: #339966\"><b>Representantes dos \u00d3rg\u00e3os Suplementares<\/b><\/span><\/p>\n<ul>\n<li style=\"font-weight: 400\"><span style=\"font-weight: 400\">Titular: Eliana Aparecida Silicz Bueno (MC &amp; T).<\/span><\/li>\n<\/ul>\n<p><b>C\u00c2MARA DE P\u00d3S-GRADUA\u00c7\u00c3O<\/b><\/p>\n<p><span style=\"color: #339966\"><b>Representantes dentre os Coordenadores de Cursos de P\u00f3s-Gradua\u00e7\u00e3o (<\/b><b><i>Lato Sensu Ou Stricto Sensu<\/i><\/b><b>) Por Centro De Estudos<\/b><\/span><\/p>\n<ul>\n<li style=\"font-weight: 400\"><span style=\"font-weight: 400\">Titular: Jacques Du\u00edlio Brancher (Depto. de Computa\u00e7\u00e3o);<\/span><\/li>\n<li style=\"font-weight: 400\"><span style=\"font-weight: 400\">Suplente: Mois\u00e9s Alves de Oliveira (Depto. de Qu\u00edmica).<\/span><\/li>\n<\/ul>\n<p><b>C\u00c2MARA DE PESQUISA<\/b><\/p>\n<p><span style=\"color: #339966\"><b>Coordenadores das Comiss\u00f5es de Pesquisa<\/b><\/span><\/p>\n<ul>\n<li style=\"font-weight: 400\"><span style=\"font-weight: 400\">Coordenador: Marcela Zanetti Corazza (Depto. de Qu\u00edmica);<\/span><\/li>\n<li style=\"font-weight: 400\"><span style=\"font-weight: 400\">Vice-Coordenador: Pedro Rog\u00e9rio Sergi Gomes (Depto. de F\u00edsica).<\/span><\/li>\n<\/ul>\n<p><span style=\"color: #339966\"><b>Representante dos Conselhos Editoriais das Revistas Cient\u00edficas e Culturais da Universidade<\/b><\/span><\/p>\n<ul>\n<li style=\"font-weight: 400\"><span style=\"font-weight: 400\">Suplente: Neyva Maria Lopes Romeiro.<\/span><\/li>\n<\/ul>\n<p><span style=\"color: #339966\"><b>Representante do Comit\u00ea Assessor do PROIC (Programa de Inicia\u00e7\u00e3o Cient\u00edfica da UEL)<\/b><\/span><\/p>\n<ul>\n<li style=\"font-weight: 400\"><span style=\"font-weight: 400\">Titular: Doumiti Camilios Neto.<\/span><\/li>\n<\/ul>\n<p><span style=\"color: #339966\"><b>Representante dos T\u00e9cnicos Administrativos<\/b><\/span><\/p>\n<ul>\n<li style=\"font-weight: 400\"><span style=\"font-weight: 400\">Titular: Paulo Rog\u00e9rio Catarini da Silva (Depto. de F\u00edsica);<\/span><\/li>\n<li style=\"font-weight: 400\"><span style=\"font-weight: 400\">Titular: Osmar Henrique Moura da Silva (Depto. de F\u00edsica);<\/span><\/li>\n<\/ul>\n<p><b>COMISS\u00c3O PERMANENTE DE SELE\u00c7\u00c3O (COPESE)<\/b><\/p>\n<ul>\n<li style=\"font-weight: 400\"><span style=\"font-weight: 400\">Guilherme Biz (Depto. de Estat\u00edstica).<\/span><\/li>\n<\/ul>\n<p><b>COMIT\u00ca DE \u00c9TICA EM PESQUISA ENVOLVENDO SERES HUMANOS<\/b><\/p>\n<ul>\n<li style=\"font-weight: 400\"><span style=\"font-weight: 400\">F\u00e1bio Sakuray (Depto. de Computa\u00e7\u00e3o);<\/span><\/li>\n<li style=\"font-weight: 400\"><span style=\"font-weight: 400\">Mariana Ragassi Urbano (Depto. de Estat\u00edstica);<\/span><\/li>\n<li style=\"font-weight: 400\"><span style=\"font-weight: 400\">Osvaldo Coelho Pereira Neto (Depto. de Geologia e Geom\u00e1tica).<\/span><\/li>\n<\/ul>\n\n\n<p><\/p>\n","protected":false},"excerpt":{"rendered":"<p>CONSELHO UNIVERSIT\u00c1RIO Diretor: Alan Salvany Felinto; Vice-Diretor: Silvano Cesar da Costa. Representantes do Conselho de Ensino, Pesquisa e Extens\u00e3o Suplente: Jacques Du\u00edlio Brancher (Depto. de Computa\u00e7\u00e3o) Suplente: Marcela Zanetti Coraza (Depto. de Qu\u00edmica) Suplente: Lucas Santana da Cunha (CCE) CONSELHO DE ADMINISTRA\u00c7\u00c3O Diretor: Alan Salvany Felinto; Vice-Diretor: Silvano Cesar da Costa. CONSELHO DE ENSINO, PESQUISA [&hellip;]<\/p>\n","protected":false},"author":8,"featured_media":0,"parent":0,"menu_order":0,"comment_status":"closed","ping_status":"closed","template":"","meta":{"footnotes":""},"class_list":["post-405","page","type-page","status-publish","hentry"],"_links":{"self":[{"href":"https:\/\/sites.uel.br\/cce\/wp-json\/wp\/v2\/pages\/405","targetHints":{"allow":["GET"]}}],"collection":[{"href":"https:\/\/sites.uel.br\/cce\/wp-json\/wp\/v2\/pages"}],"about":[{"href":"https:\/\/sites.uel.br\/cce\/wp-json\/wp\/v2\/types\/page"}],"author":[{"embeddable":true,"href":"https:\/\/sites.uel.br\/cce\/wp-json\/wp\/v2\/users\/8"}],"replies":[{"embeddable":true,"href":"https:\/\/sites.uel.br\/cce\/wp-json\/wp\/v2\/comments?post=405"}],"version-history":[{"count":24,"href":"https:\/\/sites.uel.br\/cce\/wp-json\/wp\/v2\/pages\/405\/revisions"}],"predecessor-version":[{"id":1770,"href":"https:\/\/sites.uel.br\/cce\/wp-json\/wp\/v2\/pages\/405\/revisions\/1770"}],"wp:attachment":[{"href":"https:\/\/sites.uel.br\/cce\/wp-json\/wp\/v2\/media?parent=405"}],"curies":[{"name":"wp","href":"https:\/\/api.w.org\/{rel}","templated":true}]}}