{"id":25,"date":"2021-03-29T10:33:53","date_gmt":"2021-03-29T13:33:53","guid":{"rendered":"https:\/\/sites.uel.br\/cce\/?page_id=25"},"modified":"2021-04-23T09:41:40","modified_gmt":"2021-04-23T12:41:40","slug":"eventos","status":"publish","type":"page","link":"https:\/\/sites.uel.br\/cce\/eventos\/","title":{"rendered":"Eventos"},"content":{"rendered":"\n<p><span class=\"has-inline-color has-white-color\">.<\/span><\/p>\n\n\n<h4><strong>Matem\u00e1tica ComVida<\/strong><\/h4>\n<p>\u00a0<\/p>\n\n<p>\ud83e\udd29 O Colegiado de Curso e o Grupo PET da Matem\u00e1tica apresentam a segunda edi\u00e7\u00e3o do <strong>Matem\u00e1tica ComVida<\/strong>. Uma s\u00e9rie de encontros tem\u00e1ticos com convidados especiais!<\/p>\n<p>\ud83d\udccd Esta segunda edi\u00e7\u00e3o ser\u00e1 transmitida ao vivo pelo canal oficial do Youtube do Grupo PET Matem\u00e1tica.<\/p>\n<p>\ud83d\uddd3\ufe0f O evento ser\u00e1 no dia <strong>30 de abril, sexta-feira, \u00e0s 19 horas<\/strong> e \u00e9 destinado a todos os interessados, em especial nossos estudantes de gradua\u00e7\u00e3o e p\u00f3s-gradua\u00e7\u00e3o.<\/p>\n<p>\ud83d\udc69\u200d\ud83c\udf93 O tema deste Matem\u00e1tica ComVida \u00e9 &#8220;\u00c1reas de Trabalho&#8221;, conforme programa\u00e7\u00e3o anexa.<\/p>\n<p>\ud83d\udd8a\ufe0f O evento \u00e9 gratuito e n\u00e3o \u00e9 necess\u00e1rio se inscrever previamente.<\/p>\n<p>\u00a0<\/p>\n\n\n<figure class=\"wp-block-image size-large is-resized\"><img loading=\"lazy\" decoding=\"async\" src=\"https:\/\/sites.uel.br\/cce\/wp-content\/uploads\/2021\/04\/matcomvida01-1024x1024.jpg\" alt=\"\" class=\"wp-image-438\" width=\"545\" height=\"545\" srcset=\"https:\/\/sites.uel.br\/cce\/wp-content\/uploads\/2021\/04\/matcomvida01-1024x1024.jpg 1024w, https:\/\/sites.uel.br\/cce\/wp-content\/uploads\/2021\/04\/matcomvida01-300x300.jpg 300w, https:\/\/sites.uel.br\/cce\/wp-content\/uploads\/2021\/04\/matcomvida01-150x150.jpg 150w, https:\/\/sites.uel.br\/cce\/wp-content\/uploads\/2021\/04\/matcomvida01-768x768.jpg 768w, https:\/\/sites.uel.br\/cce\/wp-content\/uploads\/2021\/04\/matcomvida01.jpg 1080w\" sizes=\"auto, (max-width: 545px) 100vw, 545px\" \/><\/figure>\n\n\n\n<figure class=\"wp-block-image size-large is-resized\"><img loading=\"lazy\" decoding=\"async\" src=\"https:\/\/sites.uel.br\/cce\/wp-content\/uploads\/2021\/04\/matcomvida02-1024x1024.jpg\" alt=\"\" class=\"wp-image-439\" width=\"546\" height=\"546\" srcset=\"https:\/\/sites.uel.br\/cce\/wp-content\/uploads\/2021\/04\/matcomvida02-1024x1024.jpg 1024w, https:\/\/sites.uel.br\/cce\/wp-content\/uploads\/2021\/04\/matcomvida02-300x300.jpg 300w, https:\/\/sites.uel.br\/cce\/wp-content\/uploads\/2021\/04\/matcomvida02-150x150.jpg 150w, https:\/\/sites.uel.br\/cce\/wp-content\/uploads\/2021\/04\/matcomvida02-768x768.jpg 768w, https:\/\/sites.uel.br\/cce\/wp-content\/uploads\/2021\/04\/matcomvida02.jpg 1080w\" sizes=\"auto, (max-width: 546px) 100vw, 546px\" \/><\/figure>\n","protected":false},"excerpt":{"rendered":"<p>. Matem\u00e1tica ComVida \u00a0 \ud83e\udd29 O Colegiado de Curso e o Grupo PET da Matem\u00e1tica apresentam a segunda edi\u00e7\u00e3o do Matem\u00e1tica ComVida. Uma s\u00e9rie de encontros tem\u00e1ticos com convidados especiais! \ud83d\udccd Esta segunda edi\u00e7\u00e3o ser\u00e1 transmitida ao vivo pelo canal oficial do Youtube do Grupo PET Matem\u00e1tica. \ud83d\uddd3\ufe0f O evento ser\u00e1 no dia 30 de [&hellip;]<\/p>\n","protected":false},"author":7,"featured_media":0,"parent":0,"menu_order":0,"comment_status":"closed","ping_status":"closed","template":"","meta":{"footnotes":""},"class_list":["post-25","page","type-page","status-publish","hentry"],"_links":{"self":[{"href":"https:\/\/sites.uel.br\/cce\/wp-json\/wp\/v2\/pages\/25","targetHints":{"allow":["GET"]}}],"collection":[{"href":"https:\/\/sites.uel.br\/cce\/wp-json\/wp\/v2\/pages"}],"about":[{"href":"https:\/\/sites.uel.br\/cce\/wp-json\/wp\/v2\/types\/page"}],"author":[{"embeddable":true,"href":"https:\/\/sites.uel.br\/cce\/wp-json\/wp\/v2\/users\/7"}],"replies":[{"embeddable":true,"href":"https:\/\/sites.uel.br\/cce\/wp-json\/wp\/v2\/comments?post=25"}],"version-history":[{"count":11,"href":"https:\/\/sites.uel.br\/cce\/wp-json\/wp\/v2\/pages\/25\/revisions"}],"predecessor-version":[{"id":446,"href":"https:\/\/sites.uel.br\/cce\/wp-json\/wp\/v2\/pages\/25\/revisions\/446"}],"wp:attachment":[{"href":"https:\/\/sites.uel.br\/cce\/wp-json\/wp\/v2\/media?parent=25"}],"curies":[{"name":"wp","href":"https:\/\/api.w.org\/{rel}","templated":true}]}}