{"id":23,"date":"2021-03-29T10:33:53","date_gmt":"2021-03-29T13:33:53","guid":{"rendered":"https:\/\/sites.uel.br\/cce\/?page_id=23"},"modified":"2023-08-02T10:32:19","modified_gmt":"2023-08-02T13:32:19","slug":"stricto-sensu","status":"publish","type":"page","link":"https:\/\/sites.uel.br\/cce\/stricto-sensu\/","title":{"rendered":"Stricto Sensu"},"content":{"rendered":"<p>\u00a0<\/p>\n<p>O Centro de Ci\u00eancias Exatas (CCE) oferece os seguintes cursos de P\u00f3s-Gradua\u00e7\u00e3o <strong>Stricto Sensu<\/strong>:<\/p>\n<p>\u00a0<\/p>\n<h4><strong><span style=\"color: #008000\">Cursos de Mestrado Acad\u00eamico:<\/span><\/strong><\/h4>\n<ul>\n<li><u data-rich-text-format-boundary=\"true\"><a href=\"http:\/\/www.uel.br\/pos\/bioenergia\/portal\/\" target=\"_blank\" rel=\"noreferrer noopener\">Mestrado em Bioenergia<\/a>;<\/u>\n<ul>\n<li>Coordenadora: Carmem Luisa Barbosa Guedes.\u00a0<\/li>\n<\/ul>\n<\/li>\n<\/ul>\n<ul>\n<li><a href=\"http:\/\/www.uel.br\/pos\/biotecnologia\" target=\"_blank\" rel=\"noreferrer noopener\" data-rich-text-format-boundary=\"true\">Mestrado em Biotecnologia:<\/a>\n<ul>\n<li>Coordenador: Andr\u00e9 Luiz Martinez de Oliveira.<\/li>\n<\/ul>\n<\/li>\n<\/ul>\n<ul>\n<li><u data-rich-text-format-boundary=\"true\"><a href=\"http:\/\/www.uel.br\/pos\/mestradocomputacao\" target=\"_blank\" rel=\"noreferrer noopener\">Mestrado em Ci\u00eancia da Computa\u00e7\u00e3o<\/a>;<\/u>\n<ul>\n<li>Coordenador: Rodolfo Miranda de Barros.<\/li>\n<\/ul>\n<\/li>\n<\/ul>\n<ul>\n<li><a href=\"http:\/\/www.uel.br\/cce\/pos\/mecem\/\" target=\"_blank\" rel=\"noreferrer noopener\" data-rich-text-format-boundary=\"true\">Mestrado em Ensino de Ci\u00eancias e Educa\u00e7\u00e3o Matem\u00e1tica<\/a>;\n<ul>\n<li>Coordenadora: Mariana Aparecida B. S. de Andrade &#8211; CCB.<\/li>\n<\/ul>\n<\/li>\n<\/ul>\n<ul>\n<li><a href=\"http:\/\/www.uel.br\/pos\/fisica\/\" target=\"_blank\" rel=\"noreferrer noopener\" data-rich-text-format-boundary=\"true\">Mestrado em F\u00edsica ;<\/a>\n<ul>\n<li>Coordenador: Edson Laureto e Sandro Dias Pinto Vitenti.<\/li>\n<\/ul>\n<\/li>\n<\/ul>\n<ul>\n<li><a href=\"http:\/\/www.uel.br\/pos\/mestradogeografia\/\" target=\"_blank\" rel=\"noreferrer noopener\" data-rich-text-format-boundary=\"true\">Mestrado em Geografia<\/a>;\n<ul>\n<li>Coordenadora: Jeani Delgado Paschoal Moura.\u00a0<\/li>\n<\/ul>\n<\/li>\n<\/ul>\n<ul>\n<li><a href=\"http:\/\/www.uel.br\/pos\/pgmac\" target=\"_blank\" rel=\"noreferrer noopener\"><u data-rich-text-format-boundary=\"true\">Mestrado em Matem\u00e1tica Aplicada e Computacional;<\/u><\/a>\n<ul>\n<li>Coordenador: Eliandro Rodrigues Cirilo.<\/li>\n<\/ul>\n<\/li>\n<\/ul>\n<ul>\n<li><a href=\"http:\/\/www.uel.br\/pos\/quimica\/portal\" target=\"_blank\" rel=\"noreferrer noopener\" data-rich-text-format-boundary=\"true\">Mestrado em Qu\u00edmica<\/a>;\n<ul>\n<li>Coordenador: Alexandre Orsato.<\/li>\n<\/ul>\n<\/li>\n<\/ul>\n<h4>\u00a0<\/h4>\n<h4><strong><span style=\"color: #008000\">Cursos de Mestrado Profissional:<\/span><\/strong><\/h4>\n<ul>\n<li><u data-rich-text-format-boundary=\"true\"><a href=\"http:\/\/www.uel.br\/pos\/fisicaprofissional\/\" target=\"_blank\" rel=\"noreferrer noopener\">Mestrado Nacional Profissional em Ensino de F\u00edsica<\/a>;<\/u>\n<ul>\n<li>Coordenador: Manuel Sim\u00f5es Filho.<\/li>\n<\/ul>\n<\/li>\n<\/ul>\n<ul>\n<li><u data-rich-text-format-boundary=\"true\"><a href=\"http:\/\/www.profmat-sbm.org.br\/\" target=\"_blank\" rel=\"noreferrer noopener\">Mestrado Profissional em Matem\u00e1tica em Rede Nacional<\/a>;<\/u>\n<ul>\n<li>Coordenador: T\u00falio Oliveira de Carvalho.<\/li>\n<\/ul>\n<\/li>\n<\/ul>\n<ul>\n<li><u data-rich-text-format-boundary=\"true\"><a href=\"http:\/\/www.uel.br\/pos\/profqui\/portal\/\" target=\"_blank\" rel=\"noreferrer noopener\">Mestrado Profissional em Qu\u00edmica em Rede Nacional<\/a>;<\/u>\n<ul>\n<li>Coordenador: Marcelo Maia Cirino.<\/li>\n<\/ul>\n<\/li>\n<\/ul>\n<h4>\u00a0<\/h4>\n<h4><strong><span style=\"color: #008000\">Cursos de Doutorado:<\/span><\/strong><\/h4>\n<ul>\n<li><u data-rich-text-format-boundary=\"true\"><a href=\"http:\/\/www.uel.br\/pos\/doutoradoquimica\/\" target=\"_blank\" rel=\"noreferrer noopener\">Doutorado Associado em Qu\u00edmica<\/a>;<\/u>\n<ul>\n<li>Coordenadora: Maria Cristina Solci.<\/li>\n<\/ul>\n<\/li>\n<\/ul>\n<ul>\n<li><u data-rich-text-format-boundary=\"true\"><a href=\"http:\/\/www.uel.br\/pos\/biotecnologia\" target=\"_blank\" rel=\"noreferrer noopener\">Doutorado em Biotecnologia<\/a>;<\/u>\n<ul>\n<li>Coordenador: Andr\u00e9 Luiz Martinez de Oliveira.<\/li>\n<\/ul>\n<\/li>\n<\/ul>\n<ul>\n<li><u data-rich-text-format-boundary=\"true\"><a href=\"http:\/\/www.uel.br\/cce\/pos\/mecem\" target=\"_blank\" rel=\"noreferrer noopener\">Doutorado em Ensino de Ci\u00eancias e Educa\u00e7\u00e3o Matem\u00e1tica<\/a>;<\/u>\n<ul>\n<li>Coordenadora: Mariana A. Bologna Soares de Andrade.\u00a0<\/li>\n<\/ul>\n<\/li>\n<\/ul>\n<ul>\n<li><a href=\"http:\/\/www.uel.br\/pos\/fisica\" target=\"_blank\" rel=\"noreferrer noopener\" data-rich-text-format-boundary=\"true\">Doutorado em F\u00edsica<\/a>;\n<ul>\n<li>Coordenador: Edson Laureto.<\/li>\n<\/ul>\n<\/li>\n<\/ul>\n<ul>\n<li><a href=\"http:\/\/www.uel.br\/pos\/geografia\" target=\"_blank\" rel=\"noreferrer noopener\"><u data-rich-text-format-boundary=\"true\">Doutorado em Geografia<\/u><\/a>\n<ul>\n<li>Coordenadora: Ideni Terezinha Antonello.\u00a0<\/li>\n<\/ul>\n<\/li>\n<\/ul>\n<ul>\n<li><a href=\"http:\/\/www.uel.br\/pos\/doutoradoquimica\/portal\" target=\"_blank\" rel=\"noreferrer noopener\" data-rich-text-format-boundary=\"true\">Doutorado em Qu\u00edmica.<\/a>\n<ul>\n<li>Coordenador: Alexandre Orsato.<\/li>\n<\/ul>\n<\/li>\n<\/ul>\n<h5>\u00a0<\/h5>\n<h5><span style=\"color: #008000\"><strong>Informa\u00e7\u00f5es:<\/strong><\/span><\/h5>\n<p>Para mais informa\u00e7\u00f5es, entre em contato com a Secretaria de P\u00f3s-Gradua\u00e7\u00e3o, via e-mail: <strong>spgcce@uel.br<\/strong> ou pelos telefones: (43) 3371-4879 ou (43) 3371-4711.<\/p>\n\n\n<p><p>\u00a0<\/p><\/p>\n\n\n\n<hr class=\"wp-block-separator has-text-color has-light-green-cyan-color has-css-opacity has-light-green-cyan-background-color has-background is-style-wide\" \/>\n","protected":false},"excerpt":{"rendered":"<p>\u00a0 O Centro de Ci\u00eancias Exatas (CCE) oferece os seguintes cursos de P\u00f3s-Gradua\u00e7\u00e3o Stricto Sensu: \u00a0 Cursos de Mestrado Acad\u00eamico: Mestrado em Bioenergia; Coordenadora: Carmem Luisa Barbosa Guedes.\u00a0 Mestrado em Biotecnologia: Coordenador: Andr\u00e9 Luiz Martinez de Oliveira. Mestrado em Ci\u00eancia da Computa\u00e7\u00e3o; Coordenador: Rodolfo Miranda de Barros. Mestrado em Ensino de Ci\u00eancias e Educa\u00e7\u00e3o Matem\u00e1tica; [&hellip;]<\/p>\n","protected":false},"author":7,"featured_media":0,"parent":0,"menu_order":0,"comment_status":"closed","ping_status":"closed","template":"","meta":{"footnotes":""},"class_list":["post-23","page","type-page","status-publish","hentry"],"_links":{"self":[{"href":"https:\/\/sites.uel.br\/cce\/wp-json\/wp\/v2\/pages\/23","targetHints":{"allow":["GET"]}}],"collection":[{"href":"https:\/\/sites.uel.br\/cce\/wp-json\/wp\/v2\/pages"}],"about":[{"href":"https:\/\/sites.uel.br\/cce\/wp-json\/wp\/v2\/types\/page"}],"author":[{"embeddable":true,"href":"https:\/\/sites.uel.br\/cce\/wp-json\/wp\/v2\/users\/7"}],"replies":[{"embeddable":true,"href":"https:\/\/sites.uel.br\/cce\/wp-json\/wp\/v2\/comments?post=23"}],"version-history":[{"count":20,"href":"https:\/\/sites.uel.br\/cce\/wp-json\/wp\/v2\/pages\/23\/revisions"}],"predecessor-version":[{"id":1574,"href":"https:\/\/sites.uel.br\/cce\/wp-json\/wp\/v2\/pages\/23\/revisions\/1574"}],"wp:attachment":[{"href":"https:\/\/sites.uel.br\/cce\/wp-json\/wp\/v2\/media?parent=23"}],"curies":[{"name":"wp","href":"https:\/\/api.w.org\/{rel}","templated":true}]}}