{"id":227,"date":"2021-04-09T10:26:29","date_gmt":"2021-04-09T13:26:29","guid":{"rendered":"https:\/\/sites.uel.br\/cce\/?page_id=227"},"modified":"2021-04-20T14:47:55","modified_gmt":"2021-04-20T17:47:55","slug":"pos-graduacao","status":"publish","type":"page","link":"https:\/\/sites.uel.br\/cce\/pos-graduacao\/","title":{"rendered":"P\u00f3s-Gradua\u00e7\u00e3o"},"content":{"rendered":"\n<p><\/p>\n\n\n<p>\u00a0<\/p>\n<p>O Centro de Ci\u00eancias Exatas (CCE) oferece cursos de P\u00f3s-Gradua\u00e7\u00e3o que compreendem atividades de ensino e pesquisa, visando a forma\u00e7\u00e3o\/capacita\u00e7\u00e3o do discente para atuar na doc\u00eancia, na pesquisa e no exerc\u00edcio profissional. S\u00e3o ofertados nas modalidades de\u00a0<em>Lato Sensu<\/em> (especializa\u00e7\u00f5es) e\u00a0<em>Stricto Sensu<\/em> (mestrado e doutorado), sendo:<\/p>\n<ul>\n<li>5 Cursos de <a href=\"https:\/\/sites.uel.br\/cce\/lato-sensu\/\" target=\"_blank\" rel=\"noreferrer noopener\">Especializa\u00e7\u00e3o<\/a>;<\/li>\n<li>8 Cursos de <a href=\"https:\/\/sites.uel.br\/cce\/stricto-sensu\/\" target=\"_blank\" rel=\"noreferrer noopener\">Mestrado<\/a> Acad\u00eamico;<\/li>\n<li>3 Cursos de <a href=\"https:\/\/sites.uel.br\/cce\/stricto-sensu\/\" target=\"_blank\" rel=\"noreferrer noopener\">Mestrado<\/a> Profissional e;<\/li>\n<li>6 Cursos de <a href=\"https:\/\/sites.uel.br\/cce\/stricto-sensu\/\" target=\"_blank\" rel=\"noreferrer noopener\">Doutorado<\/a>.<\/li>\n<\/ul>\n<p>Os cursos de especializa\u00e7\u00e3o t\u00eam reconhecimento do MEC.<\/p>\n<p>\u00a0<\/p>\n<p><strong><span style=\"color: #008000;\">Secretaria de Apoio \u00e0 P\u00f3s-Gradua\u00e7\u00e3o<\/span><\/strong><\/p>\n<ul>\n<li>Regina Braga &#8211; <strong>spgcce@uel.br<\/strong><\/li>\n<li>Fones: (43) 3371-4879\u00a0 \/\u00a0 (43) 3371-4711<\/li>\n<\/ul>","protected":false},"excerpt":{"rendered":"<p>\u00a0 O Centro de Ci\u00eancias Exatas (CCE) oferece cursos de P\u00f3s-Gradua\u00e7\u00e3o que compreendem atividades de ensino e pesquisa, visando a forma\u00e7\u00e3o\/capacita\u00e7\u00e3o do discente para atuar na doc\u00eancia, na pesquisa e no exerc\u00edcio profissional. S\u00e3o ofertados nas modalidades de\u00a0Lato Sensu (especializa\u00e7\u00f5es) e\u00a0Stricto Sensu (mestrado e doutorado), sendo: 5 Cursos de Especializa\u00e7\u00e3o; 8 Cursos de Mestrado Acad\u00eamico; [&hellip;]<\/p>\n","protected":false},"author":8,"featured_media":0,"parent":0,"menu_order":0,"comment_status":"closed","ping_status":"closed","template":"","meta":{"footnotes":""},"class_list":["post-227","page","type-page","status-publish","hentry"],"_links":{"self":[{"href":"https:\/\/sites.uel.br\/cce\/wp-json\/wp\/v2\/pages\/227","targetHints":{"allow":["GET"]}}],"collection":[{"href":"https:\/\/sites.uel.br\/cce\/wp-json\/wp\/v2\/pages"}],"about":[{"href":"https:\/\/sites.uel.br\/cce\/wp-json\/wp\/v2\/types\/page"}],"author":[{"embeddable":true,"href":"https:\/\/sites.uel.br\/cce\/wp-json\/wp\/v2\/users\/8"}],"replies":[{"embeddable":true,"href":"https:\/\/sites.uel.br\/cce\/wp-json\/wp\/v2\/comments?post=227"}],"version-history":[{"count":11,"href":"https:\/\/sites.uel.br\/cce\/wp-json\/wp\/v2\/pages\/227\/revisions"}],"predecessor-version":[{"id":391,"href":"https:\/\/sites.uel.br\/cce\/wp-json\/wp\/v2\/pages\/227\/revisions\/391"}],"wp:attachment":[{"href":"https:\/\/sites.uel.br\/cce\/wp-json\/wp\/v2\/media?parent=227"}],"curies":[{"name":"wp","href":"https:\/\/api.w.org\/{rel}","templated":true}]}}