{"id":22,"date":"2021-03-29T10:33:53","date_gmt":"2021-03-29T13:33:53","guid":{"rendered":"https:\/\/sites.uel.br\/cce\/?page_id=22"},"modified":"2021-06-07T15:08:15","modified_gmt":"2021-06-07T18:08:15","slug":"lato-sensu","status":"publish","type":"page","link":"https:\/\/sites.uel.br\/cce\/lato-sensu\/","title":{"rendered":"Lato Sensu"},"content":{"rendered":"<p>\u00a0<\/p>\n<p>O Centro de Ci\u00eancias Exatas (CCE) oferece os seguintes Cursos de P\u00f3s-Gradua\u00e7\u00e3o <em><strong>Lato Sensu<\/strong>:<\/em><\/p>\n<p>\u00a0<\/p>\n<ul>\n<li><span style=\"color: #008000;\"><strong>Ofertados<\/strong>:<\/span>\u00a0<\/li>\n<\/ul>\n<ul>\n<li style=\"list-style-type: none;\">\n<ul>\n<li><a href=\"http:\/\/www.uel.br\/pos\/espbiotecnologia\/home\/\" target=\"_blank\" rel=\"noreferrer noopener\" data-rich-text-format-boundary=\"true\">Especializa\u00e7\u00e3o em Biotecnologia<\/a>;<\/li>\n<li>Coordenadora: Fabiana Guillen Moreira Gasparin;<\/li>\n<li>Vice-Coordenador: Cesar Augusto Tischer.<\/li>\n<\/ul>\n<\/li>\n<\/ul>\n<ul>\n<li style=\"list-style-type: none;\">\n<ul>\n<li><a href=\"http:\/\/www.uel.br\/pos\/esbd\" target=\"_blank\" rel=\"noreferrer noopener\" data-rich-text-format-boundary=\"true\">Especializa\u00e7\u00e3o em Engenharia de Software<\/a>;<\/li>\n<li>Coordenador: Rodolfo Miranda de Barros.\u00a0<\/li>\n<\/ul>\n<\/li>\n<\/ul>\n<ul>\n<li style=\"list-style-type: none;\">\n<ul>\n<li><a href=\"http:\/\/www.uel.br\/pos\/ensinogeografia\/portal\/\" target=\"_blank\" rel=\"noreferrer noopener\" data-rich-text-format-boundary=\"true\">Especializa\u00e7\u00e3o em Ensino de Geografia<\/a>;<\/li>\n<li>Coordenadora: Eloiza Cristiane Torres;<\/li>\n<li>Vice-Coordenadora: Ideni Terezinha Antonello.<\/li>\n<\/ul>\n<\/li>\n<\/ul>\n<ul>\n<li style=\"list-style-type: none;\">\n<ul>\n<li><a href=\"http:\/\/www.uel.br\/pos\/estatisticaquantitativa\/portal\" target=\"_blank\" rel=\"noreferrer noopener\" data-rich-text-format-boundary=\"true\">Especializa\u00e7\u00e3o em\u00a0Estat\u00edstica com \u00canfase em Pesquisa Quantitativa<\/a>;<\/li>\n<li>Coordenadora: Mariana Ragassi Urbano;<\/li>\n<li>Vice-Coordenador: Rodrigo Rossetto Pescim.\u00a0<\/li>\n<\/ul>\n<\/li>\n<\/ul>\n<ul>\n<li style=\"list-style-type: none;\">\n<ul>\n<li><a href=\"http:\/\/www.uel.br\/pos\/bigdeep\/\" target=\"_blank\" rel=\"noreferrer noopener\" data-rich-text-format-boundary=\"true\">Especializa\u00e7\u00e3o em Machine Learning, Big Data;<\/a><\/li>\n<li>Coordenador: Jacques Duilio Brancher.<\/li>\n<\/ul>\n<\/li>\n<\/ul>\n<p>\u00a0<\/p>\n<ul>\n<li>\n<h5><span style=\"color: #008000;\"><strong>N\u00e3o Ofertados:<\/strong><\/span><\/h5>\n<ul>\n<li>Especializa\u00e7\u00e3o em An\u00e1lise e Educa\u00e7\u00e3o Ambiental em Ci\u00eancias da Terra;<\/li>\n<li>Especializa\u00e7\u00e3o em An\u00e1lise, Projeto de Sistemas com \u00canfase em Intelig\u00eancia em Neg\u00f3cios &#8211; Resid\u00eancia em Software;<\/li>\n<li>Especializa\u00e7\u00e3o e Astrobiologia;<\/li>\n<li>Especializa\u00e7\u00e3o em Ci\u00eancia da Computa\u00e7\u00e3o;<\/li>\n<li>Especializa\u00e7\u00e3o em Educa\u00e7\u00e3o Matem\u00e1tica;<\/li>\n<li>Especializa\u00e7\u00e3o em Ensino de F\u00edsica;<\/li>\n<li>Especializa\u00e7\u00e3o em Estat\u00edstica com \u00canfase em Educa\u00e7\u00e3o;<\/li>\n<li>Especializa\u00e7\u00e3o em Inform\u00e1tica na Educa\u00e7\u00e3o;<\/li>\n<li>Especializa\u00e7\u00e3o em Matem\u00e1tica para os Anos Iniciais do Ensino Fundamental;<\/li>\n<li>Especializa\u00e7\u00e3o em Qu\u00edmica do Cotidiano na Escola;<\/li>\n<li>Especializa\u00e7\u00e3o em Redes de Computadores;<\/li>\n<li>MBA em Gest\u00e3o de Projetos de Software e de Redes.<\/li>\n<\/ul>\n<\/li>\n<\/ul>\n<p><span style=\"color: #008000;\"><strong>Informa\u00e7\u00f5es:<\/strong><\/span><\/p>\n<p>Para mais informa\u00e7\u00f5es, entre em contato com a Secretaria de P\u00f3s-Gradua\u00e7\u00e3o, via e-mail: <strong>spgcce@uel.br<\/strong> ou pelos telefones: (43) 3371-4879\u00a0 e\u00a0 (43) 3371-4711.<\/p>\n\n\n<p><\/p>\n","protected":false},"excerpt":{"rendered":"<p>\u00a0 O Centro de Ci\u00eancias Exatas (CCE) oferece os seguintes Cursos de P\u00f3s-Gradua\u00e7\u00e3o Lato Sensu: \u00a0 Ofertados:\u00a0 Especializa\u00e7\u00e3o em Biotecnologia; Coordenadora: Fabiana Guillen Moreira Gasparin; Vice-Coordenador: Cesar Augusto Tischer. Especializa\u00e7\u00e3o em Engenharia de Software; Coordenador: Rodolfo Miranda de Barros.\u00a0 Especializa\u00e7\u00e3o em Ensino de Geografia; Coordenadora: Eloiza Cristiane Torres; Vice-Coordenadora: Ideni Terezinha Antonello. Especializa\u00e7\u00e3o em\u00a0Estat\u00edstica com [&hellip;]<\/p>\n","protected":false},"author":7,"featured_media":0,"parent":0,"menu_order":0,"comment_status":"closed","ping_status":"closed","template":"","meta":{"footnotes":""},"class_list":["post-22","page","type-page","status-publish","hentry"],"_links":{"self":[{"href":"https:\/\/sites.uel.br\/cce\/wp-json\/wp\/v2\/pages\/22","targetHints":{"allow":["GET"]}}],"collection":[{"href":"https:\/\/sites.uel.br\/cce\/wp-json\/wp\/v2\/pages"}],"about":[{"href":"https:\/\/sites.uel.br\/cce\/wp-json\/wp\/v2\/types\/page"}],"author":[{"embeddable":true,"href":"https:\/\/sites.uel.br\/cce\/wp-json\/wp\/v2\/users\/7"}],"replies":[{"embeddable":true,"href":"https:\/\/sites.uel.br\/cce\/wp-json\/wp\/v2\/comments?post=22"}],"version-history":[{"count":28,"href":"https:\/\/sites.uel.br\/cce\/wp-json\/wp\/v2\/pages\/22\/revisions"}],"predecessor-version":[{"id":746,"href":"https:\/\/sites.uel.br\/cce\/wp-json\/wp\/v2\/pages\/22\/revisions\/746"}],"wp:attachment":[{"href":"https:\/\/sites.uel.br\/cce\/wp-json\/wp\/v2\/media?parent=22"}],"curies":[{"name":"wp","href":"https:\/\/api.w.org\/{rel}","templated":true}]}}