{"id":208,"date":"2021-04-06T15:01:50","date_gmt":"2021-04-06T18:01:50","guid":{"rendered":"https:\/\/sites.uel.br\/cce\/?page_id=208"},"modified":"2025-09-02T16:41:59","modified_gmt":"2025-09-02T19:41:59","slug":"suporte-ti-cce","status":"publish","type":"page","link":"https:\/\/sites.uel.br\/cce\/suporte-ti-cce\/","title":{"rendered":"Suporte TI CCE"},"content":{"rendered":"\n<p><\/p>\n\n\n\n<p>O Suporte de Tecnologia de Informa\u00e7\u00e3o do Centro de Ci\u00eancias Exatas est\u00e1 diretamente subordinado a Diretoria do Centro.&nbsp;<\/p>\n\n\n\n<p><\/p>\n\n\n\n<p><strong>Atribui\u00e7\u00f5es<\/strong><\/p>\n\n\n\n<p>&#8211; Prestar servi\u00e7os de suporte a usu\u00e1rios de inform\u00e1tica do CCE;<\/p>\n\n\n\n<p>&#8211; Apoiar o desenvolvimento da inform\u00e1tica no CCE;&nbsp;<\/p>\n\n\n\n<p>&#8211; Promover a manuten\u00e7\u00e3o dos equipamentos de inform\u00e1tica.<\/p>\n\n\n\n<p><\/p>\n\n\n\n<p><strong>Atendimento<\/strong><\/p>\n\n\n\n<p>O&nbsp;suporte de inform\u00e1tica atende&nbsp;aos seguintes setores:&nbsp;<\/p>\n\n\n\n<p><strong>Departamentos<\/strong><\/p>\n\n\n\n<p>_ Bioqu\u00edmica e Biotecnologia;<\/p>\n\n\n\n<p>_&nbsp;Computa\u00e7\u00e3o;<\/p>\n\n\n\n<p>_&nbsp;Estat\u00edstica;<\/p>\n\n\n\n<p>_ F\u00edsica;<\/p>\n\n\n\n<p>_ Geoci\u00eancias;<\/p>\n\n\n\n<p>_&nbsp;Matem\u00e1tica;<\/p>\n\n\n\n<p>_&nbsp;Qu\u00edmica.<\/p>\n\n\n\n<p><strong>Secretarias&nbsp;<\/strong><\/p>\n\n\n\n<p>_&nbsp;Gradua\u00e7\u00e3o;<\/p>\n\n\n\n<p>_&nbsp;P\u00f3s-gradua\u00e7\u00e3o;<\/p>\n\n\n\n<p>_&nbsp;Dire\u00e7\u00e3o Geral do Centro.<\/p>\n\n\n\n<p><\/p>\n\n\n\n<p><strong>Equipe de TI<\/strong><\/p>\n\n\n\n<p>&#8211; Anderson Issao<\/p>\n\n\n\n<p>&#8211; Eduardo Campos<\/p>\n\n\n\n<p>&#8211; Eduardo Galliano<\/p>\n\n\n\n<p>&#8211; Jader Herculano<\/p>\n\n\n\n<p>&#8211; Rog\u00e9rio Corc\u00f3via<\/p>\n\n\n\n<p>Solicita\u00e7\u00e3o de atendimento e-mail para&nbsp;<a href=\"mailto:suportecce@listas.uel.br?subject=Atendimento%3A\"><u>suportecce@listas.uel.br<\/u><\/a><\/p>\n\n\n\n<p>Solicita\u00e7\u00e3o de atendimento para website&nbsp;<a href=\"mailto:website@uel.br?subject=Website%3A\"><u>website@uel.br<\/u><\/a><\/p>\n","protected":false},"excerpt":{"rendered":"<p>O Suporte de Tecnologia de Informa\u00e7\u00e3o do Centro de Ci\u00eancias Exatas est\u00e1 diretamente subordinado a Diretoria do Centro.&nbsp; Atribui\u00e7\u00f5es &#8211; Prestar servi\u00e7os de suporte a usu\u00e1rios de inform\u00e1tica do CCE; &#8211; Apoiar o desenvolvimento da inform\u00e1tica no CCE;&nbsp; &#8211; Promover a manuten\u00e7\u00e3o dos equipamentos de inform\u00e1tica. Atendimento O&nbsp;suporte de inform\u00e1tica atende&nbsp;aos seguintes setores:&nbsp; Departamentos _ [&hellip;]<\/p>\n","protected":false},"author":8,"featured_media":0,"parent":0,"menu_order":0,"comment_status":"closed","ping_status":"closed","template":"","meta":{"footnotes":""},"class_list":["post-208","page","type-page","status-publish","hentry"],"_links":{"self":[{"href":"https:\/\/sites.uel.br\/cce\/wp-json\/wp\/v2\/pages\/208","targetHints":{"allow":["GET"]}}],"collection":[{"href":"https:\/\/sites.uel.br\/cce\/wp-json\/wp\/v2\/pages"}],"about":[{"href":"https:\/\/sites.uel.br\/cce\/wp-json\/wp\/v2\/types\/page"}],"author":[{"embeddable":true,"href":"https:\/\/sites.uel.br\/cce\/wp-json\/wp\/v2\/users\/8"}],"replies":[{"embeddable":true,"href":"https:\/\/sites.uel.br\/cce\/wp-json\/wp\/v2\/comments?post=208"}],"version-history":[{"count":5,"href":"https:\/\/sites.uel.br\/cce\/wp-json\/wp\/v2\/pages\/208\/revisions"}],"predecessor-version":[{"id":1756,"href":"https:\/\/sites.uel.br\/cce\/wp-json\/wp\/v2\/pages\/208\/revisions\/1756"}],"wp:attachment":[{"href":"https:\/\/sites.uel.br\/cce\/wp-json\/wp\/v2\/media?parent=208"}],"curies":[{"name":"wp","href":"https:\/\/api.w.org\/{rel}","templated":true}]}}