{"id":20,"date":"2021-03-29T10:33:53","date_gmt":"2021-03-29T13:33:53","guid":{"rendered":"https:\/\/sites.uel.br\/cce\/?page_id=20"},"modified":"2026-04-15T10:41:09","modified_gmt":"2026-04-15T13:41:09","slug":"graduacao","status":"publish","type":"page","link":"https:\/\/sites.uel.br\/cce\/graduacao\/","title":{"rendered":"Gradua\u00e7\u00e3o"},"content":{"rendered":"<p><strong data-rich-text-format-boundary=\"true\">O Centro de Ci\u00eancias Exatas (CCE) oferta os seguintes <span style=\"color: #008000\">Cursos de Gradua\u00e7\u00e3o<\/span>:\u00a0<\/strong><\/p>\n<ul>\n<li><a href=\"http:\/\/graduacao.uel.br\/biotecnologia\">Biotecnologia<\/a> (Bacharelado)\n<ul>\n<li>Coordena\u00e7\u00e3o do Colegiado: Fabiana Guillem Moreira Gasparin<\/li>\n<li>Vice-Coordena\u00e7\u00e3o: Nicole Caldas Pan<\/li>\n<\/ul>\n<\/li>\n<\/ul>\n<ul>\n<li><a href=\"http:\/\/graduacao.uel.br\/ciencia-da-computacao\">Ci\u00eancia da Computa\u00e7\u00e3o<\/a> (Bacharelado)\n<ul>\n<li>Coordena\u00e7\u00e3o do Colegiado: Evandro Baccarin<\/li>\n<li>Vice-Coordena\u00e7\u00e3o: Adilson Luiz Bonif\u00e1cio<\/li>\n<\/ul>\n<\/li>\n<\/ul>\n<ul>\n<li><a href=\"http:\/\/graduacao.uel.br\/fisica\">F\u00edsica<\/a> (Bacharelado e Licenciatura)\n<ul>\n<li>Coordena\u00e7\u00e3o do Colegiado: Marcelo Alves de Carvalho<\/li>\n<li>Vice-Coordena\u00e7\u00e3o: Irin\u00e9a de Lourdes Batista<\/li>\n<\/ul>\n<\/li>\n<\/ul>\n<ul>\n<li><a href=\"http:\/\/graduacao.uel.br\/geografia\">Geografia<\/a> (Bacharelado e Licenciatura)\n<ul>\n<li>Coordena\u00e7\u00e3o do Colegiado: Jaqueline Telma Vercezi<\/li>\n<li>Vice-Coordena\u00e7\u00e3o: Patr\u00edcia Fernandes Paula-Shinobu<\/li>\n<\/ul>\n<\/li>\n<\/ul>\n<ul>\n<li><a href=\"https:\/\/graduacao.uel.br\/ciencia-de-dados-e-inteligencia-artificial\/\" target=\"_blank\" rel=\"noopener\">Ci\u00eancia de Dados e Intelig\u00eancia Artificial <\/a>(Bacharelado)\n<ul>\n<li>Coordena\u00e7\u00e3o do Colegiado: Daniel dos Santos Kaster<\/li>\n<li>Vice-Coordena\u00e7\u00e3o: Andr\u00e9 Luis Andrade Menolli<\/li>\n<\/ul>\n<\/li>\n<\/ul>\n<ul>\n<li><a href=\"http:\/\/graduacao.uel.br\/matematica\">Matem\u00e1tica<\/a> (Bacharelado e Licenciatura)\n<ul>\n<li>Coordena\u00e7\u00e3o: Bruno Rodrigo Teixeira<\/li>\n<li>Vice-Coordena\u00e7\u00e3o: Aline Aparecida de Souza Le\u00e3o<\/li>\n<\/ul>\n<\/li>\n<\/ul>\n<ul>\n<li><a href=\"http:\/\/graduacao.uel.br\/quimica\">Qu\u00edmica<\/a> (Bacharelado e Licenciatura)\n<ul>\n<li>Coordenador: L\u00facio C\u00e9sar de Almeida<\/li>\n<li>Vice-Coordena\u00e7\u00e3o: Marcelo Maia Cirino<\/li>\n<\/ul>\n<\/li>\n<\/ul>\n<p><strong><span style=\"color: #008000\">Secretaria de Apoio \u00e0 Gradua\u00e7\u00e3o<\/span><\/strong><\/p>\n<ul>\n<li>Izabel do Nascimento &#8211; <strong>academica.cce@uel.br;<\/strong><\/li>\n<li>Edna Pereira da Silva \u2013\u00a0<strong>academica.cce@uel.br.<\/strong>\n<ul>\n<li>Fones: (43) 3371-4611 \/ (43) 3371-4852<\/li>\n<\/ul>\n<\/li>\n<\/ul>\n\n\n<p><\/p>\n\n\n\n<p><\/p>\n","protected":false},"excerpt":{"rendered":"<p>O Centro de Ci\u00eancias Exatas (CCE) oferta os seguintes Cursos de Gradua\u00e7\u00e3o:\u00a0 Biotecnologia (Bacharelado) Coordena\u00e7\u00e3o do Colegiado: Fabiana Guillem Moreira Gasparin Vice-Coordena\u00e7\u00e3o: Nicole Caldas Pan Ci\u00eancia da Computa\u00e7\u00e3o (Bacharelado) Coordena\u00e7\u00e3o do Colegiado: Evandro Baccarin Vice-Coordena\u00e7\u00e3o: Adilson Luiz Bonif\u00e1cio F\u00edsica (Bacharelado e Licenciatura) Coordena\u00e7\u00e3o do Colegiado: Marcelo Alves de Carvalho Vice-Coordena\u00e7\u00e3o: Irin\u00e9a de Lourdes Batista Geografia [&hellip;]<\/p>\n","protected":false},"author":7,"featured_media":0,"parent":0,"menu_order":0,"comment_status":"closed","ping_status":"closed","template":"","meta":{"footnotes":""},"class_list":["post-20","page","type-page","status-publish","hentry"],"_links":{"self":[{"href":"https:\/\/sites.uel.br\/cce\/wp-json\/wp\/v2\/pages\/20","targetHints":{"allow":["GET"]}}],"collection":[{"href":"https:\/\/sites.uel.br\/cce\/wp-json\/wp\/v2\/pages"}],"about":[{"href":"https:\/\/sites.uel.br\/cce\/wp-json\/wp\/v2\/types\/page"}],"author":[{"embeddable":true,"href":"https:\/\/sites.uel.br\/cce\/wp-json\/wp\/v2\/users\/7"}],"replies":[{"embeddable":true,"href":"https:\/\/sites.uel.br\/cce\/wp-json\/wp\/v2\/comments?post=20"}],"version-history":[{"count":43,"href":"https:\/\/sites.uel.br\/cce\/wp-json\/wp\/v2\/pages\/20\/revisions"}],"predecessor-version":[{"id":1774,"href":"https:\/\/sites.uel.br\/cce\/wp-json\/wp\/v2\/pages\/20\/revisions\/1774"}],"wp:attachment":[{"href":"https:\/\/sites.uel.br\/cce\/wp-json\/wp\/v2\/media?parent=20"}],"curies":[{"name":"wp","href":"https:\/\/api.w.org\/{rel}","templated":true}]}}