{"id":1614,"date":"2023-08-04T16:42:40","date_gmt":"2023-08-04T19:42:40","guid":{"rendered":"https:\/\/sites.uel.br\/cce\/?page_id=1614"},"modified":"2023-08-04T16:56:01","modified_gmt":"2023-08-04T19:56:01","slug":"ingressantes-computacao-2023","status":"publish","type":"page","link":"https:\/\/sites.uel.br\/cce\/ingressantes-computacao-2023\/","title":{"rendered":"Ingressantes &#8211; Computa\u00e7\u00e3o 2023"},"content":{"rendered":"<p>Sejam bem-vindos ao Curso de Ci\u00eancia da Computa\u00e7\u00e3o da UEL.<\/p>\n<p><strong>Colegiado do Curso de Ci\u00eancia da Computa\u00e7\u00e3o<\/strong><\/p>\n<p><small><big>Para o perfeito funcionamento acad\u00eamico do curso \u00e9 necess\u00e1rio uma equipe formada por docentes, t\u00e9cnicos e discentes, nominada Colegiado, cuja fun\u00e7\u00e3o est\u00e1 prevista no regulamento interno da UEL, dispondo que:<\/big><\/small><\/p>\n<p>\u00a0<small><big><strong>Art. 64.<\/strong>\u00a0Os Colegiados de Cursos de Gradua\u00e7\u00e3o exercem a coordena\u00e7\u00e3o pedag\u00f3gica dos cursos e ser\u00e3o constitu\u00eddos por representantes docentes da \u00e1rea principal de conhecimento e da \u00e1rea b\u00e1sica e\/ou complementar de conhecimento, estudantes e servidores, na forma prevista nos\u00a7\u00a7 2\u00ba e 3\u00ba do Art. 27 do Estatuto da Universidade. (Art. Alterado atrav\u00e9s da Res. CU 168\/2007).<\/big><\/small><\/p>\n<div><strong>\u00a0<\/strong><small><big><strong>Par\u00e1grafo \u00fanico<\/strong>. Cada curso de gradua\u00e7\u00e3o ter\u00e1 um \u00fanico Colegiado, independentemente do n\u00famero de habilita\u00e7\u00f5es, salvo nos casos de especificidades da forma\u00e7\u00e3o profissional com curr\u00edculos sem tronco comum, casos em que, com a aprova\u00e7\u00e3o do Conselho de Ensino, Pesquisa e Extens\u00e3o, poder\u00e1 haver separa\u00e7\u00e3o em mais de um Colegiado. (Par\u00e1grafo Alterado atrav\u00e9s da Res.CU 168\/2007).<\/big><\/small><\/div>\n<p>O Coordenador do Colegiado do Curso de Ci\u00eancia da Computa\u00e7\u00e3o quer recepcion\u00e1-los.<\/p>\n<p><strong>Coordenador de Colegiado do curso de Ci\u00eancia da Computa\u00e7\u00e3o \u2013 Prof. Vitor Val\u00e9rio de Souza Campos<\/strong><\/p>\n<p><img loading=\"lazy\" decoding=\"async\" class=\"\" src=\"https:\/\/sites.uel.br\/ser\/wp-content\/uploads\/2023\/07\/ciencia-da-computacao-1024x683.png\" width=\"556\" height=\"371\" \/><\/p>\n<p><strong>Vice-Coordenador de Colegiado do curso de Ci\u00eancia da Computa\u00e7\u00e3o \u2013 Prof. Evandro Bacarin<\/strong><\/p>\n<p>e-mail:\u00a0<a href=\"mailto:colcc@uel.br\">colcc@uel.br<\/a><\/p>\n\n\n<p><strong>Programa\u00e7\u00e3o \u2013 Semana de Recep\u00e7\u00e3o aos Ingressantes \u2013 UEL 2023<\/strong><\/p>\n\n\n\n<div data-wp-interactive=\"core\/file\" class=\"wp-block-file\"><object data-wp-bind--hidden=\"!state.hasPdfPreview\" hidden class=\"wp-block-file__embed\" data=\"https:\/\/sites.uel.br\/cce\/wp-content\/uploads\/2023\/08\/computacao-2023.pdf\" type=\"application\/pdf\" style=\"width:100%;height:600px\" aria-label=\"Incorporado de computacao-2023.\"><\/object><a id=\"wp-block-file--media-926bc133-5cc9-4a6e-b1be-c31800c8265f\" href=\"https:\/\/sites.uel.br\/cce\/wp-content\/uploads\/2023\/08\/computacao-2023.pdf\">computacao-2023<\/a><a href=\"https:\/\/sites.uel.br\/cce\/wp-content\/uploads\/2023\/08\/computacao-2023.pdf\" class=\"wp-block-file__button wp-element-button\" download aria-describedby=\"wp-block-file--media-926bc133-5cc9-4a6e-b1be-c31800c8265f\">Baixar<\/a><\/div>\n","protected":false},"excerpt":{"rendered":"<p>Sejam bem-vindos ao Curso de Ci\u00eancia da Computa\u00e7\u00e3o da UEL. Colegiado do Curso de Ci\u00eancia da Computa\u00e7\u00e3o Para o perfeito funcionamento acad\u00eamico do curso \u00e9 necess\u00e1rio uma equipe formada por docentes, t\u00e9cnicos e discentes, nominada Colegiado, cuja fun\u00e7\u00e3o est\u00e1 prevista no regulamento interno da UEL, dispondo que: \u00a0Art. 64.\u00a0Os Colegiados de Cursos de Gradua\u00e7\u00e3o exercem [&hellip;]<\/p>\n","protected":false},"author":8,"featured_media":0,"parent":0,"menu_order":0,"comment_status":"closed","ping_status":"closed","template":"","meta":{"footnotes":""},"class_list":["post-1614","page","type-page","status-publish","hentry"],"_links":{"self":[{"href":"https:\/\/sites.uel.br\/cce\/wp-json\/wp\/v2\/pages\/1614","targetHints":{"allow":["GET"]}}],"collection":[{"href":"https:\/\/sites.uel.br\/cce\/wp-json\/wp\/v2\/pages"}],"about":[{"href":"https:\/\/sites.uel.br\/cce\/wp-json\/wp\/v2\/types\/page"}],"author":[{"embeddable":true,"href":"https:\/\/sites.uel.br\/cce\/wp-json\/wp\/v2\/users\/8"}],"replies":[{"embeddable":true,"href":"https:\/\/sites.uel.br\/cce\/wp-json\/wp\/v2\/comments?post=1614"}],"version-history":[{"count":2,"href":"https:\/\/sites.uel.br\/cce\/wp-json\/wp\/v2\/pages\/1614\/revisions"}],"predecessor-version":[{"id":1620,"href":"https:\/\/sites.uel.br\/cce\/wp-json\/wp\/v2\/pages\/1614\/revisions\/1620"}],"wp:attachment":[{"href":"https:\/\/sites.uel.br\/cce\/wp-json\/wp\/v2\/media?parent=1614"}],"curies":[{"name":"wp","href":"https:\/\/api.w.org\/{rel}","templated":true}]}}