{"id":1602,"date":"2023-08-04T16:32:34","date_gmt":"2023-08-04T19:32:34","guid":{"rendered":"https:\/\/sites.uel.br\/cce\/?page_id=1602"},"modified":"2023-08-04T16:35:04","modified_gmt":"2023-08-04T19:35:04","slug":"ingressante-quimica-2023","status":"publish","type":"page","link":"https:\/\/sites.uel.br\/cce\/ingressante-quimica-2023\/","title":{"rendered":"Ingressante &#8211; Qu\u00edmica 2023"},"content":{"rendered":"<p>Sejam bem-vindos ao Curso de Qu\u00edmica da UEL.<\/p>\n<p>\u00a0<\/p>\n<p><strong>Colegiado do Curso de Qu\u00edmica<\/strong><\/p>\n<p>Para o perfeito funcionamento acad\u00eamico do curso \u00e9 necess\u00e1rio uma equipe formada por docentes, t\u00e9cnicos e discentes, nominada Colegiado, cuja fun\u00e7\u00e3o est\u00e1 prevista no regulamento interno da UEL, dispondo que:<\/p>\n<p>\u00a0<strong>Art. 64.<\/strong> Os Colegiados de Cursos de Gradua\u00e7\u00e3o exercem a coordena\u00e7\u00e3o pedag\u00f3gica dos cursos e ser\u00e3o constitu\u00eddos por representantes docentes da \u00e1rea principal de conhecimento e da \u00e1rea b\u00e1sica e\/ou complementar de conhecimento, estudantes e servidores, na forma prevista nos\u00a7\u00a7 2\u00ba e 3\u00ba do Art. 27 do Estatuto da Universidade. (Art. Alterado atrav\u00e9s da Res. CU 168\/2007).<\/p>\n<p><strong>\u00a0Par\u00e1grafo \u00fanico<\/strong>. Cada curso de gradua\u00e7\u00e3o ter\u00e1 um \u00fanico Colegiado, independentemente do n\u00famero de habilita\u00e7\u00f5es, salvo nos casos de especificidades da forma\u00e7\u00e3o profissional com curr\u00edculos sem tronco comum, casos em que, com a aprova\u00e7\u00e3o do Conselho de Ensino, Pesquisa e Extens\u00e3o, poder\u00e1 haver separa\u00e7\u00e3o em mais de um Colegiado. (Par\u00e1grafo Alterado atrav\u00e9s da Res.CU 168\/2007).<\/p>\n<p>A Coordenadora do Colegiado do Curso de Qu\u00edmica quer recepcion\u00e1-los.<\/p>\n<p><strong>Coordenadora de Colegiado do Curso de Qu\u00edmica &#8211; Profa. Carla Cristina Perez<\/strong><\/p>\n<p><img loading=\"lazy\" decoding=\"async\" class=\"\" src=\"https:\/\/sites.uel.br\/ser\/wp-content\/uploads\/2023\/07\/quimica-1024x683.png\" width=\"451\" height=\"301\" \/><\/p>\n<p><strong>Vice-Coordenadora de Colegiado do Curso de Qu\u00edmica &#8211; Profa. Anna Paola Butera<\/strong><\/p>\n<p><img loading=\"lazy\" decoding=\"async\" class=\"\" src=\"https:\/\/sites.uel.br\/ser\/wp-content\/uploads\/2023\/07\/quimica-1-1024x683.png\" width=\"456\" height=\"304\" \/><\/p>\n<p>e-mail:\u00a0<a href=\"mailto:colqui@uel.br\">colqui@uel.br<\/a>\u00a0\/\u00a0<a href=\"mailto:academica.cce@uel.br\">academica.cce@uel.br<\/a><\/p>\n<p>\u00a0<\/p>\n\n<h3>Conhe\u00e7a a Secretaria do Departamento de Qu\u00edmica<\/h3>\n<p>Nosso pessoal t\u00e9cnico-administrativo est\u00e1 preparado para atend\u00ea-los. Conhe\u00e7a um pouco da secretaria do departamento ao qual seu curso est\u00e1 vinculado.<\/p>\n<p>Secret\u00e1rio &#8211; Rog\u00e9rio Carvalho dos Santos\u00a0 \u00a0 \u00a0 \u00a0 \u00a0 \u00a0 Contato: (43) 3371- 4286\u00a0 \u00a0&#8211;\u00a0 quimica@uel.br<\/p>\n\n\n<figure class=\"wp-block-embed is-type-video is-provider-youtube wp-block-embed-youtube wp-embed-aspect-16-9 wp-has-aspect-ratio\"><div class=\"wp-block-embed__wrapper\">\n<iframe loading=\"lazy\" title=\"Secretaria do Departamento de Qu\u00edmica\" width=\"500\" height=\"281\" src=\"https:\/\/www.youtube.com\/embed\/MHmjaLU4pFo?feature=oembed\" frameborder=\"0\" allow=\"accelerometer; autoplay; clipboard-write; encrypted-media; gyroscope; picture-in-picture; web-share\" referrerpolicy=\"strict-origin-when-cross-origin\" allowfullscreen><\/iframe>\n<\/div><\/figure>\n\n\n\n<div class=\"wp-block-columns is-layout-flex wp-container-core-columns-is-layout-9d6595d7 wp-block-columns-is-layout-flex\">\n<div class=\"wp-block-column is-layout-flow wp-block-column-is-layout-flow\" style=\"flex-basis:100%\">\n<p><\/p>\n\n\n\n<p><strong>Programa\u00e7\u00e3o &#8211; Semana de Recep\u00e7\u00e3o aos Ingressantes &#8211; UEL 2022<\/strong><\/p>\n\n\n\n<p>Programa\u00e7\u00e3o &#8211; Qu\u00edmica (Bacharelado)<\/p>\n\n\n\n<div data-wp-interactive=\"core\/file\" class=\"wp-block-file\"><object data-wp-bind--hidden=\"!state.hasPdfPreview\" hidden class=\"wp-block-file__embed\" data=\"https:\/\/sites.uel.br\/cce\/wp-content\/uploads\/2023\/08\/quimica-bacharelado-2023.pdf\" type=\"application\/pdf\" style=\"width:100%;height:600px\" aria-label=\"Incorporado de quimica-bacharelado-2023.\"><\/object><a id=\"wp-block-file--media-e3a13ad4-1711-4419-9239-57e0086f4a5b\" href=\"https:\/\/sites.uel.br\/cce\/wp-content\/uploads\/2023\/08\/quimica-bacharelado-2023.pdf\">quimica-bacharelado-2023<\/a><a href=\"https:\/\/sites.uel.br\/cce\/wp-content\/uploads\/2023\/08\/quimica-bacharelado-2023.pdf\" class=\"wp-block-file__button wp-element-button\" download aria-describedby=\"wp-block-file--media-e3a13ad4-1711-4419-9239-57e0086f4a5b\">Baixar<\/a><\/div>\n\n\n\n<p>Programa\u00e7\u00e3o &#8211; Qu\u00edmica (Licenciatura)<\/p>\n<\/div>\n<\/div>\n\n\n\n<div data-wp-interactive=\"core\/file\" class=\"wp-block-file\"><object data-wp-bind--hidden=\"!state.hasPdfPreview\" hidden class=\"wp-block-file__embed\" data=\"https:\/\/sites.uel.br\/cce\/wp-content\/uploads\/2023\/08\/quimica-licenciatura-2023.pdf\" type=\"application\/pdf\" style=\"width:100%;height:600px\" aria-label=\"Incorporado de quimica-licenciatura-2023.\"><\/object><a id=\"wp-block-file--media-1b0af948-898a-44c2-8e75-2b4d65e44ba6\" href=\"https:\/\/sites.uel.br\/cce\/wp-content\/uploads\/2023\/08\/quimica-licenciatura-2023.pdf\">quimica-licenciatura-2023<\/a><a href=\"https:\/\/sites.uel.br\/cce\/wp-content\/uploads\/2023\/08\/quimica-licenciatura-2023.pdf\" class=\"wp-block-file__button wp-element-button\" download aria-describedby=\"wp-block-file--media-1b0af948-898a-44c2-8e75-2b4d65e44ba6\">Baixar<\/a><\/div>\n","protected":false},"excerpt":{"rendered":"<p>Sejam bem-vindos ao Curso de Qu\u00edmica da UEL. \u00a0 Colegiado do Curso de Qu\u00edmica Para o perfeito funcionamento acad\u00eamico do curso \u00e9 necess\u00e1rio uma equipe formada por docentes, t\u00e9cnicos e discentes, nominada Colegiado, cuja fun\u00e7\u00e3o est\u00e1 prevista no regulamento interno da UEL, dispondo que: \u00a0Art. 64. Os Colegiados de Cursos de Gradua\u00e7\u00e3o exercem a coordena\u00e7\u00e3o [&hellip;]<\/p>\n","protected":false},"author":8,"featured_media":0,"parent":0,"menu_order":0,"comment_status":"closed","ping_status":"closed","template":"","meta":{"footnotes":""},"class_list":["post-1602","page","type-page","status-publish","hentry"],"_links":{"self":[{"href":"https:\/\/sites.uel.br\/cce\/wp-json\/wp\/v2\/pages\/1602","targetHints":{"allow":["GET"]}}],"collection":[{"href":"https:\/\/sites.uel.br\/cce\/wp-json\/wp\/v2\/pages"}],"about":[{"href":"https:\/\/sites.uel.br\/cce\/wp-json\/wp\/v2\/types\/page"}],"author":[{"embeddable":true,"href":"https:\/\/sites.uel.br\/cce\/wp-json\/wp\/v2\/users\/8"}],"replies":[{"embeddable":true,"href":"https:\/\/sites.uel.br\/cce\/wp-json\/wp\/v2\/comments?post=1602"}],"version-history":[{"count":3,"href":"https:\/\/sites.uel.br\/cce\/wp-json\/wp\/v2\/pages\/1602\/revisions"}],"predecessor-version":[{"id":1608,"href":"https:\/\/sites.uel.br\/cce\/wp-json\/wp\/v2\/pages\/1602\/revisions\/1608"}],"wp:attachment":[{"href":"https:\/\/sites.uel.br\/cce\/wp-json\/wp\/v2\/media?parent=1602"}],"curies":[{"name":"wp","href":"https:\/\/api.w.org\/{rel}","templated":true}]}}