{"id":16,"date":"2021-03-29T10:33:53","date_gmt":"2021-03-29T13:33:53","guid":{"rendered":"https:\/\/sites.uel.br\/cce\/?page_id=16"},"modified":"2026-04-15T10:47:10","modified_gmt":"2026-04-15T13:47:10","slug":"contatos","status":"publish","type":"page","link":"https:\/\/sites.uel.br\/cce\/contatos\/","title":{"rendered":"Contatos"},"content":{"rendered":"<h4>\u00a0<\/h4>\n<h4><span style=\"color: #008000\"><strong>Secretaria Geral<\/strong><\/span><\/h4>\n<ul>\n<li>Sandra Accordi Vieira &#8211; Fone: 3371-4733 &#8211; <strong>cce@uel.br<\/strong>;<\/li>\n<li>Analice Barbosa dos Santos &#8211; Fone: 3371-4161 &#8211; <strong>analicebs@uel.br<\/strong>;<\/li>\n<li>Joelma de Souza P. C. Bueno &#8211; Fone: 3371-4216 &#8211; <strong>jobueno@uel.br<\/strong>.<\/li>\n<\/ul>\n\n\n<p><\/p>\n\n\n<p style=\"padding-left: 40px\"><strong><span style=\"color: #008000\">Administrador Predial<\/span><\/strong><\/p>\n<ul>\n<li style=\"list-style-type: none\">\n<ul>\n<li>Eduardo Pereira Campos &#8211; Fone: 3371-4161 &#8211;\u00a0<strong>admpredialcce@uel.br.<\/strong><\/li>\n<\/ul>\n<\/li>\n<\/ul>\n<h4>\u00a0<\/h4>\n<h4><span style=\"color: #008000\"><strong>Secretaria de Apoio \u00e0 Gradua\u00e7\u00e3o<\/strong><\/span><\/h4>\n<ul>\n<li>Izabel do Nascimento &#8211; <strong>academica.cce@uel.br;<\/strong><\/li>\n<li>Edna Pereira da Silva &#8211; <strong>academica.cce@uel.br.<\/strong><\/li>\n<li>Fones: 3371-4611 \/ 3371-4852<\/li>\n<\/ul>\n<h4>\u00a0<\/h4>\n<h4><strong><span style=\"color: #008000\">Secretaria de Apoio \u00e0 P\u00f3s-Gradua\u00e7\u00e3o<\/span><\/strong><\/h4>\n<ul>\n<li>Regina Braga &#8211; <strong>spgcce@uel.br<\/strong>;<\/li>\n<li>Cibele Candeo Leite &#8211; <strong>spgcce@uel.br;<\/strong><\/li>\n<li>Maria Lucia Correia Lemes &#8211; <strong>spgcce@uel.br.<\/strong><\/li>\n<li>Fones: 3371-4879 \/ 3371-4711<\/li>\n<\/ul>\n<h4>\u00a0<\/h4>\n<h4><strong><span style=\"color: #008000\">Departamentos<\/span><\/strong><\/h4>\n<ul>\n<li>Departamento de Bioqu\u00edmica e Biotecnologia &#8211; Fone: 3371-4270\n<ul>\n<li>Elda Aparecida Jonas Aguiar &#8211; <strong>biq@uel.br<\/strong><\/li>\n<\/ul>\n<\/li>\n<li>Departamento de Computa\u00e7\u00e3o &#8211; Fone: 3371-4678\n<ul>\n<li>Larissa Kaori Takahashi &#8211; <strong>secretaria.dc@uel.br<\/strong><\/li>\n<li>Paulo Gedeao Mendes &#8211; <strong>secretaria.dc@uel.br<\/strong><\/li>\n<\/ul>\n<\/li>\n<li>Departamento de Estat\u00edstica &#8211; Fone: 3371-4346\n<ul>\n<li>Fernando Oliveira Jovanovich &#8211; <strong>dsta@uel.br<\/strong><\/li>\n<\/ul>\n<\/li>\n<li>Departamento de F\u00edsica &#8211; Fone: 3371-4266\n<ul>\n<li>Silvio C\u00e9sar Caldeira &#8211; <strong>secretfis@uel.br<\/strong><\/li>\n<\/ul>\n<\/li>\n<li>Departamento de Geografia &#8211; Fone: 3371-4356\n<ul>\n<li>Anderson Pereira do Nascimento &#8211; <strong>secretariageo@uel.br<\/strong><\/li>\n<\/ul>\n<\/li>\n<li>Departamento de Geologia e Geom\u00e1tica &#8211; Fone: 3371-4156<br \/>\n<ul>\n<li>Maria Vieira Suguimoto &#8211; <strong>dgg@uel.br<\/strong><\/li>\n<\/ul>\n<\/li>\n<li>Departamento de Matem\u00e1tica &#8211; Fone: 3371-4226\n<ul>\n<li>Paulo Rog\u00e9rio Corso &#8211; <strong>mat@uel.br<\/strong><\/li>\n<\/ul>\n<\/li>\n<li>Departamento de Qu\u00edmica &#8211; Fone: 3371-4286\n<ul>\n<li>Rog\u00e9rio Carvalho dos Santos &#8211; <strong>quimica@uel.br<\/strong><\/li>\n<\/ul>\n<\/li>\n<\/ul>\n<h4>\u00a0<\/h4>\n<h4><strong><span style=\"color: #008000\"><em>Website<\/em> CCE<\/span><\/strong><\/h4>\n<ul>\n<li>Eduardo Galliano &#8211; Fone: 3371-4604 &#8211; <strong>website@uel.br<\/strong><\/li>\n<\/ul>\n<h4>\u00a0<\/h4>\n<h4><strong><span style=\"color: #008000\">Suporte de Inform\u00e1tica<\/span><\/strong><\/h4>\n<ul>\n<li>Anderson Issao Ono Fujimoto &#8211; Fone: 3371-4604 &#8211; <strong>suportecce@listas.uel.br<\/strong>;<\/li>\n<li>Eduardo Galliano &#8211; Fone: 3371-4604 &#8211; <strong>suportecce@listas.uel.br<\/strong>;<\/li>\n<li>Eduardo Pereira Campos &#8211; Fone: 3371-4153 &#8211;\u00a0<strong>suportecce@listas.uel.br<\/strong>;<\/li>\n<li>Felipe Silva Araujo &#8211; Fone: 3371-4839 &#8211;\u00a0<strong>suportecce@listas.uel.br<\/strong>;<\/li>\n<li>Jader Herculano do Prado Silva &#8211; Fone: 3371-4839 &#8211; <strong>suportecce@listas.uel.br<\/strong>;<\/li>\n<li>Rog\u00e9rio Corc\u00f3via &#8211; Fone: 3371-4839 &#8211; <strong>suportecce@listas.uel.br<\/strong>;<\/li>\n<\/ul>\n\n\n<p><\/p>\n","protected":false},"excerpt":{"rendered":"<p>\u00a0 Secretaria Geral Sandra Accordi Vieira &#8211; Fone: 3371-4733 &#8211; cce@uel.br; Analice Barbosa dos Santos &#8211; Fone: 3371-4161 &#8211; analicebs@uel.br; Joelma de Souza P. C. Bueno &#8211; Fone: 3371-4216 &#8211; jobueno@uel.br. Administrador Predial Eduardo Pereira Campos &#8211; Fone: 3371-4161 &#8211;\u00a0admpredialcce@uel.br. \u00a0 Secretaria de Apoio \u00e0 Gradua\u00e7\u00e3o Izabel do Nascimento &#8211; academica.cce@uel.br; Edna Pereira da Silva [&hellip;]<\/p>\n","protected":false},"author":7,"featured_media":0,"parent":0,"menu_order":0,"comment_status":"closed","ping_status":"closed","template":"","meta":{"footnotes":""},"class_list":["post-16","page","type-page","status-publish","hentry"],"_links":{"self":[{"href":"https:\/\/sites.uel.br\/cce\/wp-json\/wp\/v2\/pages\/16","targetHints":{"allow":["GET"]}}],"collection":[{"href":"https:\/\/sites.uel.br\/cce\/wp-json\/wp\/v2\/pages"}],"about":[{"href":"https:\/\/sites.uel.br\/cce\/wp-json\/wp\/v2\/types\/page"}],"author":[{"embeddable":true,"href":"https:\/\/sites.uel.br\/cce\/wp-json\/wp\/v2\/users\/7"}],"replies":[{"embeddable":true,"href":"https:\/\/sites.uel.br\/cce\/wp-json\/wp\/v2\/comments?post=16"}],"version-history":[{"count":46,"href":"https:\/\/sites.uel.br\/cce\/wp-json\/wp\/v2\/pages\/16\/revisions"}],"predecessor-version":[{"id":1777,"href":"https:\/\/sites.uel.br\/cce\/wp-json\/wp\/v2\/pages\/16\/revisions\/1777"}],"wp:attachment":[{"href":"https:\/\/sites.uel.br\/cce\/wp-json\/wp\/v2\/media?parent=16"}],"curies":[{"name":"wp","href":"https:\/\/api.w.org\/{rel}","templated":true}]}}