{"id":1542,"date":"2022-11-10T12:15:37","date_gmt":"2022-11-10T15:15:37","guid":{"rendered":"https:\/\/sites.uel.br\/cce\/?page_id=1542"},"modified":"2022-11-10T12:24:50","modified_gmt":"2022-11-10T15:24:50","slug":"tutoriais-em-video-wordpress","status":"publish","type":"page","link":"https:\/\/sites.uel.br\/cce\/tutoriais-em-video-wordpress\/","title":{"rendered":"Tutoriais em V\u00eddeo &#8211; WordPress"},"content":{"rendered":"\n<p class=\"has-white-color has-text-color\">..<\/p>\n\n\n\n<p>01 &#8211; Como acessar o Painel de Controle<\/p>\n\n\n\n<figure class=\"wp-block-embed is-type-video is-provider-youtube wp-block-embed-youtube wp-embed-aspect-16-9 wp-has-aspect-ratio\"><div class=\"wp-block-embed__wrapper\">\n<iframe loading=\"lazy\" title=\"01 - Como acessar o Painel de Controle\" width=\"500\" height=\"281\" src=\"https:\/\/www.youtube.com\/embed\/CrhZ1tXVkZI?feature=oembed\" frameborder=\"0\" allow=\"accelerometer; autoplay; clipboard-write; encrypted-media; gyroscope; picture-in-picture; web-share\" referrerpolicy=\"strict-origin-when-cross-origin\" allowfullscreen><\/iframe>\n<\/div><\/figure>\n\n\n\n<p class=\"has-white-color has-text-color\"> ..<\/p>\n\n\n\n<p>02 &#8211; Como editar, de modo b\u00e1sico, texto e foto nas p\u00e1ginas<\/p>\n\n\n\n<figure class=\"wp-block-embed is-type-video is-provider-youtube wp-block-embed-youtube wp-embed-aspect-16-9 wp-has-aspect-ratio\"><div class=\"wp-block-embed__wrapper\">\n<iframe loading=\"lazy\" title=\"02 - Como editar, de modo b\u00e1sico, texto e foto nas p\u00e1ginas\" width=\"500\" height=\"281\" src=\"https:\/\/www.youtube.com\/embed\/cmXN0o5vv2c?feature=oembed\" frameborder=\"0\" allow=\"accelerometer; autoplay; clipboard-write; encrypted-media; gyroscope; picture-in-picture; web-share\" referrerpolicy=\"strict-origin-when-cross-origin\" allowfullscreen><\/iframe>\n<\/div><\/figure>\n\n\n\n<p class=\"has-white-color has-text-color\">..<\/p>\n\n\n\n<p>03 &#8211; Como editar imagens no interior de colunas<\/p>\n\n\n\n<figure class=\"wp-block-embed is-type-video is-provider-youtube wp-block-embed-youtube wp-embed-aspect-16-9 wp-has-aspect-ratio\"><div class=\"wp-block-embed__wrapper\">\n<iframe loading=\"lazy\" title=\"03 - Como editar imagens no interior de colunas\" width=\"500\" height=\"281\" src=\"https:\/\/www.youtube.com\/embed\/vZJ5p4KktGg?feature=oembed\" frameborder=\"0\" allow=\"accelerometer; autoplay; clipboard-write; encrypted-media; gyroscope; picture-in-picture; web-share\" referrerpolicy=\"strict-origin-when-cross-origin\" allowfullscreen><\/iframe>\n<\/div><\/figure>\n\n\n\n<p class=\"has-white-color has-text-color\">..<\/p>\n\n\n\n<p>04 &#8211; Elementos que podem ser inseridos na p\u00e1gina: arquivos, v\u00eddeos e t\u00edtulos.<\/p>\n\n\n\n<figure class=\"wp-block-embed is-type-video is-provider-youtube wp-block-embed-youtube wp-embed-aspect-16-9 wp-has-aspect-ratio\"><div class=\"wp-block-embed__wrapper\">\n<iframe loading=\"lazy\" title=\"04  - Elementos que podem ser inseridos na p\u00e1gina: arquivos, v\u00eddeos e t\u00edtulos\" width=\"500\" height=\"281\" src=\"https:\/\/www.youtube.com\/embed\/e7pJYS3Adcc?feature=oembed\" frameborder=\"0\" allow=\"accelerometer; autoplay; clipboard-write; encrypted-media; gyroscope; picture-in-picture; web-share\" referrerpolicy=\"strict-origin-when-cross-origin\" allowfullscreen><\/iframe>\n<\/div><\/figure>\n\n\n\n<p class=\"has-white-color has-text-color\">..<\/p>\n\n\n\n<p>05 &#8211; Como atualizar Posts e Editais<\/p>\n\n\n\n<figure class=\"wp-block-embed is-type-video is-provider-youtube wp-block-embed-youtube wp-embed-aspect-16-9 wp-has-aspect-ratio\"><div class=\"wp-block-embed__wrapper\">\n<iframe loading=\"lazy\" title=\"05 - Como atualizar Posts e editais\" width=\"500\" height=\"281\" src=\"https:\/\/www.youtube.com\/embed\/829wSGnDgcw?feature=oembed\" frameborder=\"0\" allow=\"accelerometer; autoplay; clipboard-write; encrypted-media; gyroscope; picture-in-picture; web-share\" referrerpolicy=\"strict-origin-when-cross-origin\" allowfullscreen><\/iframe>\n<\/div><\/figure>\n\n\n\n<p class=\"has-white-color has-text-color\">..<\/p>\n\n\n\n<p>06 &#8211; Inserindo Menu e Submenu<\/p>\n\n\n\n<figure class=\"wp-block-embed is-type-video is-provider-youtube wp-block-embed-youtube wp-embed-aspect-16-9 wp-has-aspect-ratio\"><div class=\"wp-block-embed__wrapper\">\n<iframe loading=\"lazy\" title=\"06 - Inserindo Menu e Submenu\" width=\"500\" height=\"281\" src=\"https:\/\/www.youtube.com\/embed\/YgpoHLPEDX4?feature=oembed\" frameborder=\"0\" allow=\"accelerometer; autoplay; clipboard-write; encrypted-media; gyroscope; picture-in-picture; web-share\" referrerpolicy=\"strict-origin-when-cross-origin\" allowfullscreen><\/iframe>\n<\/div><\/figure>\n\n\n\n<p><\/p>\n\n\n\n<p><\/p>\n","protected":false},"excerpt":{"rendered":"<p>.. 01 &#8211; Como acessar o Painel de Controle .. 02 &#8211; Como editar, de modo b\u00e1sico, texto e foto nas p\u00e1ginas .. 03 &#8211; Como editar imagens no interior de colunas .. 04 &#8211; Elementos que podem ser inseridos na p\u00e1gina: arquivos, v\u00eddeos e t\u00edtulos. .. 05 &#8211; Como atualizar Posts e Editais .. [&hellip;]<\/p>\n","protected":false},"author":8,"featured_media":0,"parent":0,"menu_order":0,"comment_status":"closed","ping_status":"closed","template":"","meta":{"footnotes":""},"class_list":["post-1542","page","type-page","status-publish","hentry"],"_links":{"self":[{"href":"https:\/\/sites.uel.br\/cce\/wp-json\/wp\/v2\/pages\/1542","targetHints":{"allow":["GET"]}}],"collection":[{"href":"https:\/\/sites.uel.br\/cce\/wp-json\/wp\/v2\/pages"}],"about":[{"href":"https:\/\/sites.uel.br\/cce\/wp-json\/wp\/v2\/types\/page"}],"author":[{"embeddable":true,"href":"https:\/\/sites.uel.br\/cce\/wp-json\/wp\/v2\/users\/8"}],"replies":[{"embeddable":true,"href":"https:\/\/sites.uel.br\/cce\/wp-json\/wp\/v2\/comments?post=1542"}],"version-history":[{"count":6,"href":"https:\/\/sites.uel.br\/cce\/wp-json\/wp\/v2\/pages\/1542\/revisions"}],"predecessor-version":[{"id":1552,"href":"https:\/\/sites.uel.br\/cce\/wp-json\/wp\/v2\/pages\/1542\/revisions\/1552"}],"wp:attachment":[{"href":"https:\/\/sites.uel.br\/cce\/wp-json\/wp\/v2\/media?parent=1542"}],"curies":[{"name":"wp","href":"https:\/\/api.w.org\/{rel}","templated":true}]}}