{"id":15,"date":"2021-03-29T10:33:53","date_gmt":"2021-03-29T13:33:53","guid":{"rendered":"https:\/\/sites.uel.br\/cce\/?page_id=15"},"modified":"2026-04-15T09:43:05","modified_gmt":"2026-04-15T12:43:05","slug":"direcao","status":"publish","type":"page","link":"https:\/\/sites.uel.br\/cce\/direcao\/","title":{"rendered":"Dire\u00e7\u00e3o"},"content":{"rendered":"\n<hr class=\"wp-block-separator has-css-opacity is-style-wide\" \/>\n\n\n\n<div class=\"wp-block-columns is-layout-flex wp-container-core-columns-is-layout-9d6595d7 wp-block-columns-is-layout-flex\">\n<div class=\"wp-block-column is-layout-flow wp-block-column-is-layout-flow\" style=\"flex-basis:33.33%\">\n<figure class=\"wp-block-image size-large\"><img loading=\"lazy\" decoding=\"async\" width=\"683\" height=\"1024\" src=\"https:\/\/sites.uel.br\/cce\/wp-content\/uploads\/2021\/04\/alan3-683x1024.jpg\" alt=\"\" class=\"wp-image-153\" srcset=\"https:\/\/sites.uel.br\/cce\/wp-content\/uploads\/2021\/04\/alan3-683x1024.jpg 683w, https:\/\/sites.uel.br\/cce\/wp-content\/uploads\/2021\/04\/alan3-200x300.jpg 200w, https:\/\/sites.uel.br\/cce\/wp-content\/uploads\/2021\/04\/alan3-768x1152.jpg 768w, https:\/\/sites.uel.br\/cce\/wp-content\/uploads\/2021\/04\/alan3.jpg 800w\" sizes=\"auto, (max-width: 683px) 100vw, 683px\" \/><\/figure>\n<\/div>\n\n\n\n<div class=\"wp-block-column is-layout-flow wp-block-column-is-layout-flow\" style=\"flex-basis:66.66%\">\n<p><strong>Diretor: Alan Salvany Felinto&nbsp;<\/strong>(alan@uel.br)<\/p>\n\n\n\n<p>Possui gradua\u00e7\u00e3o em Bacharelado Em Ci\u00eancia da Computa\u00e7\u00e3o pela Universidade Federal de S\u00e3o Carlos (1990), mestrado em Ci\u00eancia da Computa\u00e7\u00e3o pela Universidade Federal de S\u00e3o Carlos (1993) e doutorado em F\u00edsica S\u00e3o Carlos pela Universidade de S\u00e3o Paulo (26\/10\/2000). Professor associado C da Universidade Estadual de Londrina (v\u00ednculo a partir de 03\/08\/1993). Atua na \u00e1rea de Ci\u00eancia da Computa\u00e7\u00e3o, com \u00eanfase em Processamento Gr\u00e1fico (Graphics), atuando principalmente nos seguintes temas: Processamento Digital de Imagens e Jogos Digitais. Professor da UEL: Bacharelado em Ci\u00eancia da Computa\u00e7\u00e3o; Mestrado em Ci\u00eancia da computa\u00e7\u00e3o; Especializa\u00e7\u00e3o em an\u00e1lise, projetos e ger\u00eancia de sistemas com \u00eanfase em intelig\u00eancia em neg\u00f3cio; Especializa\u00e7\u00e3o em redes de computadores; Na Gest\u00e3o de 2018 a 2022 est\u00e1 como Vice Diretor do Centro de Ci\u00eancias Exatas \u2013 UEL.<\/p>\n<\/div>\n<\/div>\n\n\n\n<hr class=\"wp-block-separator has-css-opacity is-style-wide\" \/>\n\n\n\n<div class=\"wp-block-columns is-layout-flex wp-container-core-columns-is-layout-9d6595d7 wp-block-columns-is-layout-flex\">\n<div class=\"wp-block-column is-layout-flow wp-block-column-is-layout-flow\" style=\"flex-basis:33.33%\">\n<figure class=\"wp-block-gallery has-nested-images columns-default is-cropped wp-block-gallery-1 is-layout-flex wp-block-gallery-is-layout-flex\">\n<figure class=\"wp-block-image size-full\"><img loading=\"lazy\" decoding=\"async\" width=\"336\" height=\"507\" data-id=\"1313\" src=\"https:\/\/sites.uel.br\/cce\/wp-content\/uploads\/2022\/03\/silvano-CCE.jpg\" alt=\"\" class=\"wp-image-1313\" srcset=\"https:\/\/sites.uel.br\/cce\/wp-content\/uploads\/2022\/03\/silvano-CCE.jpg 336w, https:\/\/sites.uel.br\/cce\/wp-content\/uploads\/2022\/03\/silvano-CCE-199x300.jpg 199w\" sizes=\"auto, (max-width: 336px) 100vw, 336px\" \/><\/figure>\n<\/figure>\n<\/div>\n\n\n\n<div class=\"wp-block-column is-layout-flow wp-block-column-is-layout-flow\" style=\"flex-basis:66.66%\">\n<p><\/p>\n\n\n\n<p><strong>Vice-Diretor: Silvano Cesar da Costa&nbsp;<\/strong>(silvano@uel.br)<\/p>\n\n\n\n<p>Possui gradua\u00e7\u00e3o em Licenciatura em Matem\u00e1tica pela Universidade Estadual de Londrina (1989), mestrado em Agronomia (Estat\u00edstica e Experimenta\u00e7\u00e3o Agron\u00f4mica) pela Universidade de S\u00e3o Paulo (1997) e doutorado em Agronomia (Estat\u00edstica e Experimenta\u00e7\u00e3o Agron\u00f4mica) pela Universidade de S\u00e3o Paulo (2003). Atualmente \u00e9 professor da Universidade Estadual de Londrina. Tem experi\u00eancia na \u00e1rea de Probabilidade e Estat\u00edstica, com \u00eanfase em An\u00e1lise de Dados, atuando principalmente nos seguintes temas: modelos lineares generalizados, modelos lineares generalizados mistos, efeitos aleat\u00f3rios e an\u00e1lise de dados longitudinais. Possui conhecimento dos softwares: R, Epi Data, SAS, Latex.<\/p>\n<\/div>\n<\/div>\n","protected":false},"excerpt":{"rendered":"<p>Diretor: Alan Salvany Felinto&nbsp;(alan@uel.br) Possui gradua\u00e7\u00e3o em Bacharelado Em Ci\u00eancia da Computa\u00e7\u00e3o pela Universidade Federal de S\u00e3o Carlos (1990), mestrado em Ci\u00eancia da Computa\u00e7\u00e3o pela Universidade Federal de S\u00e3o Carlos (1993) e doutorado em F\u00edsica S\u00e3o Carlos pela Universidade de S\u00e3o Paulo (26\/10\/2000). Professor associado C da Universidade Estadual de Londrina (v\u00ednculo a partir de [&hellip;]<\/p>\n","protected":false},"author":7,"featured_media":0,"parent":0,"menu_order":0,"comment_status":"closed","ping_status":"closed","template":"","meta":{"footnotes":""},"class_list":["post-15","page","type-page","status-publish","hentry"],"_links":{"self":[{"href":"https:\/\/sites.uel.br\/cce\/wp-json\/wp\/v2\/pages\/15","targetHints":{"allow":["GET"]}}],"collection":[{"href":"https:\/\/sites.uel.br\/cce\/wp-json\/wp\/v2\/pages"}],"about":[{"href":"https:\/\/sites.uel.br\/cce\/wp-json\/wp\/v2\/types\/page"}],"author":[{"embeddable":true,"href":"https:\/\/sites.uel.br\/cce\/wp-json\/wp\/v2\/users\/7"}],"replies":[{"embeddable":true,"href":"https:\/\/sites.uel.br\/cce\/wp-json\/wp\/v2\/comments?post=15"}],"version-history":[{"count":21,"href":"https:\/\/sites.uel.br\/cce\/wp-json\/wp\/v2\/pages\/15\/revisions"}],"predecessor-version":[{"id":1761,"href":"https:\/\/sites.uel.br\/cce\/wp-json\/wp\/v2\/pages\/15\/revisions\/1761"}],"wp:attachment":[{"href":"https:\/\/sites.uel.br\/cce\/wp-json\/wp\/v2\/media?parent=15"}],"curies":[{"name":"wp","href":"https:\/\/api.w.org\/{rel}","templated":true}]}}