{"id":14,"date":"2021-03-29T10:33:53","date_gmt":"2021-03-29T13:33:53","guid":{"rendered":"https:\/\/sites.uel.br\/cce\/?page_id=14"},"modified":"2021-05-17T11:05:59","modified_gmt":"2021-05-17T14:05:59","slug":"apresentacao","status":"publish","type":"page","link":"https:\/\/sites.uel.br\/cce\/apresentacao\/","title":{"rendered":"Apresenta\u00e7\u00e3o"},"content":{"rendered":"\n<p><span class=\"has-inline-color has-white-color\"> .<\/span><\/p>\n\n\n\n<figure class=\"wp-block-image size-large\"><img loading=\"lazy\" decoding=\"async\" width=\"1024\" height=\"385\" src=\"https:\/\/sites.uel.br\/cce\/wp-content\/uploads\/2021\/04\/CCEFoto1-1024x385.jpg\" alt=\"\" class=\"wp-image-298\" srcset=\"https:\/\/sites.uel.br\/cce\/wp-content\/uploads\/2021\/04\/CCEFoto1-1024x385.jpg 1024w, https:\/\/sites.uel.br\/cce\/wp-content\/uploads\/2021\/04\/CCEFoto1-300x113.jpg 300w, https:\/\/sites.uel.br\/cce\/wp-content\/uploads\/2021\/04\/CCEFoto1-768x289.jpg 768w, https:\/\/sites.uel.br\/cce\/wp-content\/uploads\/2021\/04\/CCEFoto1-1536x578.jpg 1536w, https:\/\/sites.uel.br\/cce\/wp-content\/uploads\/2021\/04\/CCEFoto1-2048x771.jpg 2048w\" sizes=\"auto, (max-width: 1024px) 100vw, 1024px\" \/><\/figure>\n\n\n\n<p><span class=\"has-inline-color has-white-color\">.<\/span><\/p>\n\n\n\n<p><\/p>\n\n\n\n<p><strong>Hist\u00f3rico<\/strong><\/p>\n\n\n\n<p>O Centro de Ci\u00eancias Exatas (CCE) foi fundado em 1972, juntamente com a UEL. Inicialmente era constitu\u00eddo pelos Departamentos de Matem\u00e1tica e Ci\u00eancias, oriundos da antiga Faculdade de Filosofia, Ci\u00eancias e Letras de Londrina e por docentes das \u00e1reas de Qu\u00edmica, Bioqu\u00edmica e de Tecnologia de Alimentos da antiga Faculdade de Medicina do Norte do Paran\u00e1, que formaram o Departamento de Qu\u00edmica.<\/p>\n\n\n\n<p>Existiam na \u00e9poca, ent\u00e3o, os Departamentos de Matem\u00e1tica, F\u00edsica, Tecnologia e Qu\u00edmica. Agregou-se a eles, mais tarde, o Departamento de Tecnologia que logo ap\u00f3s transformar-se-ia em Departamento de Engenharia Civil mudando-se, posteriormente, para Centro de Tecnologia e Urbanismo (CTU).<\/p>\n\n\n\n<p>Do Departamento de Qu\u00edmica, em 1978, surgiu o Departamento de Tecnologia de Alimentos, que atualmente est\u00e1 lotado no Centro de Ci\u00eancias Agr\u00e1rias e me 1991, o Departamento de Bioqu\u00edmica.<\/p>\n\n\n\n<p>Em 1973 incorporou-se ao CCE, o Departamento de Geoci\u00eancias, oriundo do Centro de Ci\u00eancias Humanas (CCH). Com o passar dos anos, em 1983, o Departamento de Matem\u00e1tica gerou o Departamento de Matem\u00e1tica Aplicada, que em 2006 passou a denominar-se Departamento de Estat\u00edstica. Do Departamento de Matem\u00e1tica Aplicada, em 1995, com a cria\u00e7\u00e3o do Curso de Ci\u00eancia da Computa\u00e7\u00e3o, foi criado o Departamento de Computa\u00e7\u00e3o, completando assim a atual estrutura do CCE, com os Departamentos de Bioqu\u00edmica e Biotecnologia, Computa\u00e7\u00e3o, Estat\u00edstica,  F\u00edsica, Geoci\u00eancias, Matem\u00e1tica e Qu\u00edmica.<\/p>\n\n\n\n<figure class=\"wp-block-gallery columns-3 is-cropped wp-block-gallery-1 is-layout-flex wp-block-gallery-is-layout-flex\"><ul class=\"blocks-gallery-grid\"><li class=\"blocks-gallery-item\"><figure><img loading=\"lazy\" decoding=\"async\" width=\"1024\" height=\"698\" src=\"https:\/\/sites.uel.br\/cce\/wp-content\/uploads\/2021\/05\/01-Ipolon-1-1024x698.jpeg\" alt=\"\" data-id=\"586\" data-full-url=\"https:\/\/sites.uel.br\/cce\/wp-content\/uploads\/2021\/05\/01-Ipolon-1.jpeg\" data-link=\"https:\/\/sites.uel.br\/cce\/apresentacao\/attachment\/01-ipolon-1\/\" class=\"wp-image-586\" srcset=\"https:\/\/sites.uel.br\/cce\/wp-content\/uploads\/2021\/05\/01-Ipolon-1-1024x698.jpeg 1024w, https:\/\/sites.uel.br\/cce\/wp-content\/uploads\/2021\/05\/01-Ipolon-1-300x204.jpeg 300w, https:\/\/sites.uel.br\/cce\/wp-content\/uploads\/2021\/05\/01-Ipolon-1-768x523.jpeg 768w, https:\/\/sites.uel.br\/cce\/wp-content\/uploads\/2021\/05\/01-Ipolon-1.jpeg 1280w\" sizes=\"auto, (max-width: 1024px) 100vw, 1024px\" \/><figcaption class=\"blocks-gallery-item__caption\">IPOLON no CCE<\/figcaption><\/figure><\/li><li class=\"blocks-gallery-item\"><figure><img loading=\"lazy\" decoding=\"async\" width=\"1024\" height=\"696\" src=\"https:\/\/sites.uel.br\/cce\/wp-content\/uploads\/2021\/05\/02-Construcao-1024x696.jpeg\" alt=\"\" data-id=\"587\" data-full-url=\"https:\/\/sites.uel.br\/cce\/wp-content\/uploads\/2021\/05\/02-Construcao.jpeg\" data-link=\"https:\/\/sites.uel.br\/cce\/apresentacao\/attachment\/02-construcao\/\" class=\"wp-image-587\" srcset=\"https:\/\/sites.uel.br\/cce\/wp-content\/uploads\/2021\/05\/02-Construcao-1024x696.jpeg 1024w, https:\/\/sites.uel.br\/cce\/wp-content\/uploads\/2021\/05\/02-Construcao-300x204.jpeg 300w, https:\/\/sites.uel.br\/cce\/wp-content\/uploads\/2021\/05\/02-Construcao-768x522.jpeg 768w, https:\/\/sites.uel.br\/cce\/wp-content\/uploads\/2021\/05\/02-Construcao.jpeg 1280w\" sizes=\"auto, (max-width: 1024px) 100vw, 1024px\" \/><figcaption class=\"blocks-gallery-item__caption\">Constru\u00e7\u00e3o do CCE<\/figcaption><\/figure><\/li><li class=\"blocks-gallery-item\"><figure><img loading=\"lazy\" decoding=\"async\" width=\"1024\" height=\"707\" src=\"https:\/\/sites.uel.br\/cce\/wp-content\/uploads\/2021\/05\/03-Construcao02-1024x707.jpeg\" alt=\"\" data-id=\"588\" data-full-url=\"https:\/\/sites.uel.br\/cce\/wp-content\/uploads\/2021\/05\/03-Construcao02.jpeg\" data-link=\"https:\/\/sites.uel.br\/cce\/apresentacao\/attachment\/03-construcao02\/\" class=\"wp-image-588\" srcset=\"https:\/\/sites.uel.br\/cce\/wp-content\/uploads\/2021\/05\/03-Construcao02-1024x707.jpeg 1024w, https:\/\/sites.uel.br\/cce\/wp-content\/uploads\/2021\/05\/03-Construcao02-300x207.jpeg 300w, https:\/\/sites.uel.br\/cce\/wp-content\/uploads\/2021\/05\/03-Construcao02-768x530.jpeg 768w, https:\/\/sites.uel.br\/cce\/wp-content\/uploads\/2021\/05\/03-Construcao02.jpeg 1280w\" sizes=\"auto, (max-width: 1024px) 100vw, 1024px\" \/><figcaption class=\"blocks-gallery-item__caption\">Constru\u00e7\u00e3o do CCE &#8211; outro \u00e2ngulo<\/figcaption><\/figure><\/li><li class=\"blocks-gallery-item\"><figure><img loading=\"lazy\" decoding=\"async\" width=\"1024\" height=\"646\" src=\"https:\/\/sites.uel.br\/cce\/wp-content\/uploads\/2021\/05\/04-Saladeaula-1024x646.jpeg\" alt=\"\" data-id=\"589\" data-full-url=\"https:\/\/sites.uel.br\/cce\/wp-content\/uploads\/2021\/05\/04-Saladeaula.jpeg\" data-link=\"https:\/\/sites.uel.br\/cce\/apresentacao\/attachment\/04-saladeaula\/\" class=\"wp-image-589\" srcset=\"https:\/\/sites.uel.br\/cce\/wp-content\/uploads\/2021\/05\/04-Saladeaula-1024x646.jpeg 1024w, https:\/\/sites.uel.br\/cce\/wp-content\/uploads\/2021\/05\/04-Saladeaula-300x189.jpeg 300w, https:\/\/sites.uel.br\/cce\/wp-content\/uploads\/2021\/05\/04-Saladeaula-768x484.jpeg 768w, https:\/\/sites.uel.br\/cce\/wp-content\/uploads\/2021\/05\/04-Saladeaula.jpeg 1253w\" sizes=\"auto, (max-width: 1024px) 100vw, 1024px\" \/><figcaption class=\"blocks-gallery-item__caption\">Sala de Aula<\/figcaption><\/figure><\/li><li class=\"blocks-gallery-item\"><figure><img loading=\"lazy\" decoding=\"async\" width=\"1024\" height=\"653\" src=\"https:\/\/sites.uel.br\/cce\/wp-content\/uploads\/2021\/05\/06-Saladeaula02-1024x653.jpeg\" alt=\"\" data-id=\"591\" data-full-url=\"https:\/\/sites.uel.br\/cce\/wp-content\/uploads\/2021\/05\/06-Saladeaula02.jpeg\" data-link=\"https:\/\/sites.uel.br\/cce\/apresentacao\/attachment\/06-saladeaula02\/\" class=\"wp-image-591\" srcset=\"https:\/\/sites.uel.br\/cce\/wp-content\/uploads\/2021\/05\/06-Saladeaula02-1024x653.jpeg 1024w, https:\/\/sites.uel.br\/cce\/wp-content\/uploads\/2021\/05\/06-Saladeaula02-300x191.jpeg 300w, https:\/\/sites.uel.br\/cce\/wp-content\/uploads\/2021\/05\/06-Saladeaula02-768x490.jpeg 768w, https:\/\/sites.uel.br\/cce\/wp-content\/uploads\/2021\/05\/06-Saladeaula02.jpeg 1280w\" sizes=\"auto, (max-width: 1024px) 100vw, 1024px\" \/><figcaption class=\"blocks-gallery-item__caption\">Sala de Aula<\/figcaption><\/figure><\/li><li class=\"blocks-gallery-item\"><figure><img loading=\"lazy\" decoding=\"async\" width=\"1024\" height=\"689\" src=\"https:\/\/sites.uel.br\/cce\/wp-content\/uploads\/2021\/05\/05-Secretaria-1024x689.jpeg\" alt=\"\" data-id=\"590\" data-full-url=\"https:\/\/sites.uel.br\/cce\/wp-content\/uploads\/2021\/05\/05-Secretaria.jpeg\" data-link=\"https:\/\/sites.uel.br\/cce\/apresentacao\/attachment\/05-secretaria\/\" class=\"wp-image-590\" srcset=\"https:\/\/sites.uel.br\/cce\/wp-content\/uploads\/2021\/05\/05-Secretaria-1024x689.jpeg 1024w, https:\/\/sites.uel.br\/cce\/wp-content\/uploads\/2021\/05\/05-Secretaria-300x202.jpeg 300w, https:\/\/sites.uel.br\/cce\/wp-content\/uploads\/2021\/05\/05-Secretaria-768x517.jpeg 768w, https:\/\/sites.uel.br\/cce\/wp-content\/uploads\/2021\/05\/05-Secretaria.jpeg 1280w\" sizes=\"auto, (max-width: 1024px) 100vw, 1024px\" \/><figcaption class=\"blocks-gallery-item__caption\">Secretaria do CCE<\/figcaption><\/figure><\/li><\/ul><\/figure>\n\n\n\n<p><span class=\"has-inline-color has-white-color\">.<\/span><\/p>\n\n\n\n<p><strong>Miss\u00e3o<\/strong><\/p>\n\n\n\n<p>A miss\u00e3o do CCE envolve n\u00e3o s\u00f3 busca pela forma\u00e7\u00e3o de excel\u00eancia em suas \u00e1reas de conhecimento em todos os n\u00edveis (gradua\u00e7\u00e3o e p\u00f3s-gradua\u00e7\u00e3o), mas tamb\u00e9m gerar respostas \u00e0s novas demandas da sociedade do setor produtivo, contribuindo significativamente para o desenvolvimento cient\u00edfico e tecnol\u00f3gico de nossa regi\u00e3o e de nosso pa\u00eds, atrav\u00e9s do ensino, pesquisa, extens\u00e3o e p\u00f3s-gradua\u00e7\u00e3o Stricto e Lato Sensu. Desenvolver de forma integrada o ensino, a pesquisa e a extens\u00e3o nas \u00e1reas de Bioqu\u00edmica e Biotecnologia, Computa\u00e7\u00e3o, Estat\u00edstica, F\u00edsica,  Geoci\u00eancias, Matem\u00e1tica e Qu\u00edmica.<\/p>\n\n\n\n<p><span class=\"has-inline-color has-white-color\">.<\/span><\/p>\n\n\n\n<p><\/p>\n\n\n\n<p><strong>CCE em N\u00fameros<\/strong><\/p>\n\n\n\n<p>O Centro de Ci\u00eancias Exatas (CCE) tem atualmente 198 docentes, dos quais 145 s\u00e3o efetivos e 53 s\u00e3o tempor\u00e1rios, via Processo Seletivo Simplificado (PSS), e 45 funcion\u00e1rios t\u00e9cnico-administrativos. O CCE atende cerca de 21.600 alunos de diversos cursos de gradua\u00e7\u00e3o e p\u00f3s-gradua\u00e7\u00e3o da UEL matriculados nas diferentes disciplinas e turmas.<\/p>\n","protected":false},"excerpt":{"rendered":"<p>. . Hist\u00f3rico O Centro de Ci\u00eancias Exatas (CCE) foi fundado em 1972, juntamente com a UEL. Inicialmente era constitu\u00eddo pelos Departamentos de Matem\u00e1tica e Ci\u00eancias, oriundos da antiga Faculdade de Filosofia, Ci\u00eancias e Letras de Londrina e por docentes das \u00e1reas de Qu\u00edmica, Bioqu\u00edmica e de Tecnologia de Alimentos da antiga Faculdade de Medicina [&hellip;]<\/p>\n","protected":false},"author":7,"featured_media":0,"parent":0,"menu_order":0,"comment_status":"closed","ping_status":"closed","template":"","meta":{"footnotes":""},"class_list":["post-14","page","type-page","status-publish","hentry"],"_links":{"self":[{"href":"https:\/\/sites.uel.br\/cce\/wp-json\/wp\/v2\/pages\/14","targetHints":{"allow":["GET"]}}],"collection":[{"href":"https:\/\/sites.uel.br\/cce\/wp-json\/wp\/v2\/pages"}],"about":[{"href":"https:\/\/sites.uel.br\/cce\/wp-json\/wp\/v2\/types\/page"}],"author":[{"embeddable":true,"href":"https:\/\/sites.uel.br\/cce\/wp-json\/wp\/v2\/users\/7"}],"replies":[{"embeddable":true,"href":"https:\/\/sites.uel.br\/cce\/wp-json\/wp\/v2\/comments?post=14"}],"version-history":[{"count":53,"href":"https:\/\/sites.uel.br\/cce\/wp-json\/wp\/v2\/pages\/14\/revisions"}],"predecessor-version":[{"id":1556,"href":"https:\/\/sites.uel.br\/cce\/wp-json\/wp\/v2\/pages\/14\/revisions\/1556"}],"wp:attachment":[{"href":"https:\/\/sites.uel.br\/cce\/wp-json\/wp\/v2\/media?parent=14"}],"curies":[{"name":"wp","href":"https:\/\/api.w.org\/{rel}","templated":true}]}}