{"id":1013,"date":"2021-07-29T22:57:41","date_gmt":"2021-07-30T01:57:41","guid":{"rendered":"https:\/\/sites.uel.br\/cce\/?page_id=1013"},"modified":"2021-07-30T15:17:30","modified_gmt":"2021-07-30T18:17:30","slug":"recepcao-aos-ingressantes-do-cce-2021","status":"publish","type":"page","link":"https:\/\/sites.uel.br\/cce\/recepcao-aos-ingressantes-do-cce-2021\/","title":{"rendered":"Recep\u00e7\u00e3o aos Ingressantes do CCE 2021"},"content":{"rendered":"<p><\/p>\n<p><strong>Recep\u00e7\u00e3o aos Ingressantes &#8211; MANH\u00c3<\/strong><\/p>\n\n\n<figure class=\"wp-block-image size-full\"><a href=\"https:\/\/www.youtube.com\/watch?v=S0jvCFNnO7M\"><img loading=\"lazy\" decoding=\"async\" width=\"423\" height=\"307\" src=\"https:\/\/sites.uel.br\/cce\/wp-content\/uploads\/2021\/07\/stream-manha01-1.jpg\" alt=\"\" class=\"wp-image-1014\" srcset=\"https:\/\/sites.uel.br\/cce\/wp-content\/uploads\/2021\/07\/stream-manha01-1.jpg 423w, https:\/\/sites.uel.br\/cce\/wp-content\/uploads\/2021\/07\/stream-manha01-1-300x218.jpg 300w\" sizes=\"auto, (max-width: 423px) 100vw, 423px\" \/><\/a><\/figure>\n\n\n<p>\u00a0<\/p>\n<p><strong>Recep\u00e7\u00e3o aos Ingressantes &#8211; NOITE<\/strong><\/p>\n\n\n<figure class=\"wp-block-image size-full\"><a href=\"https:\/\/www.youtube.com\/watch?v=lDpSjdwVOWs\"><img loading=\"lazy\" decoding=\"async\" width=\"425\" height=\"311\" src=\"https:\/\/sites.uel.br\/cce\/wp-content\/uploads\/2021\/07\/stream-noite02-2.jpg\" alt=\"\" class=\"wp-image-1015\" srcset=\"https:\/\/sites.uel.br\/cce\/wp-content\/uploads\/2021\/07\/stream-noite02-2.jpg 425w, https:\/\/sites.uel.br\/cce\/wp-content\/uploads\/2021\/07\/stream-noite02-2-300x220.jpg 300w\" sizes=\"auto, (max-width: 425px) 100vw, 425px\" \/><\/a><\/figure>\n\n\n\n\n\n<p><\/p>\n","protected":false},"excerpt":{"rendered":"<p>Recep\u00e7\u00e3o aos Ingressantes &#8211; MANH\u00c3 \u00a0 Recep\u00e7\u00e3o aos Ingressantes &#8211; NOITE<\/p>\n","protected":false},"author":8,"featured_media":0,"parent":0,"menu_order":0,"comment_status":"closed","ping_status":"closed","template":"","meta":{"footnotes":""},"class_list":["post-1013","page","type-page","status-publish","hentry"],"_links":{"self":[{"href":"https:\/\/sites.uel.br\/cce\/wp-json\/wp\/v2\/pages\/1013","targetHints":{"allow":["GET"]}}],"collection":[{"href":"https:\/\/sites.uel.br\/cce\/wp-json\/wp\/v2\/pages"}],"about":[{"href":"https:\/\/sites.uel.br\/cce\/wp-json\/wp\/v2\/types\/page"}],"author":[{"embeddable":true,"href":"https:\/\/sites.uel.br\/cce\/wp-json\/wp\/v2\/users\/8"}],"replies":[{"embeddable":true,"href":"https:\/\/sites.uel.br\/cce\/wp-json\/wp\/v2\/comments?post=1013"}],"version-history":[{"count":5,"href":"https:\/\/sites.uel.br\/cce\/wp-json\/wp\/v2\/pages\/1013\/revisions"}],"predecessor-version":[{"id":1091,"href":"https:\/\/sites.uel.br\/cce\/wp-json\/wp\/v2\/pages\/1013\/revisions\/1091"}],"wp:attachment":[{"href":"https:\/\/sites.uel.br\/cce\/wp-json\/wp\/v2\/media?parent=1013"}],"curies":[{"name":"wp","href":"https:\/\/api.w.org\/{rel}","templated":true}]}}