{"id":521,"date":"2023-08-09T15:01:39","date_gmt":"2023-08-09T18:01:39","guid":{"rendered":"https:\/\/sites.uel.br\/ccb\/?page_id=521"},"modified":"2026-01-07T11:22:10","modified_gmt":"2026-01-07T14:22:10","slug":"horario-central-de-salas-ccb","status":"publish","type":"page","link":"https:\/\/sites.uel.br\/ccb\/horario-central-de-salas-ccb\/","title":{"rendered":"Hor\u00e1rio Central de Salas &#8211; Centro de Ci\u00eancias Biol\u00f3gicas &#8211; CCB"},"content":{"rendered":"\n<p>Consulte aqui o hor\u00e1rio para o ano letivo 2026 \u2013 1<sup>O<\/sup> semestre \u2013 <a href=\"https:\/\/docs.google.com\/spreadsheets\/d\/1irLqv4lpRYFPoz49WKF91ZDDhfe5JVkA\/edit?rtpof=true&amp;gid=1288334803#gid=1288334803\">Clique aqui!<\/a><\/p>\n\n\n\n<p>Consulte aqui o hor\u00e1rio para o ano letivo 2026 \u2013 2<sup>O<\/sup> semestre \u2013 <a href=\"https:\/\/docs.google.com\/spreadsheets\/d\/1f5elMt-d7jJvpBs2g5jOoni6QYgbaGHt\/edit?gid=983195486#gid=983195486\">Clique aqui!<\/a><\/p>\n\n\n\n<h2 class=\"wp-block-heading\">Informa\u00e7\u00f5es Gerais <\/h2>\n\n\n\n<p>A Central de Salas disp\u00f5e de 16 salas, conforme rela\u00e7\u00e3o abaixo:<\/p>\n\n\n\n<p>\u25cf Sala 261 \u2013 57 cadeiras<br>\u25cf Sala 262 \u2013 56 cadeiras<br>\u25cf Sala 263 \u2013 71 cadeiras<br>\u25cf Sala 264A \u2013 68 cadeiras (ar-condicionado)<br>\u25cf Sala 264B \u2013 56 cadeiras<br>\u25cf Sala 265 \u2013 51 cadeiras<br>\u25cf Sala 266 \u2013 65 cadeiras<br>\u25cf Sala 267 \u2013 86 cadeiras<br>\u25cf Sala 268 \u2013 57 cadeiras<br>\u25cf Sala 269 \u2013 64 cadeiras<br>\u25cf Sala 270 \u2013 58 cadeiras<br>\u25cf Sala 271A \u2013 63 cadeiras (ar-condicionado)<br>\u25cf Sala 271B \u2013 51 cadeiras<br>\u25cf Sala 272 \u2013 52 cadeiras<br>\u25cf Sala 273 \u2013 64 cadeiras<br>\u25cf Sala 274 \u2013 86 cadeiras<\/p>\n","protected":false},"excerpt":{"rendered":"<p>Consulte aqui o hor\u00e1rio para o ano letivo 2026 \u2013 1O semestre \u2013 Clique aqui! Consulte aqui o hor\u00e1rio para o ano letivo 2026 \u2013 2O semestre \u2013 Clique aqui! Informa\u00e7\u00f5es Gerais A Central de Salas disp\u00f5e de 16 salas, conforme rela\u00e7\u00e3o abaixo: \u25cf Sala 261 \u2013 57 cadeiras\u25cf Sala 262 \u2013 56 cadeiras\u25cf Sala [&hellip;]<\/p>\n","protected":false},"author":12,"featured_media":0,"parent":0,"menu_order":0,"comment_status":"closed","ping_status":"closed","template":"","meta":{"footnotes":""},"class_list":["post-521","page","type-page","status-publish","hentry"],"_links":{"self":[{"href":"https:\/\/sites.uel.br\/ccb\/wp-json\/wp\/v2\/pages\/521","targetHints":{"allow":["GET"]}}],"collection":[{"href":"https:\/\/sites.uel.br\/ccb\/wp-json\/wp\/v2\/pages"}],"about":[{"href":"https:\/\/sites.uel.br\/ccb\/wp-json\/wp\/v2\/types\/page"}],"author":[{"embeddable":true,"href":"https:\/\/sites.uel.br\/ccb\/wp-json\/wp\/v2\/users\/12"}],"replies":[{"embeddable":true,"href":"https:\/\/sites.uel.br\/ccb\/wp-json\/wp\/v2\/comments?post=521"}],"version-history":[{"count":20,"href":"https:\/\/sites.uel.br\/ccb\/wp-json\/wp\/v2\/pages\/521\/revisions"}],"predecessor-version":[{"id":742,"href":"https:\/\/sites.uel.br\/ccb\/wp-json\/wp\/v2\/pages\/521\/revisions\/742"}],"wp:attachment":[{"href":"https:\/\/sites.uel.br\/ccb\/wp-json\/wp\/v2\/media?parent=521"}],"curies":[{"name":"wp","href":"https:\/\/api.w.org\/{rel}","templated":true}]}}